{"id":5406,"date":"2020-10-19T07:02:32","date_gmt":"2020-10-19T07:02:32","guid":{"rendered":"http:\/\/kiddy.cws.net\/?page_id=5406"},"modified":"2023-02-15T13:14:01","modified_gmt":"2023-02-15T13:14:01","slug":"about-us","status":"publish","type":"page","link":"https:\/\/www.5zssumperk.cz\/index.php\/about-us\/","title":{"rendered":"O n\u00e1s"},"content":{"rendered":"\t\t<div data-elementor-type=\"wp-page\" data-elementor-id=\"5406\" class=\"elementor elementor-5406\">\n\t\t\t\t\t\t<div class=\"elementor-inner\">\n\t\t\t\t<div class=\"elementor-section-wrap\">\n\t\t\t\t\t\t\t\t\t<section class=\"elementor-section elementor-top-section elementor-element elementor-element-f5449e2 elementor-section-boxed elementor-section-height-default elementor-section-height-default elementor-invisible\" data-id=\"f5449e2\" data-element_type=\"section\" data-settings=\"{&quot;animation&quot;:&quot;fadeInUp&quot;}\">\n\t\t\t\t\t\t<div class=\"elementor-container elementor-column-gap-extended\">\n\t\t\t\t\t\t\t<div class=\"elementor-row\">\n\t\t\t\t\t<div class=\"elementor-column elementor-col-50 elementor-top-column elementor-element elementor-element-c823467\" data-id=\"c823467\" data-element_type=\"column\">\n\t\t\t<div class=\"elementor-column-wrap elementor-element-populated\">\n\t\t\t\t\t\t\t<div class=\"elementor-widget-wrap\">\n\t\t\t\t\t\t<div class=\"elementor-element elementor-element-6966f64 elementor-widget elementor-widget-cws_heading\" data-id=\"6966f64\" data-element_type=\"widget\" data-widget_type=\"cws_heading.default\">\n\t\t\t\t<div class=\"elementor-widget-container\">\n\t\t\t<h3 class=\"ce_title heading\"><div>Kdo jsme<\/div><\/h3>\t\t<\/div>\n\t\t\t\t<\/div>\n\t\t\t\t<div class=\"elementor-element elementor-element-9c1188c elementor-widget elementor-widget-text-editor\" data-id=\"9c1188c\" data-element_type=\"widget\" data-widget_type=\"text-editor.default\">\n\t\t\t\t<div class=\"elementor-widget-container\">\n\t\t\t<style>\/*! elementor - v3.8.1 - 13-11-2022 *\/\n.elementor-widget-text-editor.elementor-drop-cap-view-stacked .elementor-drop-cap{background-color:#818a91;color:#fff}.elementor-widget-text-editor.elementor-drop-cap-view-framed .elementor-drop-cap{color:#818a91;border:3px solid;background-color:transparent}.elementor-widget-text-editor:not(.elementor-drop-cap-view-default) .elementor-drop-cap{margin-top:8px}.elementor-widget-text-editor:not(.elementor-drop-cap-view-default) .elementor-drop-cap-letter{width:1em;height:1em}.elementor-widget-text-editor .elementor-drop-cap{float:left;text-align:center;line-height:1;font-size:50px}.elementor-widget-text-editor .elementor-drop-cap-letter{display:inline-block}<\/style>\t\t\t\t\t<div class=\"elementor-text-editor elementor-clearfix\">\n\t\t\t\t<p><a href=\"http:\/\/www.5zssumperk.cz.uvirt111.active24.cz\/wp-content\/uploads\/2021\/08\/IMG_0422.jpg\"><img decoding=\"async\" loading=\"lazy\" class=\"alignleft wp-image-6932\" src=\"http:\/\/www.5zssumperk.cz.uvirt111.active24.cz\/wp-content\/uploads\/2021\/08\/IMG_0422-300x300.jpg\" alt=\"\" width=\"142\" height=\"142\" srcset=\"https:\/\/www.5zssumperk.cz\/wp-content\/uploads\/2021\/08\/IMG_0422-300x300.jpg 300w, https:\/\/www.5zssumperk.cz\/wp-content\/uploads\/2021\/08\/IMG_0422-1024x1024.jpg 1024w, https:\/\/www.5zssumperk.cz\/wp-content\/uploads\/2021\/08\/IMG_0422-150x150.jpg 150w, https:\/\/www.5zssumperk.cz\/wp-content\/uploads\/2021\/08\/IMG_0422-1536x1536.jpg 1536w, https:\/\/www.5zssumperk.cz\/wp-content\/uploads\/2021\/08\/IMG_0422-2048x2048.jpg 2048w, https:\/\/www.5zssumperk.cz\/wp-content\/uploads\/2021\/08\/IMG_0422-100x100.jpg 100w\" sizes=\"(max-width: 142px) 100vw, 142px\" \/><\/a>Na\u0161e z\u00e1kladn\u00ed \u0161kola se zam\u011b\u0159uje na v\u00fduku v\u00fdpo\u010detn\u00ed techniky. Tak\u00e9 u n\u00e1s podporujeme v\u00fduku jazyk\u016f ji\u017e od 1. t\u0159\u00eddy.\u00a0<\/p><p>Jsme zapojeni do mnoha projekt\u016f, kter\u00e9 umo\u017e\u0148uj\u00ed \u017e\u00e1k\u016fm p\u0159\u00edstup k modern\u00edm technologi\u00edm, ale tak\u00e9 nap\u0159. zdarma vycestovat do zahrani\u010d\u00ed na jazykov\u00e9 pobyty.<\/p>\t\t\t\t\t<\/div>\n\t\t\t\t\t\t<\/div>\n\t\t\t\t<\/div>\n\t\t\t\t<div class=\"elementor-element elementor-element-c089016 elementor-list-item-link-full_width elementor-widget elementor-widget-icon-list\" data-id=\"c089016\" data-element_type=\"widget\" data-widget_type=\"icon-list.default\">\n\t\t\t\t<div class=\"elementor-widget-container\">\n\t\t\t<link rel=\"stylesheet\" href=\"http:\/\/www.5zssumperk.cz.uvirt111.active24.cz\/wp-content\/plugins\/elementor\/assets\/css\/widget-icon-list.min.css\">\t\t<ul class=\"elementor-icon-list-items\">\n\t\t\t\t\t\t\t<li class=\"elementor-icon-list-item\">\n\t\t\t\t\t\t\t\t\t\t\t<span class=\"elementor-icon-list-icon\">\n\t\t\t\t\t\t\t<i aria-hidden=\"true\" class=\"fas fa-check\"><\/i>\t\t\t\t\t\t<\/span>\n\t\t\t\t\t\t\t\t\t\t<span class=\"elementor-icon-list-text\">Spolupr\u00e1ce u\u010ditele, \u017e\u00e1ka a rodiny je na prvn\u00edm m\u00edst\u011b. <\/span>\n\t\t\t\t\t\t\t\t\t<\/li>\n\t\t\t\t\t\t\t\t<li class=\"elementor-icon-list-item\">\n\t\t\t\t\t\t\t\t\t\t\t<span class=\"elementor-icon-list-icon\">\n\t\t\t\t\t\t\t<i aria-hidden=\"true\" class=\"fas fa-check\"><\/i>\t\t\t\t\t\t<\/span>\n\t\t\t\t\t\t\t\t\t\t<span class=\"elementor-icon-list-text\">Jazykov\u00e9 dovednosti zdokonalujeme v mnoha zahrani\u010dn\u00edch projektech v r\u00e1mci EU.<\/span>\n\t\t\t\t\t\t\t\t\t<\/li>\n\t\t\t\t\t\t\t\t<li class=\"elementor-icon-list-item\">\n\t\t\t\t\t\t\t\t\t\t\t<span class=\"elementor-icon-list-icon\">\n\t\t\t\t\t\t\t<i aria-hidden=\"true\" class=\"fas fa-check\"><\/i>\t\t\t\t\t\t<\/span>\n\t\t\t\t\t\t\t\t\t\t<span class=\"elementor-icon-list-text\">Zam\u011b\u0159ujeme se na v\u00fduku modern\u00edch technologi\u00ed, kter\u00e9 aplikujeme do v\u011bt\u0161iny na\u0161ich p\u0159edm\u011bt\u016f. <\/span>\n\t\t\t\t\t\t\t\t\t<\/li>\n\t\t\t\t\t\t<\/ul>\n\t\t\t\t<\/div>\n\t\t\t\t<\/div>\n\t\t\t\t\t\t<\/div>\n\t\t\t\t\t<\/div>\n\t\t<\/div>\n\t\t\t\t<div class=\"elementor-column elementor-col-50 elementor-top-column elementor-element elementor-element-6591aab\" data-id=\"6591aab\" data-element_type=\"column\">\n\t\t\t<div class=\"elementor-column-wrap elementor-element-populated\">\n\t\t\t\t\t\t\t<div class=\"elementor-widget-wrap\">\n\t\t\t\t\t\t<div class=\"elementor-element elementor-element-9d89b46 elementor-widget elementor-widget-cws_heading\" data-id=\"9d89b46\" data-element_type=\"widget\" data-widget_type=\"cws_heading.default\">\n\t\t\t\t<div class=\"elementor-widget-container\">\n\t\t\t<h3 class=\"ce_title heading\"><div>Pil\u00ed\u0159e na\u0161\u00ed \u0161koly<\/div><\/h3>\t\t<\/div>\n\t\t\t\t<\/div>\n\t\t\t\t<div class=\"elementor-element elementor-element-3a1f260 elementor-widget elementor-widget-cws_accordion_toggle\" data-id=\"3a1f260\" data-element_type=\"widget\" data-widget_type=\"cws_accordion_toggle.default\">\n\t\t\t\t<div class=\"elementor-widget-container\">\n\t\t\t\n        <div class=\"ce clearfix\">\n            <div class=\"cws_ce_content ce_accordion\">\n                <div class=\"accordion_section active\"><div class=\"accordion_title\"><i class=\"accordion_icon\"><\/i><span>Bezpe\u010dn\u00e9 prost\u0159ed\u00ed<\/span><\/div><div class=\"accordion_content\"><p>P\u0159edev\u0161\u00edm pozitivn\u00ed klima nejen \u0161koly jako celku, ale rovn\u011b\u017e ka\u017ed\u00e9 t\u0159\u00eddy.<\/p><\/div><\/div><div class=\"accordion_section\"><div class=\"accordion_title\"><i class=\"accordion_icon\"><\/i><span>Informa\u010dn\u00ed technologie<\/span><\/div><div class=\"accordion_content\" style=\"display: none;\"><p>Zam\u011b\u0159ujeme se na v\u00fduku modern\u00edch technologi\u00ed.<\/p><\/div><\/div><div class=\"accordion_section\"><div class=\"accordion_title\"><i class=\"accordion_icon\"><\/i><span>Rodinn\u00e9 z\u00e1zem\u00ed<\/span><\/div><div class=\"accordion_content\" style=\"display: none;\"><p>Nejsme anonymn\u00ed \u0161kola. V\u0161ichni se dob\u0159e zn\u00e1me a pom\u00e1h\u00e1me si.<\/p><\/div><\/div><div class=\"accordion_section\"><div class=\"accordion_title\"><i class=\"accordion_icon\"><\/i><span>Jazyky<\/span><\/div><div class=\"accordion_content\" style=\"display: none;\"><p>V\u00fduka anglick\u00e9ho jazyka za\u010d\u00edn\u00e1 ji\u017e od 1. ro\u010dn\u00edku. Rozvoj jazyk\u016f prob\u00edh\u00e1 tak\u00e9 formou mezin\u00e1rodn\u00edch projekt\u016f.<\/p><\/div><\/div><div class=\"accordion_section\"><div class=\"accordion_title\"><i class=\"accordion_icon\"><\/i><span>Mezin\u00e1rodn\u00ed projekty<\/span><\/div><div class=\"accordion_content\" style=\"display: none;\"><p>Dlouhodob\u00e1 realizace mezin\u00e1rodn\u00edch jazykov\u00fdch projekt\u016f pro na\u0161e \u017e\u00e1ky.<\/p><\/div><\/div><div class=\"accordion_section\"><div class=\"accordion_title\"><i class=\"accordion_icon\"><\/i><span>Podpora<\/span><\/div><div class=\"accordion_content\" style=\"display: none;\"><p>D\u011btem, rodi\u010d\u016fm i u\u010ditel\u016fm pom\u00e1h\u00e1 poradensk\u00fd t\u00fdm \u0161koly.<\/p><\/div><\/div>            <\/div>\n        <\/div>\n        \t\t<\/div>\n\t\t\t\t<\/div>\n\t\t\t\t\t\t<\/div>\n\t\t\t\t\t<\/div>\n\t\t<\/div>\n\t\t\t\t\t\t\t\t<\/div>\n\t\t\t\t\t<\/div>\n\t\t<\/section>\n\t\t\t\t<section class=\"elementor-section elementor-top-section elementor-element elementor-element-77a9c8c elementor-section-boxed elementor-section-height-default elementor-section-height-default\" data-id=\"77a9c8c\" data-element_type=\"section\">\n\t\t\t\t\t\t<div class=\"elementor-container elementor-column-gap-default\">\n\t\t\t\t\t\t\t<div class=\"elementor-row\">\n\t\t\t\t\t<div class=\"elementor-column elementor-col-100 elementor-top-column elementor-element elementor-element-4215ae5\" data-id=\"4215ae5\" data-element_type=\"column\">\n\t\t\t<div class=\"elementor-column-wrap elementor-element-populated\">\n\t\t\t\t\t\t\t<div class=\"elementor-widget-wrap\">\n\t\t\t\t\t\t<div class=\"elementor-element elementor-element-535e86c elementor-invisible elementor-widget elementor-widget-cws_callout\" data-id=\"535e86c\" data-element_type=\"widget\" data-settings=\"{&quot;_animation&quot;:&quot;fadeInUp&quot;}\" data-widget_type=\"cws_callout.default\">\n\t\t\t\t<div class=\"elementor-widget-container\">\n\t\t\t<div class=\"ce clearfix\"><div class=\"cws_callout\"><div class=\"content_section\"><div class=\"callout_title\"><div class=\"bees bees-end\"><span><\/span><\/div>Fotogalerie - archiv<\/div><div class=\"separate\"><\/div><div class=\"callout_text\"><p>fotografick\u00fd p\u0159ehled akc\u00ed na\u0161\u00ed \u0161koly<\/p><\/div><\/div><div class=\"button_section\"><a href=\"https:\/\/drive.google.com\/drive\/folders\/0B35MIjdxnmx1QzBrdExlSDJMajA?resourcekey=0--Ufeln8EOD15LcbBS6rvjQ\" class=\"cws_button xlarge\" target=\"_blank\">Vstup<div class=\"button-shadow\"><\/div><\/a><\/div><\/div><\/div>\t\t<\/div>\n\t\t\t\t<\/div>\n\t\t\t\t\t\t<\/div>\n\t\t\t\t\t<\/div>\n\t\t<\/div>\n\t\t\t\t\t\t\t\t<\/div>\n\t\t\t\t\t<\/div>\n\t\t<\/section>\n\t\t\t\t<section class=\"elementor-section elementor-top-section elementor-element elementor-element-432eae9 elementor-section-boxed elementor-section-height-default elementor-section-height-default elementor-invisible\" data-id=\"432eae9\" data-element_type=\"section\" data-settings=\"{&quot;animation&quot;:&quot;fadeInUp&quot;}\">\n\t\t\t\t\t\t<div class=\"elementor-container elementor-column-gap-default\">\n\t\t\t\t\t\t\t<div class=\"elementor-row\">\n\t\t\t\t\t<div class=\"elementor-column elementor-col-25 elementor-top-column elementor-element elementor-element-c278b7f\" data-id=\"c278b7f\" data-element_type=\"column\">\n\t\t\t<div class=\"elementor-column-wrap elementor-element-populated\">\n\t\t\t\t\t\t\t<div class=\"elementor-widget-wrap\">\n\t\t\t\t\t\t<div class=\"elementor-element elementor-element-55d36a0 elementor-widget elementor-widget-cws_icon\" data-id=\"55d36a0\" data-element_type=\"widget\" data-widget_type=\"cws_icon.default\">\n\t\t\t\t<div class=\"elementor-widget-container\">\n\t\t\t<span class=\"cws_fa_wrapper\"><i class=\"cws_fa fa-4x fas fa-trophy\" aria-hidden=\"true\"><\/i><span class=\"ring\"><\/span><\/span>\t\t<\/div>\n\t\t\t\t<\/div>\n\t\t\t\t<div class=\"elementor-element elementor-element-1bc8903 elementor-widget elementor-widget-text-editor\" data-id=\"1bc8903\" data-element_type=\"widget\" data-widget_type=\"text-editor.default\">\n\t\t\t\t<div class=\"elementor-widget-container\">\n\t\t\t\t\t\t\t\t<div class=\"elementor-text-editor elementor-clearfix\">\n\t\t\t\t<p style=\"text-align: center;\"><strong>\u00dasp\u011bchy na\u0161ich \u017e\u00e1k\u016f<\/strong><br \/>mnoho let se na\u0161i \u017e\u00e1ci umis\u0165uj\u00ed na prvn\u00edch m\u00edstech v\u011bdomostn\u00edch i sportovn\u00edch sout\u011b\u017e\u00edch<\/p><h4 style=\"text-align: center;\"><strong><a href=\"\/index.php\/gallery\/\">v\u00edce<\/a><\/strong><\/h4>\t\t\t\t\t<\/div>\n\t\t\t\t\t\t<\/div>\n\t\t\t\t<\/div>\n\t\t\t\t\t\t<\/div>\n\t\t\t\t\t<\/div>\n\t\t<\/div>\n\t\t\t\t<div class=\"elementor-column elementor-col-25 elementor-top-column elementor-element elementor-element-eced18d\" data-id=\"eced18d\" data-element_type=\"column\">\n\t\t\t<div class=\"elementor-column-wrap elementor-element-populated\">\n\t\t\t\t\t\t\t<div class=\"elementor-widget-wrap\">\n\t\t\t\t\t\t<div class=\"elementor-element elementor-element-7d1a81a elementor-widget elementor-widget-cws_icon\" data-id=\"7d1a81a\" data-element_type=\"widget\" data-widget_type=\"cws_icon.default\">\n\t\t\t\t<div class=\"elementor-widget-container\">\n\t\t\t<span class=\"cws_fa_wrapper\"><i class=\"cws_fa fa-4x fas fa-paragraph\" aria-hidden=\"true\"><\/i><span class=\"ring\"><\/span><\/span>\t\t<\/div>\n\t\t\t\t<\/div>\n\t\t\t\t<div class=\"elementor-element elementor-element-ecb83cd elementor-widget elementor-widget-text-editor\" data-id=\"ecb83cd\" data-element_type=\"widget\" data-widget_type=\"text-editor.default\">\n\t\t\t\t<div class=\"elementor-widget-container\">\n\t\t\t\t\t\t\t\t<div class=\"elementor-text-editor elementor-clearfix\">\n\t\t\t\t<p style=\"text-align: center;\"><strong>Zam\u011b\u0159eno na jazyky<\/strong><br \/>na\u0161i \u017e\u00e1ci se ciz\u00ed jazyk u\u010d\u00ed ji\u017e od 1. ro\u010dn\u00edku a mohou si sv\u00e9 jazykov\u00e9 znalosti v praxi ov\u011b\u0159it na mnoha mezin\u00e1rodn\u00edch projektech<\/p><h4 style=\"text-align: center;\"><strong><a href=\"\/index.php\/jazyky\/\">v\u00edce<\/a><\/strong><\/h4>\t\t\t\t\t<\/div>\n\t\t\t\t\t\t<\/div>\n\t\t\t\t<\/div>\n\t\t\t\t\t\t<\/div>\n\t\t\t\t\t<\/div>\n\t\t<\/div>\n\t\t\t\t<div class=\"elementor-column elementor-col-25 elementor-top-column elementor-element elementor-element-86f9595\" data-id=\"86f9595\" data-element_type=\"column\">\n\t\t\t<div class=\"elementor-column-wrap elementor-element-populated\">\n\t\t\t\t\t\t\t<div class=\"elementor-widget-wrap\">\n\t\t\t\t\t\t<div class=\"elementor-element elementor-element-765339b elementor-widget elementor-widget-cws_icon\" data-id=\"765339b\" data-element_type=\"widget\" data-widget_type=\"cws_icon.default\">\n\t\t\t\t<div class=\"elementor-widget-container\">\n\t\t\t<span class=\"cws_fa_wrapper\"><i class=\"cws_fa fa-4x fas fa-trophy\" aria-hidden=\"true\"><\/i><span class=\"ring\"><\/span><\/span>\t\t<\/div>\n\t\t\t\t<\/div>\n\t\t\t\t<div class=\"elementor-element elementor-element-bf60c9c elementor-widget elementor-widget-text-editor\" data-id=\"bf60c9c\" data-element_type=\"widget\" data-widget_type=\"text-editor.default\">\n\t\t\t\t<div class=\"elementor-widget-container\">\n\t\t\t\t\t\t\t\t<div class=\"elementor-text-editor elementor-clearfix\">\n\t\t\t\t<p style=\"text-align: center;\"><strong>Zam\u011b\u0159eno na technologie<\/strong><br \/>na\u0161i \u017e\u00e1ci se mohou zapojit do roz\u0161\u00ed\u0159en\u00e9ho vyu\u010dov\u00e1n\u00ed informatiky a to v oborech: robotika, programov\u00e1n\u00ed webov\u00fdch projekt\u016f, po\u010d. grafika, 3D tisk a modelov\u00e1n\u00ed, atd.<\/p><h4 style=\"text-align: center;\"><strong><a href=\"\/index.php\/informatika\/\">v\u00edce<\/a><\/strong><\/h4>\t\t\t\t\t<\/div>\n\t\t\t\t\t\t<\/div>\n\t\t\t\t<\/div>\n\t\t\t\t\t\t<\/div>\n\t\t\t\t\t<\/div>\n\t\t<\/div>\n\t\t\t\t<div class=\"elementor-column elementor-col-25 elementor-top-column elementor-element elementor-element-bd9817a\" data-id=\"bd9817a\" data-element_type=\"column\">\n\t\t\t<div class=\"elementor-column-wrap elementor-element-populated\">\n\t\t\t\t\t\t\t<div class=\"elementor-widget-wrap\">\n\t\t\t\t\t\t<div class=\"elementor-element elementor-element-fff576a elementor-widget elementor-widget-cws_icon\" data-id=\"fff576a\" data-element_type=\"widget\" data-widget_type=\"cws_icon.default\">\n\t\t\t\t<div class=\"elementor-widget-container\">\n\t\t\t<span class=\"cws_fa_wrapper\"><i class=\"cws_fa fa-4x fas fa-cog\" aria-hidden=\"true\"><\/i><span class=\"ring\"><\/span><\/span>\t\t<\/div>\n\t\t\t\t<\/div>\n\t\t\t\t<div class=\"elementor-element elementor-element-0e30e78 elementor-widget elementor-widget-text-editor\" data-id=\"0e30e78\" data-element_type=\"widget\" data-widget_type=\"text-editor.default\">\n\t\t\t\t<div class=\"elementor-widget-container\">\n\t\t\t\t\t\t\t\t<div class=\"elementor-text-editor elementor-clearfix\">\n\t\t\t\t<p style=\"text-align: center;\"><strong>Nadstandardn\u00ed vybaven\u00ed \u0161koly<\/strong><br \/>na\u0161e \u0161kola je modern\u011b vybavena a na\u0161i \u017e\u00e1ci mohou vyu\u017e\u00edvat jak interaktivn\u00ed tabule v u\u010debn\u00e1ch, wifi s\u00ed\u0165 \u0161koly, online j\u00eddeln\u00ed syst\u00e9m, tak maj\u00ed i modern\u00ed z\u00e1zem\u00ed jak pro v\u00fduku, tak i pro volno\u010dasov\u00e9 aktivity<\/p><h4 style=\"text-align: center;\"><strong><a href=\"\/index.php\/vybaveni-skoly\/\">v\u00edce<\/a><\/strong><\/h4>\t\t\t\t\t<\/div>\n\t\t\t\t\t\t<\/div>\n\t\t\t\t<\/div>\n\t\t\t\t\t\t<\/div>\n\t\t\t\t\t<\/div>\n\t\t<\/div>\n\t\t\t\t\t\t\t\t<\/div>\n\t\t\t\t\t<\/div>\n\t\t<\/section>\n\t\t\t\t<section class=\"elementor-section elementor-top-section elementor-element elementor-element-a39f2eb elementor-section-boxed elementor-section-height-default elementor-section-height-default elementor-invisible\" data-id=\"a39f2eb\" data-element_type=\"section\" data-settings=\"{&quot;animation&quot;:&quot;fadeInUp&quot;}\">\n\t\t\t\t\t\t<div class=\"elementor-container elementor-column-gap-default\">\n\t\t\t\t\t\t\t<div class=\"elementor-row\">\n\t\t\t\t\t<div class=\"elementor-column elementor-col-100 elementor-top-column elementor-element elementor-element-2d7fd81\" data-id=\"2d7fd81\" data-element_type=\"column\">\n\t\t\t<div class=\"elementor-column-wrap elementor-element-populated\">\n\t\t\t\t\t\t\t<div class=\"elementor-widget-wrap\">\n\t\t\t\t\t\t<div class=\"elementor-element elementor-element-889119f elementor-widget elementor-widget-cws_callout\" data-id=\"889119f\" data-element_type=\"widget\" data-widget_type=\"cws_callout.default\">\n\t\t\t\t<div class=\"elementor-widget-container\">\n\t\t\t<div class=\"ce clearfix\"><div class=\"cws_callout\"><div class=\"content_section\"><div class=\"callout_title\"><div class=\"bees bees-end\"><span><\/span><\/div>Portfolio na\u0161\u00ed \u0161koly<\/div><\/div><div class=\"button_section\"><a href=\"https:\/\/www.5zssumperk.cz\/index.php\/one-column-2\/\" class=\"cws_button xlarge\">Zobrazit<div class=\"button-shadow\"><\/div><\/a><\/div><\/div><\/div>\t\t<\/div>\n\t\t\t\t<\/div>\n\t\t\t\t<div class=\"elementor-element elementor-element-8a6e509 elementor-widget elementor-widget-spacer\" data-id=\"8a6e509\" data-element_type=\"widget\" data-widget_type=\"spacer.default\">\n\t\t\t\t<div class=\"elementor-widget-container\">\n\t\t\t<style>\/*! elementor - v3.8.1 - 13-11-2022 *\/\n.elementor-column .elementor-spacer-inner{height:var(--spacer-size)}.e-con{--container-widget-width:100%}.e-con-inner>.elementor-widget-spacer,.e-con>.elementor-widget-spacer{width:var(--container-widget-width,var(--spacer-size));-ms-flex-item-align:stretch;align-self:stretch;-ms-flex-negative:0;flex-shrink:0}.e-con-inner>.elementor-widget-spacer>.elementor-widget-container,.e-con-inner>.elementor-widget-spacer>.elementor-widget-container>.elementor-spacer,.e-con>.elementor-widget-spacer>.elementor-widget-container,.e-con>.elementor-widget-spacer>.elementor-widget-container>.elementor-spacer{height:100%}.e-con-inner>.elementor-widget-spacer>.elementor-widget-container>.elementor-spacer>.elementor-spacer-inner,.e-con>.elementor-widget-spacer>.elementor-widget-container>.elementor-spacer>.elementor-spacer-inner{height:var(--container-widget-height,var(--spacer-size))}<\/style>\t\t<div class=\"elementor-spacer\">\n\t\t\t<div class=\"elementor-spacer-inner\"><\/div>\n\t\t<\/div>\n\t\t\t\t<\/div>\n\t\t\t\t<\/div>\n\t\t\t\t\t\t<\/div>\n\t\t\t\t\t<\/div>\n\t\t<\/div>\n\t\t\t\t\t\t\t\t<\/div>\n\t\t\t\t\t<\/div>\n\t\t<\/section>\n\t\t\t\t<section class=\"elementor-section elementor-top-section elementor-element elementor-element-e0195f9 elementor-section-boxed elementor-section-height-default elementor-section-height-default\" data-id=\"e0195f9\" data-element_type=\"section\">\n\t\t\t\t\t\t<div class=\"elementor-container elementor-column-gap-default\">\n\t\t\t\t\t\t\t<div class=\"elementor-row\">\n\t\t\t\t\t<div class=\"elementor-column elementor-col-100 elementor-top-column elementor-element elementor-element-0290f3c\" data-id=\"0290f3c\" data-element_type=\"column\">\n\t\t\t<div class=\"elementor-column-wrap elementor-element-populated\">\n\t\t\t\t\t\t\t<div class=\"elementor-widget-wrap\">\n\t\t\t\t\t\t<div class=\"elementor-element elementor-element-845792c elementor-invisible elementor-widget elementor-widget-cws_callout\" data-id=\"845792c\" data-element_type=\"widget\" data-settings=\"{&quot;_animation&quot;:&quot;fadeInUp&quot;}\" data-widget_type=\"cws_callout.default\">\n\t\t\t\t<div class=\"elementor-widget-container\">\n\t\t\t<div class=\"ce clearfix\"><div class=\"cws_callout\"><div class=\"content_section\"><div class=\"callout_title\"><div class=\"bees bees-end\"><span><\/span><\/div>Fotogalerie - archiv<\/div><div class=\"separate\"><\/div><div class=\"callout_text\"><p>fotografick\u00fd p\u0159ehled akc\u00ed na\u0161\u00ed \u0161koly<\/p><\/div><\/div><div class=\"button_section\"><a href=\"https:\/\/drive.google.com\/drive\/folders\/0B35MIjdxnmx1QzBrdExlSDJMajA?resourcekey=0--Ufeln8EOD15LcbBS6rvjQ\" class=\"cws_button xlarge\" target=\"_blank\">Vstup<div class=\"button-shadow\"><\/div><\/a><\/div><\/div><\/div>\t\t<\/div>\n\t\t\t\t<\/div>\n\t\t\t\t\t\t<\/div>\n\t\t\t\t\t<\/div>\n\t\t<\/div>\n\t\t\t\t\t\t\t\t<\/div>\n\t\t\t\t\t<\/div>\n\t\t<\/section>\n\t\t\t\t\t\t\t\t\t<\/div>\n\t\t\t<\/div>\n\t\t\t\t\t<\/div>\n\t\t","protected":false},"excerpt":{"rendered":"<p>Na\u0161e z\u00e1kladn\u00ed \u0161kola se zam\u011b\u0159uje na v\u00fduku v\u00fdpo\u010detn\u00ed techniky. Tak\u00e9 u n\u00e1s podporujeme v\u00fduku jazyk\u016f ji\u017e od 1. t\u0159\u00eddy.\u00a0 Jsme zapojeni do mnoha projekt\u016f, kter\u00e9 umo\u017e\u0148uj\u00ed \u017e\u00e1k\u016fm p\u0159\u00edstup k modern\u00edm technologi\u00edm, ale tak\u00e9 nap\u0159. zdarma vycestovat do zahrani\u010d\u00ed na jazykov\u00e9 pobyty. Spolupr\u00e1ce u\u010ditele, \u017e\u00e1ka a rodiny je na prvn\u00edm m\u00edst\u011b. Jazykov\u00e9 dovednosti zdokonalujeme v mnoha zahrani\u010dn\u00edch projektech v r\u00e1mci EU. Zam\u011b\u0159ujeme se na v\u00fduku modern\u00edch technologi\u00ed, kter\u00e9 aplikujeme do v\u011bt\u0161iny na\u0161ich p\u0159edm\u011bt\u016f. \u00dasp\u011bchy na\u0161ich \u017e\u00e1k\u016fmnoho let se na\u0161i \u017e\u00e1ci umis\u0165uj\u00ed na prvn\u00edch m\u00edstech v\u011bdomostn\u00edch i sportovn\u00edch sout\u011b\u017e\u00edch v\u00edce Zam\u011b\u0159eno na jazykyna\u0161i \u017e\u00e1ci se ciz\u00ed jazyk u\u010d\u00ed ji\u017e od 1. ro\u010dn\u00edku a mohou si sv\u00e9 jazykov\u00e9 znalosti v praxi ov\u011b\u0159it na mnoha mezin\u00e1rodn\u00edch projektech v\u00edce Zam\u011b\u0159eno na technologiena\u0161i \u017e\u00e1ci se mohou zapojit do roz\u0161\u00ed\u0159en\u00e9ho vyu\u010dov\u00e1n\u00ed informatiky a to v oborech: robotika, programov\u00e1n\u00ed webov\u00fdch projekt\u016f, po\u010d. grafika, 3D tisk a modelov\u00e1n\u00ed, atd. v\u00edce Nadstandardn\u00ed vybaven\u00ed \u0161kolyna\u0161e \u0161kola je modern\u011b vybavena a na\u0161i \u017e\u00e1ci mohou vyu\u017e\u00edvat jak interaktivn\u00ed tabule v u\u010debn\u00e1ch, wifi s\u00ed\u0165 \u0161koly, online j\u00eddeln\u00ed syst\u00e9m, tak maj\u00ed i modern\u00ed z\u00e1zem\u00ed jak pro v\u00fduku, tak i pro volno\u010dasov\u00e9 aktivity v\u00edce<\/p>\n","protected":false},"author":1,"featured_media":0,"parent":0,"menu_order":0,"comment_status":"closed","ping_status":"closed","template":"","meta":[],"_links":{"self":[{"href":"https:\/\/www.5zssumperk.cz\/index.php\/wp-json\/wp\/v2\/pages\/5406"}],"collection":[{"href":"https:\/\/www.5zssumperk.cz\/index.php\/wp-json\/wp\/v2\/pages"}],"about":[{"href":"https:\/\/www.5zssumperk.cz\/index.php\/wp-json\/wp\/v2\/types\/page"}],"author":[{"embeddable":true,"href":"https:\/\/www.5zssumperk.cz\/index.php\/wp-json\/wp\/v2\/users\/1"}],"replies":[{"embeddable":true,"href":"https:\/\/www.5zssumperk.cz\/index.php\/wp-json\/wp\/v2\/comments?post=5406"}],"version-history":[{"count":88,"href":"https:\/\/www.5zssumperk.cz\/index.php\/wp-json\/wp\/v2\/pages\/5406\/revisions"}],"predecessor-version":[{"id":9191,"href":"https:\/\/www.5zssumperk.cz\/index.php\/wp-json\/wp\/v2\/pages\/5406\/revisions\/9191"}],"wp:attachment":[{"href":"https:\/\/www.5zssumperk.cz\/index.php\/wp-json\/wp\/v2\/media?parent=5406"}],"curies":[{"name":"wp","href":"https:\/\/api.w.org\/{rel}","templated":true}]}}