{"id":5608,"date":"2020-10-31T22:28:59","date_gmt":"2020-10-31T22:28:59","guid":{"rendered":"http:\/\/kiddy.cws.net\/?page_id=5608"},"modified":"2022-09-25T11:34:59","modified_gmt":"2022-09-25T11:34:59","slug":"one-column-2","status":"publish","type":"page","link":"https:\/\/www.5zssumperk.cz\/index.php\/one-column-2\/","title":{"rendered":"Na\u0161e portfolio"},"content":{"rendered":"\t\t<div data-elementor-type=\"wp-page\" data-elementor-id=\"5608\" class=\"elementor elementor-5608\">\n\t\t\t\t\t\t<div class=\"elementor-inner\">\n\t\t\t\t<div class=\"elementor-section-wrap\">\n\t\t\t\t\t\t\t\t\t<section class=\"elementor-section elementor-top-section elementor-element elementor-element-87dab9d elementor-section-boxed elementor-section-height-default elementor-section-height-default elementor-invisible\" data-id=\"87dab9d\" data-element_type=\"section\" data-settings=\"{&quot;animation&quot;:&quot;fadeInUp&quot;}\">\n\t\t\t\t\t\t<div class=\"elementor-container elementor-column-gap-default\">\n\t\t\t\t\t\t\t<div class=\"elementor-row\">\n\t\t\t\t\t<div class=\"elementor-column elementor-col-100 elementor-top-column elementor-element elementor-element-3c5182f\" data-id=\"3c5182f\" data-element_type=\"column\">\n\t\t\t<div class=\"elementor-column-wrap elementor-element-populated\">\n\t\t\t\t\t\t\t<div class=\"elementor-widget-wrap\">\n\t\t\t\t\t\t<div class=\"elementor-element elementor-element-e7c7d0b elementor-widget elementor-widget-cws_portfolio\" data-id=\"e7c7d0b\" data-element_type=\"widget\" data-widget_type=\"cws_portfolio.default\">\n\t\t\t\t<div class=\"elementor-widget-container\">\n\t\t\t<section class=\"cws_portfolio massonry\"><div class='cws_wrapper'><div class='cws_portfolio_items grid grid-2 isotope'><article class='item'><div class='media_part'><div class='pic'><img  src='https:\/\/www.5zssumperk.cz\/wp-content\/uploads\/bfi_thumb\/erasmus-3dw9kqonzz5awc0irt1csq.jpg' data-no-retina alt \/><div class='hover-effect'><\/div>\t<div class='links_popup'>\r\n\t\t\t\t\t\t\t\t<div class='link_cont'>\r\n\t\t\t\t\t\t\t\t\t<div class='link'>\r\n\t\t\t\t\t\t\t\t\t\t<a class='fancy'  href='https:\/\/www.5zssumperk.cz\/wp-content\/uploads\/2021\/08\/erasmus.jpg'    data-fancybox-group='cws-portfolio-gallery-69fb70e2b9199' data-elementor-open-lightbox='no'><i class='fa fa-camera'><\/i><\/a>\r\n\t\t\t\t\t\t\t\t\t<\/div>\r\n\t\t\t\t\t\t\t\t<\/div>\r\n\t\t\t\t\t\t\t<\/div>\r\n\t\t\t\t\t\t<\/div><\/div><div class='title_part'><a href='https:\/\/www.5zssumperk.cz\/index.php\/portfolio\/erasmus\/'>Erasmus+<\/a><\/div><div class='separate_part'><div class='separate'><\/div><\/div><div class='desc_part'><div class=\"categories\"><a href='https:\/\/www.5zssumperk.cz\/index.php\/portfolio_cat\/erasmus\/'>Erasmus+<\/a>, <a href='https:\/\/www.5zssumperk.cz\/index.php\/portfolio_cat\/jazyky\/'>Jazyky<\/a>, <a href='https:\/\/www.5zssumperk.cz\/index.php\/portfolio_cat\/krouzky\/'>Krou\u017eky<\/a>, <a href='https:\/\/www.5zssumperk.cz\/index.php\/portfolio_cat\/rozsirena-vyuka\/'>Roz\u0161\u00ed\u0159en\u00e1 v\u00fduka<\/a><\/div><\/div><\/article><article class='item'><div class='media_part'><div class='pic'><img  src='https:\/\/www.5zssumperk.cz\/wp-content\/uploads\/bfi_thumb\/inf-3dw9kwl9jq75im3hviq68a.jpg' data-no-retina alt \/><div class='hover-effect'><\/div>\t<div class='links_popup'>\r\n\t\t\t\t\t\t\t\t<div class='link_cont'>\r\n\t\t\t\t\t\t\t\t\t<div class='link'>\r\n\t\t\t\t\t\t\t\t\t\t<a class='fancy'  href='https:\/\/www.5zssumperk.cz\/wp-content\/uploads\/2021\/08\/inf.jpg'    data-fancybox-group='cws-portfolio-gallery-69fb70e2b9199' data-elementor-open-lightbox='no'><i class='fa fa-camera'><\/i><\/a>\r\n\t\t\t\t\t\t\t\t\t<\/div>\r\n\t\t\t\t\t\t\t\t<\/div>\r\n\t\t\t\t\t\t\t<\/div>\r\n\t\t\t\t\t\t<\/div><\/div><div class='title_part'><a href='https:\/\/www.5zssumperk.cz\/index.php\/portfolio\/informatika\/'>Informatika<\/a><\/div><div class='separate_part'><div class='separate'><\/div><\/div><div class='desc_part'><div class=\"categories\"><a href='https:\/\/www.5zssumperk.cz\/index.php\/portfolio_cat\/informatika\/'>Informatika<\/a>, <a href='https:\/\/www.5zssumperk.cz\/index.php\/portfolio_cat\/rozsirena-vyuka\/'>Roz\u0161\u00ed\u0159en\u00e1 v\u00fduka<\/a>, <a href='https:\/\/www.5zssumperk.cz\/index.php\/portfolio_cat\/technicke-vzdelavani\/'>Technick\u00e9 vzd\u011bl\u00e1v\u00e1n\u00ed<\/a><\/div><\/div><\/article><article class='item'><div class='media_part'><div class='pic'><img  src='https:\/\/www.5zssumperk.cz\/wp-content\/uploads\/bfi_thumb\/rvi-souteze-3dw9kz897ve3vmrsyplxxm.jpg' data-no-retina alt \/><div class='hover-effect'><\/div>\t<div class='links_popup'>\r\n\t\t\t\t\t\t\t\t<div class='link_cont'>\r\n\t\t\t\t\t\t\t\t\t<div class='link'>\r\n\t\t\t\t\t\t\t\t\t\t<a class='fancy'  href='https:\/\/www.5zssumperk.cz\/wp-content\/uploads\/2021\/08\/rvi-souteze.jpg'    data-fancybox-group='cws-portfolio-gallery-69fb70e2b9199' data-elementor-open-lightbox='no'><i class='fa fa-camera'><\/i><\/a>\r\n\t\t\t\t\t\t\t\t\t<\/div>\r\n\t\t\t\t\t\t\t\t<\/div>\r\n\t\t\t\t\t\t\t<\/div>\r\n\t\t\t\t\t\t<\/div><\/div><div class='title_part'><a href='https:\/\/www.5zssumperk.cz\/index.php\/portfolio\/robotika-microbit\/'>Robotika &#8211; Micro:bit<\/a><\/div><div class='separate_part'><div class='separate'><\/div><\/div><div class='desc_part'><div class=\"categories\"><a href='https:\/\/www.5zssumperk.cz\/index.php\/portfolio_cat\/informatika\/'>Informatika<\/a>, <a href='https:\/\/www.5zssumperk.cz\/index.php\/portfolio_cat\/krouzky\/'>Krou\u017eky<\/a>, <a href='https:\/\/www.5zssumperk.cz\/index.php\/portfolio_cat\/rozsirena-vyuka\/'>Roz\u0161\u00ed\u0159en\u00e1 v\u00fduka<\/a>, <a href='https:\/\/www.5zssumperk.cz\/index.php\/portfolio_cat\/technicke-vzdelavani\/'>Technick\u00e9 vzd\u011bl\u00e1v\u00e1n\u00ed<\/a><\/div><\/div><\/article><article class='item'><div class='media_part'><div class='pic'><img  src='https:\/\/www.5zssumperk.cz\/wp-content\/uploads\/bfi_thumb\/rodice-3dw9l24aklnfsqxutmv0ui.jpg' data-no-retina alt \/><div class='hover-effect'><\/div>\t<div class='links_popup'>\r\n\t\t\t\t\t\t\t\t<div class='link_cont'>\r\n\t\t\t\t\t\t\t\t\t<div class='link'>\r\n\t\t\t\t\t\t\t\t\t\t<a class='fancy'  href='https:\/\/www.5zssumperk.cz\/wp-content\/uploads\/2021\/08\/rodice.jpg'    data-fancybox-group='cws-portfolio-gallery-69fb70e2b9199' data-elementor-open-lightbox='no'><i class='fa fa-camera'><\/i><\/a>\r\n\t\t\t\t\t\t\t\t\t<\/div>\r\n\t\t\t\t\t\t\t\t<\/div>\r\n\t\t\t\t\t\t\t<\/div>\r\n\t\t\t\t\t\t<\/div><\/div><div class='title_part'><a href='https:\/\/www.5zssumperk.cz\/index.php\/portfolio\/rodice-vitani\/'>Rodi\u010de v\u00edt\u00e1ni<\/a><\/div><div class='separate_part'><div class='separate'><\/div><\/div><div class='desc_part'><div class=\"categories\"><a href='https:\/\/www.5zssumperk.cz\/index.php\/portfolio_cat\/rozsirena-vyuka\/'>Roz\u0161\u00ed\u0159en\u00e1 v\u00fduka<\/a><\/div><\/div><\/article><article class='item'><div class='media_part'><div class='pic'><img  src='https:\/\/www.5zssumperk.cz\/wp-content\/uploads\/bfi_thumb\/microbit-3dw9l4vt31dkxtd1aoxg5m.jpg' data-no-retina alt \/><div class='hover-effect'><\/div>\t<div class='links_popup'>\r\n\t\t\t\t\t\t\t\t<div class='link_cont'>\r\n\t\t\t\t\t\t\t\t\t<div class='link'>\r\n\t\t\t\t\t\t\t\t\t\t<a class='fancy'  href='https:\/\/www.5zssumperk.cz\/wp-content\/uploads\/2021\/08\/microbit.jpg'    data-fancybox-group='cws-portfolio-gallery-69fb70e2b9199' data-elementor-open-lightbox='no'><i class='fa fa-camera'><\/i><\/a>\r\n\t\t\t\t\t\t\t\t\t<\/div>\r\n\t\t\t\t\t\t\t\t<\/div>\r\n\t\t\t\t\t\t\t<\/div>\r\n\t\t\t\t\t\t<\/div><\/div><div class='title_part'><a href='https:\/\/www.5zssumperk.cz\/index.php\/portfolio\/souteze-rvi\/'>Sout\u011b\u017ee RVI<\/a><\/div><div class='separate_part'><div class='separate'><\/div><\/div><div class='desc_part'><div class=\"categories\"><a href='https:\/\/www.5zssumperk.cz\/index.php\/portfolio_cat\/informatika\/'>Informatika<\/a>, <a href='https:\/\/www.5zssumperk.cz\/index.php\/portfolio_cat\/rozsirena-vyuka\/'>Roz\u0161\u00ed\u0159en\u00e1 v\u00fduka<\/a>, <a href='https:\/\/www.5zssumperk.cz\/index.php\/portfolio_cat\/technicke-vzdelavani\/'>Technick\u00e9 vzd\u011bl\u00e1v\u00e1n\u00ed<\/a><\/div><\/div><\/article><article class='item'><div class='media_part'><div class='pic'><img  src='https:\/\/www.5zssumperk.cz\/wp-content\/uploads\/bfi_thumb\/pr-3dw9l9a4ja167ihjs0eebu.jpg' data-no-retina alt \/><div class='hover-effect'><\/div>\t<div class='links_popup'>\r\n\t\t\t\t\t\t\t\t<div class='link_cont'>\r\n\t\t\t\t\t\t\t\t\t<div class='link'>\r\n\t\t\t\t\t\t\t\t\t\t<a class='fancy'  href='https:\/\/www.5zssumperk.cz\/wp-content\/uploads\/2021\/08\/pr.jpg'    data-fancybox-group='cws-portfolio-gallery-69fb70e2b9199' data-elementor-open-lightbox='no'><i class='fa fa-camera'><\/i><\/a>\r\n\t\t\t\t\t\t\t\t\t<\/div>\r\n\t\t\t\t\t\t\t\t<\/div>\r\n\t\t\t\t\t\t\t<\/div>\r\n\t\t\t\t\t\t<\/div><\/div><div class='title_part'><a href='https:\/\/www.5zssumperk.cz\/index.php\/portfolio\/souteze-pr-a-vl\/'>Sout\u011b\u017ee P\u0159 a Vl<\/a><\/div><div class='separate_part'><div class='separate'><\/div><\/div><div class='desc_part'><div class=\"categories\"><a href='https:\/\/www.5zssumperk.cz\/index.php\/portfolio_cat\/rozsirena-vyuka\/'>Roz\u0161\u00ed\u0159en\u00e1 v\u00fduka<\/a>, <a href='https:\/\/www.5zssumperk.cz\/index.php\/portfolio_cat\/souteze-pr-a-vl\/'>Sout\u011b\u017ee P\u0159 a Vl<\/a><\/div><\/div><\/article><\/div><\/div><input type='hidden' class='cws_portfolio_ajax_data' value='{&quot;p_id&quot;:0,&quot;cols&quot;:2,&quot;mode&quot;:&quot;grid&quot;,&quot;portcontent&quot;:&quot;categories&quot;,&quot;cats&quot;:[&quot;informatika&quot;,&quot;krouzky&quot;,&quot;rozsirena-vyuka&quot;,&quot;sport&quot;],&quot;exclude&quot;:[],&quot;filter&quot;:&quot;all&quot;,&quot;posts_per_page&quot;:6}' \/>\t<div class='pagination'>\r\n\t\t<div class='page_links'>\r\n\t\t<span aria-current=\"page\" class=\"page-numbers current\">1<\/span>\n<a class=\"page-numbers\" href=\"https:\/\/www.5zssumperk.cz\/index.php\/wp-json\/wp\/v2\/pages\/5608\/page\/2\/\">2<\/a>\n<a class=\"page-numbers\" href=\"https:\/\/www.5zssumperk.cz\/index.php\/wp-json\/wp\/v2\/pages\/5608\/page\/3\/\">3<\/a>\n<a class=\"next page-numbers\" href=\"https:\/\/www.5zssumperk.cz\/index.php\/wp-json\/wp\/v2\/pages\/5608\/page\/2\/\"><i class='fa fa-angle-right'><\/i><\/a>\t\t<\/div>\r\n\t\t\t\t<\/div>\r\n\t\t<\/section>\t\t<\/div>\n\t\t\t\t<\/div>\n\t\t\t\t\t\t<\/div>\n\t\t\t\t\t<\/div>\n\t\t<\/div>\n\t\t\t\t\t\t\t\t<\/div>\n\t\t\t\t\t<\/div>\n\t\t<\/section>\n\t\t\t\t\t\t\t\t\t<\/div>\n\t\t\t<\/div>\n\t\t\t\t\t<\/div>\n\t\t","protected":false},"excerpt":{"rendered":"","protected":false},"author":1,"featured_media":0,"parent":0,"menu_order":0,"comment_status":"closed","ping_status":"closed","template":"","meta":[],"_links":{"self":[{"href":"https:\/\/www.5zssumperk.cz\/index.php\/wp-json\/wp\/v2\/pages\/5608"}],"collection":[{"href":"https:\/\/www.5zssumperk.cz\/index.php\/wp-json\/wp\/v2\/pages"}],"about":[{"href":"https:\/\/www.5zssumperk.cz\/index.php\/wp-json\/wp\/v2\/types\/page"}],"author":[{"embeddable":true,"href":"https:\/\/www.5zssumperk.cz\/index.php\/wp-json\/wp\/v2\/users\/1"}],"replies":[{"embeddable":true,"href":"https:\/\/www.5zssumperk.cz\/index.php\/wp-json\/wp\/v2\/comments?post=5608"}],"version-history":[{"count":31,"href":"https:\/\/www.5zssumperk.cz\/index.php\/wp-json\/wp\/v2\/pages\/5608\/revisions"}],"predecessor-version":[{"id":7852,"href":"https:\/\/www.5zssumperk.cz\/index.php\/wp-json\/wp\/v2\/pages\/5608\/revisions\/7852"}],"wp:attachment":[{"href":"https:\/\/www.5zssumperk.cz\/index.php\/wp-json\/wp\/v2\/media?parent=5608"}],"curies":[{"name":"wp","href":"https:\/\/api.w.org\/{rel}","templated":true}]}}