{"id":6668,"date":"2021-08-03T09:23:36","date_gmt":"2021-08-03T09:23:36","guid":{"rendered":"http:\/\/www.5zssumperk.cz.uvirt111.active24.cz\/?page_id=6668"},"modified":"2023-02-15T12:59:14","modified_gmt":"2023-02-15T12:59:14","slug":"zakovska-knizka","status":"publish","type":"page","link":"https:\/\/www.5zssumperk.cz\/index.php\/zakovska-knizka\/","title":{"rendered":"\u017d\u00e1kovsk\u00e1 kn\u00ed\u017eka"},"content":{"rendered":"\t\t<div data-elementor-type=\"wp-page\" data-elementor-id=\"6668\" class=\"elementor elementor-6668\">\n\t\t\t\t\t\t<div class=\"elementor-inner\">\n\t\t\t\t<div class=\"elementor-section-wrap\">\n\t\t\t\t\t\t\t\t\t<section class=\"elementor-section elementor-top-section elementor-element elementor-element-c724d47 elementor-section-boxed elementor-section-height-default elementor-section-height-default\" data-id=\"c724d47\" data-element_type=\"section\">\n\t\t\t\t\t\t<div class=\"elementor-container elementor-column-gap-default\">\n\t\t\t\t\t\t\t<div class=\"elementor-row\">\n\t\t\t\t\t<div class=\"elementor-column elementor-col-100 elementor-top-column elementor-element elementor-element-cbe6050\" data-id=\"cbe6050\" data-element_type=\"column\">\n\t\t\t<div class=\"elementor-column-wrap elementor-element-populated\">\n\t\t\t\t\t\t\t<div class=\"elementor-widget-wrap\">\n\t\t\t\t\t\t<div class=\"elementor-element elementor-element-f68f37f elementor-invisible elementor-widget elementor-widget-cws_heading\" data-id=\"f68f37f\" data-element_type=\"widget\" data-settings=\"{&quot;_animation&quot;:&quot;fadeInUp&quot;}\" data-widget_type=\"cws_heading.default\">\n\t\t\t\t<div class=\"elementor-widget-container\">\n\t\t\t<h3 class=\"ce_title heading\"><div>Vstup do online \u017e\u00e1kovsk\u00e9 kn\u00ed\u017eky<\/div><\/h3>\t\t<\/div>\n\t\t\t\t<\/div>\n\t\t\t\t\t\t<\/div>\n\t\t\t\t\t<\/div>\n\t\t<\/div>\n\t\t\t\t\t\t\t\t<\/div>\n\t\t\t\t\t<\/div>\n\t\t<\/section>\n\t\t\t\t<section class=\"elementor-section elementor-top-section elementor-element elementor-element-6237111 elementor-section-boxed elementor-section-height-default elementor-section-height-default\" data-id=\"6237111\" data-element_type=\"section\">\n\t\t\t\t\t\t<div class=\"elementor-container elementor-column-gap-default\">\n\t\t\t\t\t\t\t<div class=\"elementor-row\">\n\t\t\t\t\t<div class=\"elementor-column elementor-col-100 elementor-top-column elementor-element elementor-element-71a7a09\" data-id=\"71a7a09\" data-element_type=\"column\">\n\t\t\t<div class=\"elementor-column-wrap elementor-element-populated\">\n\t\t\t\t\t\t\t<div class=\"elementor-widget-wrap\">\n\t\t\t\t\t\t<div class=\"elementor-element elementor-element-07c762a elementor-invisible elementor-widget elementor-widget-cws_callout\" data-id=\"07c762a\" data-element_type=\"widget\" data-settings=\"{&quot;_animation&quot;:&quot;fadeInUp&quot;}\" data-widget_type=\"cws_callout.default\">\n\t\t\t\t<div class=\"elementor-widget-container\">\n\t\t\t<div class=\"ce clearfix\"><div class=\"cws_callout\"><div class=\"content_section\"><div class=\"callout_title\"><div class=\"bees bees-end\"><span><\/span><\/div>Vstup do online \u0161koln\u00ed \u017e\u00e1kovsk\u00e9 kn\u00ed\u017eky<\/div><div class=\"separate\"><\/div><div class=\"callout_text\"><div data-canvas-width=\"67.68420386134065\">V\u00e1\u017een\u00ed rodi\u010de, st\u00e1v\u00e1te se u\u017eivateli elektronick\u00e9 \u017e\u00e1kovsk\u00e9 kn\u00ed\u017eky,<\/div><div data-canvas-width=\"67.68420386134065\">kter\u00e1 V\u00e1m umo\u017en\u00ed sledovat studium sv\u00e9ho d\u00edt\u011bte doslova<\/div><div data-canvas-width=\"19.18033872308549\">v p\u0159\u00edm\u00e9m p\u0159enosu.\u00a0<\/div><\/div><\/div><div class=\"button_section\"><a href=\"https:\/\/www.skolaonline.cz\/Aktuality.aspx\" class=\"cws_button xlarge\" target=\"_blank\">Vstup do \u017e\u00e1kovsk\u00e9 kn\u00ed\u017eky<div class=\"button-shadow\"><\/div><\/a><\/div><\/div><\/div>\t\t<\/div>\n\t\t\t\t<\/div>\n\t\t\t\t\t\t<\/div>\n\t\t\t\t\t<\/div>\n\t\t<\/div>\n\t\t\t\t\t\t\t\t<\/div>\n\t\t\t\t\t<\/div>\n\t\t<\/section>\n\t\t\t\t<section class=\"elementor-section elementor-top-section elementor-element elementor-element-e4df180 elementor-section-boxed elementor-section-height-default elementor-section-height-default elementor-invisible\" data-id=\"e4df180\" data-element_type=\"section\" data-settings=\"{&quot;animation&quot;:&quot;fadeInUp&quot;}\">\n\t\t\t\t\t\t<div class=\"elementor-container elementor-column-gap-default\">\n\t\t\t\t\t\t\t<div class=\"elementor-row\">\n\t\t\t\t\t<div class=\"elementor-column elementor-col-50 elementor-top-column elementor-element elementor-element-8f56dd0\" data-id=\"8f56dd0\" data-element_type=\"column\">\n\t\t\t<div class=\"elementor-column-wrap elementor-element-populated\">\n\t\t\t\t\t\t\t<div class=\"elementor-widget-wrap\">\n\t\t\t\t\t\t<div class=\"elementor-element elementor-element-8bc3d9c elementor-widget elementor-widget-cws_heading\" data-id=\"8bc3d9c\" data-element_type=\"widget\" data-widget_type=\"cws_heading.default\">\n\t\t\t\t<div class=\"elementor-widget-container\">\n\t\t\t<h3 class=\"ce_title heading\"><div>V\u00fdhody online \u017e\u00e1kovsk\u00e9 kn\u00ed\u017eky<\/div><\/h3>\t\t<\/div>\n\t\t\t\t<\/div>\n\t\t\t\t<div class=\"elementor-element elementor-element-b2e1516 elementor-widget elementor-widget-cws_message_box\" data-id=\"b2e1516\" data-element_type=\"widget\" data-widget_type=\"cws_message_box.default\">\n\t\t\t\t<div class=\"elementor-widget-container\">\n\t\t\t<div class=\"cws_msg_box info-box clearfix\"><div class=\"icon_section\"><i class=\"fa fa-info\"><\/i><\/div><div class=\"content_section\"><div class=\"msg_box_title\">Informace<\/div><div class=\"msg_box_text\">ve\u0161ker\u00e9 informace na jednom m\u00edst\u011b a online<\/div><\/div><\/div>\t\t<\/div>\n\t\t\t\t<\/div>\n\t\t\t\t<div class=\"elementor-element elementor-element-615084b elementor-widget elementor-widget-cws_message_box\" data-id=\"615084b\" data-element_type=\"widget\" data-widget_type=\"cws_message_box.default\">\n\t\t\t\t<div class=\"elementor-widget-container\">\n\t\t\t<div class=\"cws_msg_box error-box clearfix\"><div class=\"icon_section\"><i class=\"fa fa-exclamation\"><\/i><\/div><div class=\"content_section\"><div class=\"msg_box_title\">Kontrola<\/div><div class=\"msg_box_text\">jednoduch\u00e1 kontrola vzd\u011bl\u00e1v\u00e1n\u00ed va\u0161eho d\u00edt\u011bte<\/div><\/div><\/div>\t\t<\/div>\n\t\t\t\t<\/div>\n\t\t\t\t<div class=\"elementor-element elementor-element-b737ecc elementor-widget elementor-widget-cws_message_box\" data-id=\"b737ecc\" data-element_type=\"widget\" data-widget_type=\"cws_message_box.default\">\n\t\t\t\t<div class=\"elementor-widget-container\">\n\t\t\t<div class=\"cws_msg_box warning-box clearfix\"><div class=\"icon_section\"><i class=\"fa fa-bolt\"><\/i><\/div><div class=\"content_section\"><div class=\"msg_box_title\">Rychl\u00e9 upozorn\u011bn\u00ed<\/div><div class=\"msg_box_text\">okam\u017eit\u011b v\u00edte, co se ve \u0161kole d\u011bje<\/div><\/div><\/div>\t\t<\/div>\n\t\t\t\t<\/div>\n\t\t\t\t<div class=\"elementor-element elementor-element-67cce76 elementor-widget elementor-widget-cws_message_box\" data-id=\"67cce76\" data-element_type=\"widget\" data-widget_type=\"cws_message_box.default\">\n\t\t\t\t<div class=\"elementor-widget-container\">\n\t\t\t<div class=\"cws_msg_box success-box clearfix\"><div class=\"icon_section\"><i class=\"fa fa-thumbs-up\"><\/i><\/div><div class=\"content_section\"><div class=\"msg_box_title\">p\u0159\u00edstupnost<\/div><div class=\"msg_box_text\">zobrazen\u00ed informac\u00ed pro ve\u0161ker\u00e1 za\u0159\u00edzen\u00ed<\/div><\/div><\/div>\t\t<\/div>\n\t\t\t\t<\/div>\n\t\t\t\t\t\t<\/div>\n\t\t\t\t\t<\/div>\n\t\t<\/div>\n\t\t\t\t<div class=\"elementor-column elementor-col-50 elementor-top-column elementor-element elementor-element-ea48b87\" data-id=\"ea48b87\" data-element_type=\"column\">\n\t\t\t<div class=\"elementor-column-wrap elementor-element-populated\">\n\t\t\t\t\t\t\t<div class=\"elementor-widget-wrap\">\n\t\t\t\t\t\t<div class=\"elementor-element elementor-element-f7974af elementor-widget elementor-widget-cws_heading\" data-id=\"f7974af\" data-element_type=\"widget\" data-widget_type=\"cws_heading.default\">\n\t\t\t\t<div class=\"elementor-widget-container\">\n\t\t\t<h3 class=\"ce_title heading\"><div> -  \u0161kola online<\/div><\/h3>\t\t<\/div>\n\t\t\t\t<\/div>\n\t\t\t\t<div class=\"elementor-element elementor-element-a096897 elementor-widget elementor-widget-cws_message_box\" data-id=\"a096897\" data-element_type=\"widget\" data-widget_type=\"cws_message_box.default\">\n\t\t\t\t<div class=\"elementor-widget-container\">\n\t\t\t<div class=\"cws_msg_box info-box clearfix\"><div class=\"icon_section\"><i class=\"far fa-gem fa-regular\"><\/i><\/div><div class=\"content_section\"><div class=\"msg_box_title\">Syst\u00e9m hodnocen\u00ed<\/div><div class=\"msg_box_text\">spravedliv\u00fd a sjednocen\u00fd syst\u00e9m hodnocen\u00ed \u017e\u00e1ka<\/div><\/div><\/div>\t\t<\/div>\n\t\t\t\t<\/div>\n\t\t\t\t<div class=\"elementor-element elementor-element-068596a elementor-widget elementor-widget-cws_message_box\" data-id=\"068596a\" data-element_type=\"widget\" data-widget_type=\"cws_message_box.default\">\n\t\t\t\t<div class=\"elementor-widget-container\">\n\t\t\t<div class=\"cws_msg_box info-box clearfix\"><div class=\"icon_section\"><i class=\"far fa-sun fa-regular\"><\/i><\/div><div class=\"content_section\"><div class=\"msg_box_title\">Podpora<\/div><div class=\"msg_box_text\">online technick\u00e1 podpora<\/div><\/div><\/div>\t\t<\/div>\n\t\t\t\t<\/div>\n\t\t\t\t<div class=\"elementor-element elementor-element-411c81c elementor-widget elementor-widget-cws_message_box\" data-id=\"411c81c\" data-element_type=\"widget\" data-widget_type=\"cws_message_box.default\">\n\t\t\t\t<div class=\"elementor-widget-container\">\n\t\t\t<div class=\"cws_msg_box info-box clearfix\"><div class=\"icon_section\"><i class=\"fas fa-heart fa-solid\"><\/i><\/div><div class=\"content_section\"><div class=\"msg_box_title\">Prost\u0159ed\u00ed<\/div><div class=\"msg_box_text\">p\u0159\u00edv\u011btiv\u00e9 prost\u0159ed\u00ed aplikace<\/div><\/div><\/div>\t\t<\/div>\n\t\t\t\t<\/div>\n\t\t\t\t<div class=\"elementor-element elementor-element-f7a9fb6 elementor-widget elementor-widget-cws_message_box\" data-id=\"f7a9fb6\" data-element_type=\"widget\" data-widget_type=\"cws_message_box.default\">\n\t\t\t\t<div class=\"elementor-widget-container\">\n\t\t\t<div class=\"cws_msg_box info-box clearfix\"><div class=\"icon_section\"><i class=\"fas fa-cloud fa-solid\"><\/i><\/div><div class=\"content_section\"><div class=\"msg_box_title\">slu\u017eby<\/div><div class=\"msg_box_text\">dal\u0161\u00ed souvisej\u00edc\u00ed slu\u017eby ... nap\u0159. chov\u00e1n\u00ed<\/div><\/div><\/div>\t\t<\/div>\n\t\t\t\t<\/div>\n\t\t\t\t\t\t<\/div>\n\t\t\t\t\t<\/div>\n\t\t<\/div>\n\t\t\t\t\t\t\t\t<\/div>\n\t\t\t\t\t<\/div>\n\t\t<\/section>\n\t\t\t\t<section class=\"elementor-section elementor-top-section elementor-element elementor-element-b7e661c elementor-section-boxed elementor-section-height-default elementor-section-height-default\" data-id=\"b7e661c\" data-element_type=\"section\">\n\t\t\t\t\t\t<div class=\"elementor-container elementor-column-gap-default\">\n\t\t\t\t\t\t\t<div class=\"elementor-row\">\n\t\t\t\t\t<div class=\"elementor-column elementor-col-100 elementor-top-column elementor-element elementor-element-5d33a29\" data-id=\"5d33a29\" data-element_type=\"column\">\n\t\t\t<div class=\"elementor-column-wrap elementor-element-populated\">\n\t\t\t\t\t\t\t<div class=\"elementor-widget-wrap\">\n\t\t\t\t\t\t<div class=\"elementor-element elementor-element-2bfe318 elementor-invisible elementor-widget elementor-widget-cws_carousel\" data-id=\"2bfe318\" data-element_type=\"widget\" data-settings=\"{&quot;_animation&quot;:&quot;fadeInUp&quot;}\" data-widget_type=\"cws_carousel.default\">\n\t\t\t\t<div class=\"elementor-widget-container\">\n\t\t\t<div class=\"ce clearfix\"><div><div class=\"cws_sc_carousel\"  data-columns=1 data-slidespeed=1200><div class=\"cws_sc_carousel_header clearfix\"><div class=\"ce_title\">\u017divot \u0161koly<\/div><div class=\"carousel_nav_panel\"><span class=\"prev\"><\/span><span class=\"next\"><\/span><\/div><\/div><div class=\"cws_wrapper\"><div class=\"gallery gallery-columns-1 galleryid-none\"><div class=\"gallery-item\"><div class=\"gallery-icon\"><a href=\"https:\/\/www.5zssumperk.cz\/wp-content\/uploads\/2021\/08\/IMG_20210601_101520.jpg\" data-elementor-open-lightbox=\"no\"><img decoding=\"async\" src=\"https:\/\/www.5zssumperk.cz\/wp-content\/uploads\/2021\/08\/IMG_20210601_101520.jpg\" alt=\"IMG_20210601_101520\" srcset=\"https:\/\/www.5zssumperk.cz\/wp-content\/uploads\/2021\/08\/IMG_20210601_101520.jpg 1000w, https:\/\/www.5zssumperk.cz\/wp-content\/uploads\/2021\/08\/IMG_20210601_101520-768x576.jpg 768w, https:\/\/www.5zssumperk.cz\/wp-content\/uploads\/2021\/08\/IMG_20210601_101520-100x75.jpg 100w, https:\/\/www.5zssumperk.cz\/wp-content\/uploads\/2021\/08\/IMG_20210601_101520-230x172.jpg 230w, https:\/\/www.5zssumperk.cz\/wp-content\/uploads\/2021\/08\/IMG_20210601_101520-600x450.jpg 600w\" sizes=\"(max-width: 1000px) 100vw, 1000px\" loading=\"lazy\" \/><\/a><\/div><\/div><div class=\"gallery-item\"><div class=\"gallery-icon\"><a href=\"https:\/\/www.5zssumperk.cz\/wp-content\/uploads\/2021\/08\/IMG_20200910_083156.jpg\" data-elementor-open-lightbox=\"no\"><img decoding=\"async\" src=\"https:\/\/www.5zssumperk.cz\/wp-content\/uploads\/2021\/08\/IMG_20200910_083156.jpg\" alt=\"IMG_20200910_083156\" srcset=\"https:\/\/www.5zssumperk.cz\/wp-content\/uploads\/2021\/08\/IMG_20200910_083156.jpg 700w, https:\/\/www.5zssumperk.cz\/wp-content\/uploads\/2021\/08\/IMG_20200910_083156-768x576.jpg 768w, https:\/\/www.5zssumperk.cz\/wp-content\/uploads\/2021\/08\/IMG_20200910_083156-100x75.jpg 100w, https:\/\/www.5zssumperk.cz\/wp-content\/uploads\/2021\/08\/IMG_20200910_083156-230x172.jpg 230w, https:\/\/www.5zssumperk.cz\/wp-content\/uploads\/2021\/08\/IMG_20200910_083156-600x450.jpg 600w\" sizes=\"(max-width: 700px) 100vw, 700px\" loading=\"lazy\" \/><\/a><\/div><\/div><div class=\"gallery-item\"><div class=\"gallery-icon\"><a href=\"https:\/\/www.5zssumperk.cz\/wp-content\/uploads\/2021\/08\/DSC_0691.jpg\" data-elementor-open-lightbox=\"no\"><img decoding=\"async\" src=\"https:\/\/www.5zssumperk.cz\/wp-content\/uploads\/2021\/08\/DSC_0691.jpg\" alt=\"DSC_0691\" srcset=\"https:\/\/www.5zssumperk.cz\/wp-content\/uploads\/2021\/08\/DSC_0691.jpg 1000w, https:\/\/www.5zssumperk.cz\/wp-content\/uploads\/2021\/08\/DSC_0691-768x512.jpg 768w, https:\/\/www.5zssumperk.cz\/wp-content\/uploads\/2021\/08\/DSC_0691-100x66.jpg 100w, https:\/\/www.5zssumperk.cz\/wp-content\/uploads\/2021\/08\/DSC_0691-230x153.jpg 230w, https:\/\/www.5zssumperk.cz\/wp-content\/uploads\/2021\/08\/DSC_0691-600x400.jpg 600w\" sizes=\"(max-width: 1000px) 100vw, 1000px\" loading=\"lazy\" \/><\/a><\/div><\/div><div class=\"gallery-item\"><div class=\"gallery-icon\"><a href=\"https:\/\/www.5zssumperk.cz\/wp-content\/uploads\/2021\/08\/back39.jpg\" data-elementor-open-lightbox=\"no\"><img decoding=\"async\" src=\"https:\/\/www.5zssumperk.cz\/wp-content\/uploads\/2021\/08\/back39.jpg\" alt=\"back39\" srcset=\"https:\/\/www.5zssumperk.cz\/wp-content\/uploads\/2021\/08\/back39.jpg 1000w, https:\/\/www.5zssumperk.cz\/wp-content\/uploads\/2021\/08\/back39-768x529.jpg 768w, https:\/\/www.5zssumperk.cz\/wp-content\/uploads\/2021\/08\/back39-100x69.jpg 100w, https:\/\/www.5zssumperk.cz\/wp-content\/uploads\/2021\/08\/back39-230x158.jpg 230w, https:\/\/www.5zssumperk.cz\/wp-content\/uploads\/2021\/08\/back39-600x414.jpg 600w\" sizes=\"(max-width: 1000px) 100vw, 1000px\" loading=\"lazy\" \/><\/a><\/div><\/div><div class=\"gallery-item\"><div class=\"gallery-icon\"><a href=\"https:\/\/www.5zssumperk.cz\/wp-content\/uploads\/2021\/08\/IMG_20210601_111816.jpg\" data-elementor-open-lightbox=\"no\"><img decoding=\"async\" src=\"https:\/\/www.5zssumperk.cz\/wp-content\/uploads\/2021\/08\/IMG_20210601_111816.jpg\" alt=\"IMG_20210601_111816\" srcset=\"https:\/\/www.5zssumperk.cz\/wp-content\/uploads\/2021\/08\/IMG_20210601_111816.jpg 1000w, https:\/\/www.5zssumperk.cz\/wp-content\/uploads\/2021\/08\/IMG_20210601_111816-768x576.jpg 768w, https:\/\/www.5zssumperk.cz\/wp-content\/uploads\/2021\/08\/IMG_20210601_111816-100x75.jpg 100w, https:\/\/www.5zssumperk.cz\/wp-content\/uploads\/2021\/08\/IMG_20210601_111816-230x172.jpg 230w, https:\/\/www.5zssumperk.cz\/wp-content\/uploads\/2021\/08\/IMG_20210601_111816-600x450.jpg 600w\" sizes=\"(max-width: 1000px) 100vw, 1000px\" loading=\"lazy\" \/><\/a><\/div><\/div><div class=\"gallery-item\"><div class=\"gallery-icon\"><a href=\"https:\/\/www.5zssumperk.cz\/wp-content\/uploads\/2021\/08\/DSCN5444.jpg\" data-elementor-open-lightbox=\"no\"><img decoding=\"async\" src=\"https:\/\/www.5zssumperk.cz\/wp-content\/uploads\/2021\/08\/DSCN5444.jpg\" alt=\"DSCN5444\" srcset=\"https:\/\/www.5zssumperk.cz\/wp-content\/uploads\/2021\/08\/DSCN5444.jpg 1000w, https:\/\/www.5zssumperk.cz\/wp-content\/uploads\/2021\/08\/DSCN5444-768x576.jpg 768w, https:\/\/www.5zssumperk.cz\/wp-content\/uploads\/2021\/08\/DSCN5444-100x75.jpg 100w, https:\/\/www.5zssumperk.cz\/wp-content\/uploads\/2021\/08\/DSCN5444-230x172.jpg 230w, https:\/\/www.5zssumperk.cz\/wp-content\/uploads\/2021\/08\/DSCN5444-600x450.jpg 600w\" sizes=\"(max-width: 1000px) 100vw, 1000px\" loading=\"lazy\" \/><\/a><\/div><\/div><div class=\"gallery-item\"><div class=\"gallery-icon\"><a href=\"https:\/\/www.5zssumperk.cz\/wp-content\/uploads\/2021\/08\/2553.jpg\" data-elementor-open-lightbox=\"no\"><img decoding=\"async\" src=\"https:\/\/www.5zssumperk.cz\/wp-content\/uploads\/2021\/08\/2553.jpg\" alt=\"2553\" srcset=\"https:\/\/www.5zssumperk.cz\/wp-content\/uploads\/2021\/08\/2553.jpg 640w, https:\/\/www.5zssumperk.cz\/wp-content\/uploads\/2021\/08\/2553-768x511.jpg 768w, https:\/\/www.5zssumperk.cz\/wp-content\/uploads\/2021\/08\/2553-100x66.jpg 100w, https:\/\/www.5zssumperk.cz\/wp-content\/uploads\/2021\/08\/2553-230x153.jpg 230w, https:\/\/www.5zssumperk.cz\/wp-content\/uploads\/2021\/08\/2553-600x399.jpg 600w\" sizes=\"(max-width: 640px) 100vw, 640px\" loading=\"lazy\" \/><\/a><\/div><\/div><div class=\"gallery-item\"><div class=\"gallery-icon\"><a href=\"https:\/\/www.5zssumperk.cz\/wp-content\/uploads\/2021\/08\/DSCN2124.jpg\" data-elementor-open-lightbox=\"no\"><img decoding=\"async\" src=\"https:\/\/www.5zssumperk.cz\/wp-content\/uploads\/2021\/08\/DSCN2124.jpg\" alt=\"DSCN2124\" srcset=\"https:\/\/www.5zssumperk.cz\/wp-content\/uploads\/2021\/08\/DSCN2124.jpg 700w, https:\/\/www.5zssumperk.cz\/wp-content\/uploads\/2021\/08\/DSCN2124-768x576.jpg 768w, https:\/\/www.5zssumperk.cz\/wp-content\/uploads\/2021\/08\/DSCN2124-100x75.jpg 100w, https:\/\/www.5zssumperk.cz\/wp-content\/uploads\/2021\/08\/DSCN2124-230x172.jpg 230w, https:\/\/www.5zssumperk.cz\/wp-content\/uploads\/2021\/08\/DSCN2124-600x450.jpg 600w\" sizes=\"(max-width: 700px) 100vw, 700px\" loading=\"lazy\" \/><\/a><\/div><\/div><\/div><\/div><\/div><\/div><\/div>\t\t<\/div>\n\t\t\t\t<\/div>\n\t\t\t\t\t\t<\/div>\n\t\t\t\t\t<\/div>\n\t\t<\/div>\n\t\t\t\t\t\t\t\t<\/div>\n\t\t\t\t\t<\/div>\n\t\t<\/section>\n\t\t\t\t\t\t\t\t\t<\/div>\n\t\t\t<\/div>\n\t\t\t\t\t<\/div>\n\t\t","protected":false},"excerpt":{"rendered":"","protected":false},"author":1,"featured_media":0,"parent":0,"menu_order":0,"comment_status":"closed","ping_status":"closed","template":"","meta":[],"_links":{"self":[{"href":"https:\/\/www.5zssumperk.cz\/index.php\/wp-json\/wp\/v2\/pages\/6668"}],"collection":[{"href":"https:\/\/www.5zssumperk.cz\/index.php\/wp-json\/wp\/v2\/pages"}],"about":[{"href":"https:\/\/www.5zssumperk.cz\/index.php\/wp-json\/wp\/v2\/types\/page"}],"author":[{"embeddable":true,"href":"https:\/\/www.5zssumperk.cz\/index.php\/wp-json\/wp\/v2\/users\/1"}],"replies":[{"embeddable":true,"href":"https:\/\/www.5zssumperk.cz\/index.php\/wp-json\/wp\/v2\/comments?post=6668"}],"version-history":[{"count":40,"href":"https:\/\/www.5zssumperk.cz\/index.php\/wp-json\/wp\/v2\/pages\/6668\/revisions"}],"predecessor-version":[{"id":9176,"href":"https:\/\/www.5zssumperk.cz\/index.php\/wp-json\/wp\/v2\/pages\/6668\/revisions\/9176"}],"wp:attachment":[{"href":"https:\/\/www.5zssumperk.cz\/index.php\/wp-json\/wp\/v2\/media?parent=6668"}],"curies":[{"name":"wp","href":"https:\/\/api.w.org\/{rel}","templated":true}]}}