{"id":6728,"date":"2021-08-06T06:59:30","date_gmt":"2021-08-06T06:59:30","guid":{"rendered":"http:\/\/www.5zssumperk.cz.uvirt111.active24.cz\/?page_id=6728"},"modified":"2023-03-07T12:55:48","modified_gmt":"2023-03-07T12:55:48","slug":"zakovsky-parlament","status":"publish","type":"page","link":"https:\/\/www.5zssumperk.cz\/index.php\/zakovsky-parlament\/","title":{"rendered":"\u017d\u00e1kovsk\u00fd parlament"},"content":{"rendered":"\t\t<div data-elementor-type=\"wp-page\" data-elementor-id=\"6728\" class=\"elementor elementor-6728\">\n\t\t\t\t\t\t<div class=\"elementor-inner\">\n\t\t\t\t<div class=\"elementor-section-wrap\">\n\t\t\t\t\t\t\t\t\t<section class=\"elementor-section elementor-top-section elementor-element elementor-element-79c6190 elementor-section-boxed elementor-section-height-default elementor-section-height-default\" data-id=\"79c6190\" data-element_type=\"section\">\n\t\t\t\t\t\t<div class=\"elementor-container elementor-column-gap-default\">\n\t\t\t\t\t\t\t<div class=\"elementor-row\">\n\t\t\t\t\t<div class=\"elementor-column elementor-col-100 elementor-top-column elementor-element elementor-element-ba8e545\" data-id=\"ba8e545\" data-element_type=\"column\">\n\t\t\t<div class=\"elementor-column-wrap elementor-element-populated\">\n\t\t\t\t\t\t\t<div class=\"elementor-widget-wrap\">\n\t\t\t\t\t\t<div class=\"elementor-element elementor-element-92fb0ea elementor-invisible elementor-widget elementor-widget-cws_heading\" data-id=\"92fb0ea\" data-element_type=\"widget\" data-settings=\"{&quot;_animation&quot;:&quot;fadeInUp&quot;}\" data-widget_type=\"cws_heading.default\">\n\t\t\t\t<div class=\"elementor-widget-container\">\n\t\t\t<h3 class=\"ce_title heading\"><div>P\u0159ehled jedn\u00e1n\u00ed \u017e\u00e1kovsk\u00e9ho parlamentu<\/div><\/h3>\t\t<\/div>\n\t\t\t\t<\/div>\n\t\t\t\t\t\t<\/div>\n\t\t\t\t\t<\/div>\n\t\t<\/div>\n\t\t\t\t\t\t\t\t<\/div>\n\t\t\t\t\t<\/div>\n\t\t<\/section>\n\t\t\t\t<section class=\"elementor-section elementor-top-section elementor-element elementor-element-be27e52 elementor-section-boxed elementor-section-height-default elementor-section-height-default\" data-id=\"be27e52\" data-element_type=\"section\">\n\t\t\t\t\t\t<div class=\"elementor-container elementor-column-gap-default\">\n\t\t\t\t\t\t\t<div class=\"elementor-row\">\n\t\t\t\t\t<div class=\"elementor-column elementor-col-100 elementor-top-column elementor-element elementor-element-84df7b5\" data-id=\"84df7b5\" data-element_type=\"column\">\n\t\t\t<div class=\"elementor-column-wrap elementor-element-populated\">\n\t\t\t\t\t\t\t<div class=\"elementor-widget-wrap\">\n\t\t\t\t\t\t<div class=\"elementor-element elementor-element-06bc4c1 elementor-invisible elementor-widget elementor-widget-cws_message_box\" data-id=\"06bc4c1\" data-element_type=\"widget\" data-settings=\"{&quot;_animation&quot;:&quot;fadeInUp&quot;}\" data-widget_type=\"cws_message_box.default\">\n\t\t\t\t<div class=\"elementor-widget-container\">\n\t\t\t<div class=\"cws_msg_box info-box clearfix\"><div class=\"icon_section\"><i class=\"fa fa-info\"><\/i><\/div><div class=\"content_section\"><div class=\"msg_box_title\">M\u00edsto a \u010das setk\u00e1n\u00ed \u017e\u00e1k\u016f s \u0159editelem \u0161koly<\/div><div class=\"msg_box_text\">\u017d\u00e1kovsk\u00fd parlament se sch\u00e1z\u00ed ka\u017ed\u00fd m\u011bs\u00edc v divadeln\u00edm s\u00e1lku \u0161koly.<\/div><\/div><\/div>\t\t<\/div>\n\t\t\t\t<\/div>\n\t\t\t\t<div class=\"elementor-element elementor-element-6ff579c elementor-invisible elementor-widget elementor-widget-cws_message_box\" data-id=\"6ff579c\" data-element_type=\"widget\" data-settings=\"{&quot;_animation&quot;:&quot;fadeInUp&quot;}\" data-widget_type=\"cws_message_box.default\">\n\t\t\t\t<div class=\"elementor-widget-container\">\n\t\t\t<div class=\"cws_msg_box warning-box clearfix\"><div class=\"icon_section\"><i class=\"fa fa-bolt\"><\/i><\/div><div class=\"content_section\"><div class=\"msg_box_title\">Slo\u017een\u00ed parlamentu<\/div><div class=\"msg_box_text\">z\u00e1stupci \u017e\u00e1k\u016f t\u0159\u00edd na\u0161\u00ed \u0161koly + pan \u0159editel + pan z\u00e1stupce<\/div><\/div><\/div>\t\t<\/div>\n\t\t\t\t<\/div>\n\t\t\t\t<div class=\"elementor-element elementor-element-8e5f096 elementor-invisible elementor-widget elementor-widget-cws_callout\" data-id=\"8e5f096\" data-element_type=\"widget\" data-settings=\"{&quot;_animation&quot;:&quot;fadeInUp&quot;}\" data-widget_type=\"cws_callout.default\">\n\t\t\t\t<div class=\"elementor-widget-container\">\n\t\t\t<div class=\"ce clearfix\"><div class=\"cws_callout\"><div class=\"content_section\"><div class=\"callout_title\"><div class=\"bees bees-end\"><span><\/span><\/div>\u017d\u00e1kovsk\u00fd parlament<\/div><div class=\"separate\"><\/div><div class=\"callout_text\"><p>ve\u0161ker\u00e9 z\u00e1pisy z porad \u017e\u00e1kovsk\u00e9ho parlamentu naleznete na Google ulo\u017ei\u0161ti<\/p><\/div><\/div><div class=\"button_section\"><a href=\"https:\/\/docs.google.com\/document\/d\/1MCMiqP-IqMWSkBWQpTaLCzjs-OQxkot_RvCtnYg1v_M\/edit\" class=\"cws_button xlarge\" target=\"_blank\">Zobrazit z\u00e1pisy \u017e\u00e1kovsk\u00e9ho parlamentu<div class=\"button-shadow\"><\/div><\/a><\/div><\/div><\/div>\t\t<\/div>\n\t\t\t\t<\/div>\n\t\t\t\t\t\t<\/div>\n\t\t\t\t\t<\/div>\n\t\t<\/div>\n\t\t\t\t\t\t\t\t<\/div>\n\t\t\t\t\t<\/div>\n\t\t<\/section>\n\t\t\t\t<section class=\"elementor-section elementor-top-section elementor-element elementor-element-7d92d04 elementor-section-boxed elementor-section-height-default elementor-section-height-default\" data-id=\"7d92d04\" data-element_type=\"section\">\n\t\t\t\t\t\t<div class=\"elementor-container elementor-column-gap-default\">\n\t\t\t\t\t\t\t<div class=\"elementor-row\">\n\t\t\t\t\t<div class=\"elementor-column elementor-col-100 elementor-top-column elementor-element elementor-element-d13b7e6\" data-id=\"d13b7e6\" data-element_type=\"column\">\n\t\t\t<div class=\"elementor-column-wrap elementor-element-populated\">\n\t\t\t\t\t\t\t<div class=\"elementor-widget-wrap\">\n\t\t\t\t\t\t<div class=\"elementor-element elementor-element-3d0afbc elementor-widget elementor-widget-cws_callout\" data-id=\"3d0afbc\" data-element_type=\"widget\" data-widget_type=\"cws_callout.default\">\n\t\t\t\t<div class=\"elementor-widget-container\">\n\t\t\t<div class=\"ce clearfix\"><div class=\"cws_callout\"><div class=\"content_section\"><div class=\"callout_title\"><div class=\"bees bees-end\"><span><\/span><\/div>PRAVIDLA POSKYTNUT\u00cd \u00da\u010cELOV\u00c9HO FINAN\u010cN\u00cdHO P\u0158\u00cdSP\u011aVKU  Z ROZPO\u010cTU M\u011aSTA \u0160UMPERKA<\/div><\/div><div class=\"button_section\"><a href=\"https:\/\/www.5zssumperk.cz\/wp-content\/uploads\/2023\/03\/Zakovsky-parlament-pravidla-ucelovych-prispevku-mesta-Sumperk.pdf\" class=\"cws_button xlarge\" target=\"_blank\">Dokument<div class=\"button-shadow\"><\/div><\/a><\/div><\/div><\/div>\t\t<\/div>\n\t\t\t\t<\/div>\n\t\t\t\t\t\t<\/div>\n\t\t\t\t\t<\/div>\n\t\t<\/div>\n\t\t\t\t\t\t\t\t<\/div>\n\t\t\t\t\t<\/div>\n\t\t<\/section>\n\t\t\t\t\t\t\t\t\t<\/div>\n\t\t\t<\/div>\n\t\t\t\t\t<\/div>\n\t\t","protected":false},"excerpt":{"rendered":"","protected":false},"author":1,"featured_media":0,"parent":0,"menu_order":0,"comment_status":"closed","ping_status":"closed","template":"","meta":[],"_links":{"self":[{"href":"https:\/\/www.5zssumperk.cz\/index.php\/wp-json\/wp\/v2\/pages\/6728"}],"collection":[{"href":"https:\/\/www.5zssumperk.cz\/index.php\/wp-json\/wp\/v2\/pages"}],"about":[{"href":"https:\/\/www.5zssumperk.cz\/index.php\/wp-json\/wp\/v2\/types\/page"}],"author":[{"embeddable":true,"href":"https:\/\/www.5zssumperk.cz\/index.php\/wp-json\/wp\/v2\/users\/1"}],"replies":[{"embeddable":true,"href":"https:\/\/www.5zssumperk.cz\/index.php\/wp-json\/wp\/v2\/comments?post=6728"}],"version-history":[{"count":22,"href":"https:\/\/www.5zssumperk.cz\/index.php\/wp-json\/wp\/v2\/pages\/6728\/revisions"}],"predecessor-version":[{"id":9275,"href":"https:\/\/www.5zssumperk.cz\/index.php\/wp-json\/wp\/v2\/pages\/6728\/revisions\/9275"}],"wp:attachment":[{"href":"https:\/\/www.5zssumperk.cz\/index.php\/wp-json\/wp\/v2\/media?parent=6728"}],"curies":[{"name":"wp","href":"https:\/\/api.w.org\/{rel}","templated":true}]}}