{"id":6846,"date":"2021-08-06T07:52:18","date_gmt":"2021-08-06T07:52:18","guid":{"rendered":"http:\/\/www.5zssumperk.cz.uvirt111.active24.cz\/?page_id=6846"},"modified":"2026-02-13T12:07:34","modified_gmt":"2026-02-13T12:07:34","slug":"zapis-do-1-rocniku","status":"publish","type":"page","link":"https:\/\/www.5zssumperk.cz\/index.php\/zapis-do-1-rocniku\/","title":{"rendered":"Z\u00e1pis do 1. ro\u010dn\u00edku"},"content":{"rendered":"\t\t<div data-elementor-type=\"wp-page\" data-elementor-id=\"6846\" class=\"elementor elementor-6846\">\n\t\t\t\t\t\t<div class=\"elementor-inner\">\n\t\t\t\t<div class=\"elementor-section-wrap\">\n\t\t\t\t\t\t\t\t\t<section class=\"elementor-section elementor-top-section elementor-element elementor-element-a1d3f51 elementor-section-boxed elementor-section-height-default elementor-section-height-default\" data-id=\"a1d3f51\" data-element_type=\"section\">\n\t\t\t\t\t\t<div class=\"elementor-container elementor-column-gap-default\">\n\t\t\t\t\t\t\t<div class=\"elementor-row\">\n\t\t\t\t\t<div class=\"elementor-column elementor-col-100 elementor-top-column elementor-element elementor-element-1d071a0\" data-id=\"1d071a0\" data-element_type=\"column\">\n\t\t\t<div class=\"elementor-column-wrap elementor-element-populated\">\n\t\t\t\t\t\t\t<div class=\"elementor-widget-wrap\">\n\t\t\t\t\t\t<div class=\"elementor-element elementor-element-fbaa358 elementor-widget elementor-widget-cws_callout\" data-id=\"fbaa358\" data-element_type=\"widget\" data-widget_type=\"cws_callout.default\">\n\t\t\t\t<div class=\"elementor-widget-container\">\n\t\t\t<div class=\"ce clearfix\"><div class=\"cws_callout\"><div class=\"content_section\"><div class=\"callout_title\"><div class=\"bees bees-end\"><span><\/span><\/div>Z\u00e1pis do 1. ro\u010dn\u00edku z\u00e1kladn\u00ed \u0161koly v\u00fduka s prvky Montessori<\/div><\/div><div class=\"button_section\"><a href=\"https:\/\/www.5zssumperk.cz\/wp-content\/uploads\/2025\/10\/Zapis-do-1-rocniku-Informace-2025-new.pdf\" class=\"cws_button xlarge\" target=\"_blank\">Dal\u0161\u00ed informace<div class=\"button-shadow\"><\/div><\/a><\/div><\/div><\/div>\t\t<\/div>\n\t\t\t\t<\/div>\n\t\t\t\t\t\t<\/div>\n\t\t\t\t\t<\/div>\n\t\t<\/div>\n\t\t\t\t\t\t\t\t<\/div>\n\t\t\t\t\t<\/div>\n\t\t<\/section>\n\t\t\t\t<section class=\"elementor-section elementor-top-section elementor-element elementor-element-229f31e elementor-section-boxed elementor-section-height-default elementor-section-height-default\" data-id=\"229f31e\" data-element_type=\"section\">\n\t\t\t\t\t\t<div class=\"elementor-container elementor-column-gap-default\">\n\t\t\t\t\t\t\t<div class=\"elementor-row\">\n\t\t\t\t\t<div class=\"elementor-column elementor-col-100 elementor-top-column elementor-element elementor-element-39a3a0b\" data-id=\"39a3a0b\" data-element_type=\"column\">\n\t\t\t<div class=\"elementor-column-wrap elementor-element-populated\">\n\t\t\t\t\t\t\t<div class=\"elementor-widget-wrap\">\n\t\t\t\t\t\t<div class=\"elementor-element elementor-element-0f857fd elementor-widget elementor-widget-cws_callout\" data-id=\"0f857fd\" data-element_type=\"widget\" data-widget_type=\"cws_callout.default\">\n\t\t\t\t<div class=\"elementor-widget-container\">\n\t\t\t<div class=\"ce clearfix\"><div class=\"cws_callout\"><div class=\"content_section\"><div class=\"callout_title\"><div class=\"bees bees-end\"><span><\/span><\/div>P\u0159ijat\u00ed \u017e\u00e1ci 2026<\/div><div class=\"separate\"><\/div><div class=\"callout_text\"><p>5013\/2026<br \/>5012\/2026<br \/>5047\/2026<br \/>5049\/2026<br \/>5037\/2026<br \/>5026\/2026<br \/>5017\/2026<br \/>5006\/2026<br \/>5010\/2026<br \/>5008\/2026<br \/>5048\/2026<br \/>5024\/2026<\/p><p>5050\/2026<br \/>5032\/2026<br \/>5043\/2026<br \/>5038\/2026<br \/>5029\/2026<br \/>5016\/2026<br \/>5028\/2026<br \/>5019\/2026<br \/>5041\/2026<br \/>5011\/2026<br \/>5007\/2026<br \/>5002\/2026<br \/>5042\/2026<br \/>5022\/2026<br \/>5033\/2026<br \/>5040\/2026<br \/>5045\/2026<br \/>5005\/2026<br \/>5021\/2026<br \/>5003\/2026<br \/>5039\/2026<br \/>5009\/2026<br \/>5035\/2026<br \/>5027\/2026<br \/>5030\/2026<br \/>5023\/2026<br \/>5031\/2026<br \/>5044\/2026<br \/>5018\/2026<br \/>5014\/2026<br \/>5004\/2026<br \/>5025\/2026<br \/>5051\/2026<br \/>5046\/2026<br \/>5020\/2026<\/p><\/div><\/div><\/div><\/div>\t\t<\/div>\n\t\t\t\t<\/div>\n\t\t\t\t\t\t<\/div>\n\t\t\t\t\t<\/div>\n\t\t<\/div>\n\t\t\t\t\t\t\t\t<\/div>\n\t\t\t\t\t<\/div>\n\t\t<\/section>\n\t\t\t\t<section class=\"elementor-section elementor-top-section elementor-element elementor-element-0595540 elementor-section-boxed elementor-section-height-default elementor-section-height-default\" data-id=\"0595540\" data-element_type=\"section\">\n\t\t\t\t\t\t<div class=\"elementor-container elementor-column-gap-default\">\n\t\t\t\t\t\t\t<div class=\"elementor-row\">\n\t\t\t\t\t<div class=\"elementor-column elementor-col-33 elementor-top-column elementor-element elementor-element-98c0de6\" data-id=\"98c0de6\" data-element_type=\"column\">\n\t\t\t<div class=\"elementor-column-wrap elementor-element-populated\">\n\t\t\t\t\t\t\t<div class=\"elementor-widget-wrap\">\n\t\t\t\t\t\t<div class=\"elementor-element elementor-element-fd14469 elementor-widget elementor-widget-cws_button\" data-id=\"fd14469\" data-element_type=\"widget\" data-widget_type=\"cws_button.default\">\n\t\t\t\t<div class=\"elementor-widget-container\">\n\t\t\t<a href=\"https:\/\/www.5zssumperk.cz\/wp-content\/uploads\/2025\/10\/Zapis-do-1-rocniku-Informace-2025-new.pdf\" target=\"_blank\" class=\"cws_button xlarge alt\"><span class=\"cws_button_inner\">Krit\u00e9ria p\u0159ijet\u00ed <\/span><\/a>\t\t<\/div>\n\t\t\t\t<\/div>\n\t\t\t\t\t\t<\/div>\n\t\t\t\t\t<\/div>\n\t\t<\/div>\n\t\t\t\t<div class=\"elementor-column elementor-col-33 elementor-top-column elementor-element elementor-element-3adbefd\" data-id=\"3adbefd\" data-element_type=\"column\">\n\t\t\t<div class=\"elementor-column-wrap elementor-element-populated\">\n\t\t\t\t\t\t\t<div class=\"elementor-widget-wrap\">\n\t\t\t\t\t\t<div class=\"elementor-element elementor-element-c7df4b0 elementor-widget elementor-widget-cws_button\" data-id=\"c7df4b0\" data-element_type=\"widget\" data-widget_type=\"cws_button.default\">\n\t\t\t\t<div class=\"elementor-widget-container\">\n\t\t\t<a href=\"https:\/\/www.novadida.cz\/poradna-skolni-zralost\/\" target=\"_blank\" class=\"cws_button large alt\"><span class=\"cws_button_inner\">Poradna pro \u0161koln\u00ed zralost<\/span><\/a>\t\t<\/div>\n\t\t\t\t<\/div>\n\t\t\t\t\t\t<\/div>\n\t\t\t\t\t<\/div>\n\t\t<\/div>\n\t\t\t\t<div class=\"elementor-column elementor-col-33 elementor-top-column elementor-element elementor-element-cd33bde\" data-id=\"cd33bde\" data-element_type=\"column\">\n\t\t\t<div class=\"elementor-column-wrap elementor-element-populated\">\n\t\t\t\t\t\t\t<div class=\"elementor-widget-wrap\">\n\t\t\t\t\t\t<div class=\"elementor-element elementor-element-8d999f9 elementor-widget elementor-widget-cws_button\" data-id=\"8d999f9\" data-element_type=\"widget\" data-widget_type=\"cws_button.default\">\n\t\t\t\t<div class=\"elementor-widget-container\">\n\t\t\t<a href=\"https:\/\/www.5zssumperk.cz\/wp-content\/uploads\/2025\/10\/Zapis-do-1-rocniku-Informace-2025-new.pdf\" class=\"cws_button xlarge alt\"><span class=\"cws_button_inner\">Pokyny \u010d.1 pro rodi\u010de k el. registraci do Z\u0160 2026-2027<\/span><\/a>\t\t<\/div>\n\t\t\t\t<\/div>\n\t\t\t\t\t\t<\/div>\n\t\t\t\t\t<\/div>\n\t\t<\/div>\n\t\t\t\t\t\t\t\t<\/div>\n\t\t\t\t\t<\/div>\n\t\t<\/section>\n\t\t\t\t<section class=\"elementor-section elementor-top-section elementor-element elementor-element-f90f20a elementor-section-boxed elementor-section-height-default elementor-section-height-default\" data-id=\"f90f20a\" data-element_type=\"section\">\n\t\t\t\t\t\t<div class=\"elementor-container elementor-column-gap-default\">\n\t\t\t\t\t\t\t<div class=\"elementor-row\">\n\t\t\t\t\t<div class=\"elementor-column elementor-col-100 elementor-top-column elementor-element elementor-element-d1e5378\" data-id=\"d1e5378\" data-element_type=\"column\">\n\t\t\t<div class=\"elementor-column-wrap elementor-element-populated\">\n\t\t\t\t\t\t\t<div class=\"elementor-widget-wrap\">\n\t\t\t\t\t\t<div class=\"elementor-element elementor-element-a9f2430 elementor-widget elementor-widget-cws_callout\" data-id=\"a9f2430\" data-element_type=\"widget\" data-widget_type=\"cws_callout.default\">\n\t\t\t\t<div class=\"elementor-widget-container\">\n\t\t\t<div class=\"ce clearfix\"><div class=\"cws_callout\"><div class=\"content_section\"><div class=\"callout_title\"><div class=\"bees bees-end\"><span><\/span><\/div>Registrace va\u0161eho prv\u0148\u00e1\u010dka<\/div><div class=\"separate\"><\/div><div class=\"callout_text\"><p>zaregistrujte sv\u00e9 d\u00edt\u011b k z\u00e1pisu na na\u0161\u00ed\u00a0 \u0161kole<\/p><\/div><\/div><div class=\"button_section\"><a href=\"https:\/\/webservices.sumperk.cz\/webservices\/mszapis\/(X(1)S(ttrownebstnw4qrj1x05dzml))\/Account\/LogOn?ReturnUrl=%2fwebservices%2fmszapis&#038;AspxAutoDetectCookieSupport=1\" class=\"cws_button xlarge\" target=\"_blank\">Registrace z\u00e1pisu zde<div class=\"button-shadow\"><\/div><\/a><\/div><\/div><\/div>\t\t<\/div>\n\t\t\t\t<\/div>\n\t\t\t\t<div class=\"elementor-element elementor-element-8f422e2 elementor-widget elementor-widget-spacer\" data-id=\"8f422e2\" data-element_type=\"widget\" data-widget_type=\"spacer.default\">\n\t\t\t\t<div class=\"elementor-widget-container\">\n\t\t\t<style>\/*! elementor - v3.8.1 - 13-11-2022 *\/\n.elementor-column .elementor-spacer-inner{height:var(--spacer-size)}.e-con{--container-widget-width:100%}.e-con-inner>.elementor-widget-spacer,.e-con>.elementor-widget-spacer{width:var(--container-widget-width,var(--spacer-size));-ms-flex-item-align:stretch;align-self:stretch;-ms-flex-negative:0;flex-shrink:0}.e-con-inner>.elementor-widget-spacer>.elementor-widget-container,.e-con-inner>.elementor-widget-spacer>.elementor-widget-container>.elementor-spacer,.e-con>.elementor-widget-spacer>.elementor-widget-container,.e-con>.elementor-widget-spacer>.elementor-widget-container>.elementor-spacer{height:100%}.e-con-inner>.elementor-widget-spacer>.elementor-widget-container>.elementor-spacer>.elementor-spacer-inner,.e-con>.elementor-widget-spacer>.elementor-widget-container>.elementor-spacer>.elementor-spacer-inner{height:var(--container-widget-height,var(--spacer-size))}<\/style>\t\t<div class=\"elementor-spacer\">\n\t\t\t<div class=\"elementor-spacer-inner\"><\/div>\n\t\t<\/div>\n\t\t\t\t<\/div>\n\t\t\t\t<\/div>\n\t\t\t\t\t\t<\/div>\n\t\t\t\t\t<\/div>\n\t\t<\/div>\n\t\t\t\t\t\t\t\t<\/div>\n\t\t\t\t\t<\/div>\n\t\t<\/section>\n\t\t\t\t<section class=\"elementor-section elementor-top-section elementor-element elementor-element-d88aa5b elementor-section-boxed elementor-section-height-default elementor-section-height-default\" data-id=\"d88aa5b\" data-element_type=\"section\">\n\t\t\t\t\t\t<div class=\"elementor-container elementor-column-gap-default\">\n\t\t\t\t\t\t\t<div class=\"elementor-row\">\n\t\t\t\t\t<div class=\"elementor-column elementor-col-100 elementor-top-column elementor-element elementor-element-fd5d4dd\" data-id=\"fd5d4dd\" data-element_type=\"column\">\n\t\t\t<div class=\"elementor-column-wrap elementor-element-populated\">\n\t\t\t\t\t\t\t<div class=\"elementor-widget-wrap\">\n\t\t\t\t\t\t<div class=\"elementor-element elementor-element-cba4ba9 elementor-widget elementor-widget-cws_heading\" data-id=\"cba4ba9\" data-element_type=\"widget\" data-widget_type=\"cws_heading.default\">\n\t\t\t\t<div class=\"elementor-widget-container\">\n\t\t\t<h3 class=\"ce_title heading\"><div>Z\u00e1kladn\u00ed \u0161kola \u0160umperk, Vrchlick\u00e9ho 22 nab\u00edz\u00ed:<\/div><\/h3>\t\t<\/div>\n\t\t\t\t<\/div>\n\t\t\t\t\t\t<\/div>\n\t\t\t\t\t<\/div>\n\t\t<\/div>\n\t\t\t\t\t\t\t\t<\/div>\n\t\t\t\t\t<\/div>\n\t\t<\/section>\n\t\t\t\t<section class=\"elementor-section elementor-top-section elementor-element elementor-element-bab2e01 elementor-section-boxed elementor-section-height-default elementor-section-height-default\" data-id=\"bab2e01\" data-element_type=\"section\">\n\t\t\t\t\t\t<div class=\"elementor-container elementor-column-gap-default\">\n\t\t\t\t\t\t\t<div class=\"elementor-row\">\n\t\t\t\t\t<div class=\"elementor-column elementor-col-100 elementor-top-column elementor-element elementor-element-631b022\" data-id=\"631b022\" data-element_type=\"column\">\n\t\t\t<div class=\"elementor-column-wrap elementor-element-populated\">\n\t\t\t\t\t\t\t<div class=\"elementor-widget-wrap\">\n\t\t\t\t\t\t<div class=\"elementor-element elementor-element-e558ed5 elementor-widget elementor-widget-cws_accordion_toggle\" data-id=\"e558ed5\" data-element_type=\"widget\" data-widget_type=\"cws_accordion_toggle.default\">\n\t\t\t\t<div class=\"elementor-widget-container\">\n\t\t\t\n        <div class=\"ce clearfix\">\n            <div class=\"cws_ce_content ce_accordion\">\n                <div class=\"accordion_section active\"><div class=\"accordion_title\"><i class=\"accordion_icon\"><\/i><span>MONTESSORI<\/span><\/div><div class=\"accordion_content\"><p>V\u00e1\u017een\u00ed rodi\u010de, na\u0161e Z\u00e1kladn\u00ed \u0161kola \u0160umperk, Vrchlick\u00e9ho 22 p\u0159ich\u00e1z\u00ed pro nov\u00fd \u0161koln\u00ed rok 2026\/2027 s v\u00fdukou od prvn\u00edho ro\u010dn\u00edku s prvky pedagogiky MONTESSORI. M\u00e1me nakoupeno v\u011bt\u0161\u00ed mno\u017estv\u00ed Montessori pom\u016fcek a budeme nad\u00e1le vybavovat u\u010debny pro v\u00fduku v jednotliv\u00fdch oborech.<br \/>Rovn\u011b\u017e vy\u0161\u0161\u00ed ro\u010dn\u00edky ji\u017e za\u010daly pracovat s prvky pedagogiky Montessori. <a href=\"https:\/\/www.5zssumperk.cz\/wp-content\/uploads\/2025\/10\/Montessori-2025-2026.pdf\">Montessori 2025-2026<\/a><\/p><\/div><\/div><div class=\"accordion_section\"><div class=\"accordion_title\"><i class=\"accordion_icon\"><\/i><span>V\u00fduku modern\u00ed, n\u00e1zornou a efektivn\u00ed formou s vyu\u017eit\u00edm interaktivn\u00edch tabul\u00ed. <\/span><\/div><div class=\"accordion_content\" style=\"display: none;\"><p>V\u00fduku modern\u00ed, n\u00e1zornou a efektivn\u00ed formou s vyu\u017eit\u00edm interaktivn\u00edch\u00a0tabul\u00ed. Ty jsou ve v\u0161ech t\u0159\u00edd\u00e1ch 1. stupn\u011b a v odborn\u00fdch u\u010debn\u00e1ch 2.stupn\u011b,\u00a0co\u017e z n\u00e1s d\u011bl\u00e1\u00a0nejl\u00e9pe vybavenou \u0161kolu v kraji. Ve \u0161kole je tak\u00e9 jazykov\u00e1\u00a0digit\u00e1ln\u00ed laborato\u0159, dv\u011b po\u010d\u00edta\u010dov\u00e9 u\u010debny, divadeln\u00ed s\u00e1l, ...<\/p><\/div><\/div><div class=\"accordion_section\"><div class=\"accordion_title\"><i class=\"accordion_icon\"><\/i><span>V\u00fduku v klidn\u00e9m prost\u0159ed\u00ed odd\u011blen\u00e9m od ostatn\u00edho ruchu \u0161koly.<\/span><\/div><div class=\"accordion_content\" style=\"display: none;\"><p>V\u00fduku v klidn\u00e9m prost\u0159ed\u00ed odd\u011blen\u00e9m od ostatn\u00edho ruchu \u0161koly. Prvn\u00ed\u00a0patro s hrac\u00edm koutkem je ur\u010deno pouze pro d\u011bti 1. a 2. ro\u010dn\u00edku. T\u0159\u00eddy jsou\u00a0propojen\u00e9 s dru\u017einou. Ta je vyu\u017e\u00edv\u00e1na pro pr\u00e1ci b\u011bhem v\u00fduky i na odpo\u010dinek o\u00a0p\u0159est\u00e1vk\u00e1ch.<\/p><\/div><\/div><div class=\"accordion_section\"><div class=\"accordion_title\"><i class=\"accordion_icon\"><\/i><span>V\u00fduku angli\u010dtiny hravou formou ji\u017e od 1. ro\u010dn\u00edku. Comenia script - alternativn\u00ed druh p\u00edsma ji\u017e 2.rokem v jedn\u00e9 z 1. t\u0159\u00edd. <\/span><\/div><div class=\"accordion_content\" style=\"display: none;\"><p>V\u00fduku angli\u010dtiny hravou formou ji\u017e od 1. ro\u010dn\u00edku.\u00a0Comenia script - alternativn\u00ed druh p\u00edsma ji\u017e 2.rokem v jedn\u00e9 z 1. t\u0159\u00edd.\u00a0\u0158adu krou\u017ek\u016f (nap\u0159.: divadeln\u00ed, informatika,\u00a0fl\u00e9tny, kytarov\u00fd, tane\u010dn\u00ed, florbal,\u00a0ekologick\u00fd ...).<\/p><\/div><\/div><div class=\"accordion_section\"><div class=\"accordion_title\"><i class=\"accordion_icon\"><\/i><span>Roz\u0161\u00ed\u0159enou v\u00fduku informatiky na 2. stupni.<\/span><\/div><div class=\"accordion_content\" style=\"display: none;\"><p>Roz\u0161\u00ed\u0159enou v\u00fduku informatiky na 2. stupni se zam\u011b\u0159en\u00edm na robotiku , po\u010d\u00edta\u010dovou grafiku, 3D tisk, programov\u00e1n\u00ed re\u00e1ln\u00fdch webov\u00fdch projektu<\/p><\/div><\/div><div class=\"accordion_section\"><div class=\"accordion_title\"><i class=\"accordion_icon\"><\/i><span>Rozmanit\u00e9 akce pro d\u011bti<\/span><\/div><div class=\"accordion_content\" style=\"display: none;\"><p>Rozmanit\u00e9 akce pro d\u011bti (nap\u0159.: seznamovac\u00ed T\u00e1bor\u00e1\u010dek pro budouc\u00ed\u00a0prv\u0148\u00e1\u010dky, Pasov\u00e1n\u00ed prv\u0148\u00e1\u010dk\u016f, jarn\u00ed a zimn\u00ed \u0161kola v p\u0159\u00edrod\u011b, ly\u017ea\u0159sk\u00e1 \u0161koli\u010dka,\u00a0ly\u017ea\u0159sk\u00fd kurz, jazykov\u00fd kurz, V\u00e1no\u010dn\u00ed bes\u00eddka, ...\u00a0<\/p><\/div><\/div><div class=\"accordion_section\"><div class=\"accordion_title\"><i class=\"accordion_icon\"><\/i><span>\u0160koln\u00ed dru\u017einu od 6:00 hod. do 16:30 hod.<\/span><\/div><div class=\"accordion_content\" style=\"display: none;\"><p>\u0160koln\u00ed dru\u017einu od 6:00 hod. do 16:30 hod. v zabezpe\u010den\u00e9m odd\u011blen\u00ed, kde si d\u011bti nejen hraj\u00ed ale mohou se zde p\u0159ipravovat na v\u00fduku a zpracov\u00e1vat \u0161koln\u00ed \u00fakoly. D\u011bti v r\u00e1mci \u0161koln\u00ed dru\u017einy jsou zapojeny do mnoha volno\u010dasov\u00fdch aktivit.<\/p><\/div><\/div><div class=\"accordion_section\"><div class=\"accordion_title\"><i class=\"accordion_icon\"><\/i><span>\u0160koln\u00ed j\u00eddelna<\/span><\/div><div class=\"accordion_content\" style=\"display: none;\"><p>V\u00fdb\u011br ze dvou druh\u016f hlavn\u00edho j\u00eddla.<\/p><\/div><\/div>            <\/div>\n        <\/div>\n        \t\t<\/div>\n\t\t\t\t<\/div>\n\t\t\t\t\t\t<\/div>\n\t\t\t\t\t<\/div>\n\t\t<\/div>\n\t\t\t\t\t\t\t\t<\/div>\n\t\t\t\t\t<\/div>\n\t\t<\/section>\n\t\t\t\t<section class=\"elementor-section elementor-top-section elementor-element elementor-element-93e91dd elementor-section-boxed elementor-section-height-default elementor-section-height-default\" data-id=\"93e91dd\" data-element_type=\"section\">\n\t\t\t\t\t\t<div class=\"elementor-container elementor-column-gap-default\">\n\t\t\t\t\t\t\t<div class=\"elementor-row\">\n\t\t\t\t\t<div class=\"elementor-column elementor-col-100 elementor-top-column elementor-element elementor-element-282e112\" data-id=\"282e112\" data-element_type=\"column\">\n\t\t\t<div class=\"elementor-column-wrap elementor-element-populated\">\n\t\t\t\t\t\t\t<div class=\"elementor-widget-wrap\">\n\t\t\t\t\t\t<div class=\"elementor-element elementor-element-f0bb0e9 elementor-widget elementor-widget-cws_callout\" data-id=\"f0bb0e9\" data-element_type=\"widget\" data-widget_type=\"cws_callout.default\">\n\t\t\t\t<div class=\"elementor-widget-container\">\n\t\t\t<div class=\"ce clearfix\"><div class=\"cws_callout\"><div class=\"content_section\"><div class=\"callout_title\"><div class=\"bees bees-end\"><span><\/span><\/div>O na\u0161\u00ed \u0161kole<\/div><div class=\"separate\"><\/div><div class=\"callout_text\"><p>Na\u0161e z\u00e1kladn\u00ed \u0161kola se zam\u011b\u0159uje na v\u00fduku v\u00fdpo\u010detn\u00ed techniky. Tak\u00e9 u n\u00e1s podporujeme v\u00fduku jazyk\u016f ji\u017e od 1. t\u0159\u00eddy.\u00a0<\/p><\/div><\/div><div class=\"button_section\"><a href=\"\/index.php\/one-column-2\/\" class=\"cws_button xlarge\" target=\"_blank\">z\u00e1kladn\u00ed informace o \u0161kole<div class=\"button-shadow\"><\/div><\/a><\/div><\/div><\/div>\t\t<\/div>\n\t\t\t\t<\/div>\n\t\t\t\t\t\t<\/div>\n\t\t\t\t\t<\/div>\n\t\t<\/div>\n\t\t\t\t\t\t\t\t<\/div>\n\t\t\t\t\t<\/div>\n\t\t<\/section>\n\t\t\t\t\t\t\t\t\t<\/div>\n\t\t\t<\/div>\n\t\t\t\t\t<\/div>\n\t\t","protected":false},"excerpt":{"rendered":"","protected":false},"author":1,"featured_media":0,"parent":0,"menu_order":0,"comment_status":"closed","ping_status":"closed","template":"","meta":[],"_links":{"self":[{"href":"https:\/\/www.5zssumperk.cz\/index.php\/wp-json\/wp\/v2\/pages\/6846"}],"collection":[{"href":"https:\/\/www.5zssumperk.cz\/index.php\/wp-json\/wp\/v2\/pages"}],"about":[{"href":"https:\/\/www.5zssumperk.cz\/index.php\/wp-json\/wp\/v2\/types\/page"}],"author":[{"embeddable":true,"href":"https:\/\/www.5zssumperk.cz\/index.php\/wp-json\/wp\/v2\/users\/1"}],"replies":[{"embeddable":true,"href":"https:\/\/www.5zssumperk.cz\/index.php\/wp-json\/wp\/v2\/comments?post=6846"}],"version-history":[{"count":172,"href":"https:\/\/www.5zssumperk.cz\/index.php\/wp-json\/wp\/v2\/pages\/6846\/revisions"}],"predecessor-version":[{"id":11121,"href":"https:\/\/www.5zssumperk.cz\/index.php\/wp-json\/wp\/v2\/pages\/6846\/revisions\/11121"}],"wp:attachment":[{"href":"https:\/\/www.5zssumperk.cz\/index.php\/wp-json\/wp\/v2\/media?parent=6846"}],"curies":[{"name":"wp","href":"https:\/\/api.w.org\/{rel}","templated":true}]}}