{"id":6898,"date":"2021-08-06T08:44:02","date_gmt":"2021-08-06T08:44:02","guid":{"rendered":"http:\/\/www.5zssumperk.cz.uvirt111.active24.cz\/?page_id=6898"},"modified":"2025-06-27T09:02:55","modified_gmt":"2025-06-27T09:02:55","slug":"jidelna","status":"publish","type":"page","link":"https:\/\/www.5zssumperk.cz\/index.php\/jidelna\/","title":{"rendered":"J\u00eddelna"},"content":{"rendered":"\t\t<div data-elementor-type=\"wp-page\" data-elementor-id=\"6898\" class=\"elementor elementor-6898\">\n\t\t\t\t\t\t<div class=\"elementor-inner\">\n\t\t\t\t<div class=\"elementor-section-wrap\">\n\t\t\t\t\t\t\t\t\t<section class=\"elementor-section elementor-top-section elementor-element elementor-element-a2562e0 elementor-section-boxed elementor-section-height-default elementor-section-height-default\" data-id=\"a2562e0\" data-element_type=\"section\">\n\t\t\t\t\t\t<div class=\"elementor-container elementor-column-gap-default\">\n\t\t\t\t\t\t\t<div class=\"elementor-row\">\n\t\t\t\t\t<div class=\"elementor-column elementor-col-100 elementor-top-column elementor-element elementor-element-a08c9a0\" data-id=\"a08c9a0\" data-element_type=\"column\">\n\t\t\t<div class=\"elementor-column-wrap elementor-element-populated\">\n\t\t\t\t\t\t\t<div class=\"elementor-widget-wrap\">\n\t\t\t\t\t\t<div class=\"elementor-element elementor-element-b676b36 elementor-invisible elementor-widget elementor-widget-cws_heading\" data-id=\"b676b36\" data-element_type=\"widget\" data-settings=\"{&quot;_animation&quot;:&quot;fadeInUp&quot;}\" data-widget_type=\"cws_heading.default\">\n\t\t\t\t<div class=\"elementor-widget-container\">\n\t\t\t<h3 class=\"ce_title heading\"><div>\u0160koln\u00ed j\u00eddelna - stravov\u00e1n\u00ed<\/div><\/h3>\t\t<\/div>\n\t\t\t\t<\/div>\n\t\t\t\t\t\t<\/div>\n\t\t\t\t\t<\/div>\n\t\t<\/div>\n\t\t\t\t\t\t\t\t<\/div>\n\t\t\t\t\t<\/div>\n\t\t<\/section>\n\t\t\t\t<section class=\"elementor-section elementor-top-section elementor-element elementor-element-9d9a791 elementor-section-boxed elementor-section-height-default elementor-section-height-default\" data-id=\"9d9a791\" data-element_type=\"section\">\n\t\t\t\t\t\t<div class=\"elementor-container elementor-column-gap-default\">\n\t\t\t\t\t\t\t<div class=\"elementor-row\">\n\t\t\t\t\t<div class=\"elementor-column elementor-col-100 elementor-top-column elementor-element elementor-element-3e09662\" data-id=\"3e09662\" data-element_type=\"column\">\n\t\t\t<div class=\"elementor-column-wrap elementor-element-populated\">\n\t\t\t\t\t\t\t<div class=\"elementor-widget-wrap\">\n\t\t\t\t\t\t<div class=\"elementor-element elementor-element-7fb5977 elementor-invisible elementor-widget elementor-widget-cws_button\" data-id=\"7fb5977\" data-element_type=\"widget\" data-settings=\"{&quot;_animation&quot;:&quot;fadeInUp&quot;}\" data-widget_type=\"cws_button.default\">\n\t\t\t\t<div class=\"elementor-widget-container\">\n\t\t\t<a href=\"\/wp-content\/uploads\/2021\/08\/3362.pdf\" class=\"cws_button xlarge alt\"><span class=\"cws_button_inner\">Platba inkasem - dokument ke sta\u017een\u00ed<\/span><\/a>\t\t<\/div>\n\t\t\t\t<\/div>\n\t\t\t\t<div class=\"elementor-element elementor-element-72ca93c elementor-invisible elementor-widget elementor-widget-cws_button\" data-id=\"72ca93c\" data-element_type=\"widget\" data-settings=\"{&quot;_animation&quot;:&quot;fadeInUp&quot;}\" data-widget_type=\"cws_button.default\">\n\t\t\t\t<div class=\"elementor-widget-container\">\n\t\t\t<a href=\"https:\/\/www.5zssumperk.cz\/wp-content\/uploads\/2025\/06\/prihlaska-ke-stravovani-NOVA-25.doc\" class=\"cws_button xlarge alt\"><span class=\"cws_button_inner\">P\u0159ihl\u00e1\u0161ka ke stravov\u00e1n\u00ed - dokument ke sta\u017een\u00ed<\/span><\/a>\t\t<\/div>\n\t\t\t\t<\/div>\n\t\t\t\t\t\t<\/div>\n\t\t\t\t\t<\/div>\n\t\t<\/div>\n\t\t\t\t\t\t\t\t<\/div>\n\t\t\t\t\t<\/div>\n\t\t<\/section>\n\t\t\t\t<section class=\"elementor-section elementor-top-section elementor-element elementor-element-e80e1a7 elementor-section-boxed elementor-section-height-default elementor-section-height-default\" data-id=\"e80e1a7\" data-element_type=\"section\">\n\t\t\t\t\t\t<div class=\"elementor-container elementor-column-gap-default\">\n\t\t\t\t\t\t\t<div class=\"elementor-row\">\n\t\t\t\t\t<div class=\"elementor-column elementor-col-100 elementor-top-column elementor-element elementor-element-92d3d54\" data-id=\"92d3d54\" data-element_type=\"column\">\n\t\t\t<div class=\"elementor-column-wrap elementor-element-populated\">\n\t\t\t\t\t\t\t<div class=\"elementor-widget-wrap\">\n\t\t\t\t\t\t<div class=\"elementor-element elementor-element-9991f02 elementor-widget elementor-widget-cws_message_box\" data-id=\"9991f02\" data-element_type=\"widget\" data-widget_type=\"cws_message_box.default\">\n\t\t\t\t<div class=\"elementor-widget-container\">\n\t\t\t<div class=\"cws_msg_box info-box clearfix\"><div class=\"icon_section\"><i class=\"fa fa-info\"><\/i><\/div><div class=\"content_section\"><div class=\"msg_box_title\">provozn\u00ed doba<\/div><div class=\"msg_box_text\">11:30 hod.  a\u017e 14:00 hod.<\/div><\/div><\/div>\t\t<\/div>\n\t\t\t\t<\/div>\n\t\t\t\t<div class=\"elementor-element elementor-element-8cdffe5 elementor-invisible elementor-widget elementor-widget-cws_message_box\" data-id=\"8cdffe5\" data-element_type=\"widget\" data-settings=\"{&quot;_animation&quot;:&quot;fadeInUp&quot;}\" data-widget_type=\"cws_message_box.default\">\n\t\t\t\t<div class=\"elementor-widget-container\">\n\t\t\t<div class=\"cws_msg_box success-box clearfix closable\"><div class=\"icon_section\"><i class=\"fa fa-thumbs-up\"><\/i><\/div><div class=\"content_section\"><div class=\"msg_box_title\">Platba inkasem<\/div><div class=\"msg_box_text\">\nINFORMACE pro rodi\u010de nast\u00e1vaj\u00edc\u00edch prv\u0148\u00e1\u010dk\u016f ohledn\u011b \u0161koln\u00edho stravov\u00e1n\u00ed. Ve\u0161ker\u00e9 platby ve \u0161koln\u00ed j\u00eddeln\u011b (ob\u011bdy i sva\u010dinky) budou placeny prost\u0159ednictv\u00edm inkasa. St\u00e1hn\u011bte si pros\u00edm tento formul\u00e1\u0159 a potvrzen\u00fd zaneste vedouc\u00ed \u0160J pan\u00ed Jan\u011b Reinerov\u00e9. P\u0159edejdete tak front\u00e1m u ok\u00fdnka a za\u0159\u00edd\u00edte si p\u0159edem vyhovuj\u00edc\u00ed stravu s p\u0159edstihem.<\/div><\/div><div class=\"cls_btn\"><\/div><\/div>\t\t<\/div>\n\t\t\t\t<\/div>\n\t\t\t\t<div class=\"elementor-element elementor-element-856fdff elementor-widget elementor-widget-cws_callout\" data-id=\"856fdff\" data-element_type=\"widget\" data-widget_type=\"cws_callout.default\">\n\t\t\t\t<div class=\"elementor-widget-container\">\n\t\t\t<div class=\"ce clearfix\"><div class=\"cws_callout\"><div class=\"content_section\"><div class=\"callout_text\"><p>Online rezervace j\u00eddel \u0161koln\u00ed j\u00eddelny<\/p><\/div><\/div><div class=\"button_section\"><a href=\"https:\/\/www.strava.cz\/strava\/\" class=\"cws_button xlarge\" target=\"_blank\">Strava.cz<div class=\"button-shadow\"><\/div><\/a><\/div><\/div><\/div>\t\t<\/div>\n\t\t\t\t<\/div>\n\t\t\t\t<div class=\"elementor-element elementor-element-8b1da73 elementor-widget-divider--separator-type-pattern elementor-widget-divider--view-line elementor-widget elementor-widget-divider\" data-id=\"8b1da73\" data-element_type=\"widget\" data-widget_type=\"divider.default\">\n\t\t\t\t<div class=\"elementor-widget-container\">\n\t\t\t<style>\/*! elementor - v3.8.1 - 13-11-2022 *\/\n.elementor-widget-divider{--divider-border-style:none;--divider-border-width:1px;--divider-color:#2c2c2c;--divider-icon-size:20px;--divider-element-spacing:10px;--divider-pattern-height:24px;--divider-pattern-size:20px;--divider-pattern-url:none;--divider-pattern-repeat:repeat-x}.elementor-widget-divider .elementor-divider{display:-webkit-box;display:-ms-flexbox;display:flex}.elementor-widget-divider .elementor-divider__text{font-size:15px;line-height:1;max-width:95%}.elementor-widget-divider .elementor-divider__element{margin:0 var(--divider-element-spacing);-ms-flex-negative:0;flex-shrink:0}.elementor-widget-divider .elementor-icon{font-size:var(--divider-icon-size)}.elementor-widget-divider .elementor-divider-separator{display:-webkit-box;display:-ms-flexbox;display:flex;margin:0;direction:ltr}.elementor-widget-divider--view-line_icon .elementor-divider-separator,.elementor-widget-divider--view-line_text .elementor-divider-separator{-webkit-box-align:center;-ms-flex-align:center;align-items:center}.elementor-widget-divider--view-line_icon .elementor-divider-separator:after,.elementor-widget-divider--view-line_icon .elementor-divider-separator:before,.elementor-widget-divider--view-line_text .elementor-divider-separator:after,.elementor-widget-divider--view-line_text .elementor-divider-separator:before{display:block;content:\"\";border-bottom:0;-webkit-box-flex:1;-ms-flex-positive:1;flex-grow:1;border-top:var(--divider-border-width) var(--divider-border-style) var(--divider-color)}.elementor-widget-divider--element-align-left .elementor-divider .elementor-divider-separator>.elementor-divider__svg:first-of-type{-webkit-box-flex:0;-ms-flex-positive:0;flex-grow:0;-ms-flex-negative:100;flex-shrink:100}.elementor-widget-divider--element-align-left .elementor-divider-separator:before{content:none}.elementor-widget-divider--element-align-left .elementor-divider__element{margin-left:0}.elementor-widget-divider--element-align-right .elementor-divider .elementor-divider-separator>.elementor-divider__svg:last-of-type{-webkit-box-flex:0;-ms-flex-positive:0;flex-grow:0;-ms-flex-negative:100;flex-shrink:100}.elementor-widget-divider--element-align-right .elementor-divider-separator:after{content:none}.elementor-widget-divider--element-align-right .elementor-divider__element{margin-right:0}.elementor-widget-divider:not(.elementor-widget-divider--view-line_text):not(.elementor-widget-divider--view-line_icon) .elementor-divider-separator{border-top:var(--divider-border-width) var(--divider-border-style) var(--divider-color)}.elementor-widget-divider--separator-type-pattern{--divider-border-style:none}.elementor-widget-divider--separator-type-pattern.elementor-widget-divider--view-line .elementor-divider-separator,.elementor-widget-divider--separator-type-pattern:not(.elementor-widget-divider--view-line) .elementor-divider-separator:after,.elementor-widget-divider--separator-type-pattern:not(.elementor-widget-divider--view-line) .elementor-divider-separator:before,.elementor-widget-divider--separator-type-pattern:not([class*=elementor-widget-divider--view]) .elementor-divider-separator{width:100%;min-height:var(--divider-pattern-height);-webkit-mask-size:var(--divider-pattern-size) 100%;mask-size:var(--divider-pattern-size) 100%;-webkit-mask-repeat:var(--divider-pattern-repeat);mask-repeat:var(--divider-pattern-repeat);background-color:var(--divider-color);-webkit-mask-image:var(--divider-pattern-url);mask-image:var(--divider-pattern-url)}.elementor-widget-divider--no-spacing{--divider-pattern-size:auto}.elementor-widget-divider--bg-round{--divider-pattern-repeat:round}.rtl .elementor-widget-divider .elementor-divider__text{direction:rtl}.e-con-inner>.elementor-widget-divider,.e-con>.elementor-widget-divider{width:var(--container-widget-width,100%)}<\/style>\t\t<div class=\"elementor-divider\" style=\"--divider-pattern-url: url(&quot;data:image\/svg+xml,%3Csvg xmlns=&#039;http:\/\/www.w3.org\/2000\/svg&#039; preserveAspectRatio=&#039;none&#039; overflow=&#039;visible&#039; height=&#039;100%&#039; viewBox=&#039;0 0 24 24&#039; fill=&#039;none&#039; stroke=&#039;black&#039; stroke-width=&#039;1&#039; stroke-linecap=&#039;square&#039; stroke-miterlimit=&#039;10&#039;%3E%3Cpath d=&#039;M0,6c6,0,6,13,12,13S18,6,24,6&#039;\/%3E%3C\/svg%3E&quot;);\">\n\t\t\t<span class=\"elementor-divider-separator\">\n\t\t\t\t\t\t<\/span>\n\t\t<\/div>\n\t\t\t\t<\/div>\n\t\t\t\t<\/div>\n\t\t\t\t<div class=\"elementor-element elementor-element-bf7f40c elementor-widget elementor-widget-cws_callout\" data-id=\"bf7f40c\" data-element_type=\"widget\" data-widget_type=\"cws_callout.default\">\n\t\t\t\t<div class=\"elementor-widget-container\">\n\t\t\t<div class=\"ce clearfix\"><div class=\"cws_callout\"><div class=\"content_section\"><div class=\"callout_text\"><p>Online j\u00eddeln\u00ed\u010dek<\/p><\/div><\/div><div class=\"button_section\"><a href=\"https:\/\/docs.google.com\/document\/d\/1YXMaxFucWXZ6h8a-HEOdzeNb5rn1yW1g4yOqnKozz8c\/edit?pli=1\" class=\"cws_button xlarge\" target=\"_blank\">J\u00eddeln\u00ed\u010dek zde<div class=\"button-shadow\"><\/div><\/a><\/div><\/div><\/div>\t\t<\/div>\n\t\t\t\t<\/div>\n\t\t\t\t\t\t<\/div>\n\t\t\t\t\t<\/div>\n\t\t<\/div>\n\t\t\t\t\t\t\t\t<\/div>\n\t\t\t\t\t<\/div>\n\t\t<\/section>\n\t\t\t\t<section class=\"elementor-section elementor-top-section elementor-element elementor-element-0482592 elementor-section-boxed elementor-section-height-default elementor-section-height-default elementor-invisible\" data-id=\"0482592\" data-element_type=\"section\" data-settings=\"{&quot;animation&quot;:&quot;fadeInUp&quot;}\">\n\t\t\t\t\t\t<div class=\"elementor-container elementor-column-gap-default\">\n\t\t\t\t\t\t\t<div class=\"elementor-row\">\n\t\t\t\t\t<div class=\"elementor-column elementor-col-100 elementor-top-column elementor-element elementor-element-cd21ad9\" data-id=\"cd21ad9\" data-element_type=\"column\">\n\t\t\t<div class=\"elementor-column-wrap elementor-element-populated\">\n\t\t\t\t\t\t\t<div class=\"elementor-widget-wrap\">\n\t\t\t\t\t\t<div class=\"elementor-element elementor-element-5e65c97 elementor-widget elementor-widget-cws_testimonial_carousel\" data-id=\"5e65c97\" data-element_type=\"widget\" data-widget_type=\"cws_testimonial_carousel.default\">\n\t\t\t\t<div class=\"elementor-widget-container\">\n\t\t\t<div class=\"ce clearfix\"><div><div class=\"cws_sc_carousel autoplay\"  data-columns=4 data-slidespeed=301 data-autoplay=2000><div class=\"cws_sc_carousel_header clearfix\"><div class=\"ce_title\">\u0160koln\u00ed j\u00eddelna zaji\u0161\u0165uje:<\/div><div class=\"carousel_nav_panel\"><span class=\"prev\"><\/span><span class=\"next\"><\/span><\/div><\/div><div class=\"cws_wrapper\"><ul><li><div class=\"testimonial clearfix \"><div class=\"quote\">stravov\u00e1n\u00ed d\u011bt\u00ed, zam\u011bstnanc\u016f a extern\u00edch str\u00e1vn\u00edk\u016f<\/div><figure class='author'><div class='dott'><span>.<\/span><span>.<\/span><span>.<\/span><\/div><img  src='https:\/\/www.5zssumperk.cz\/wp-content\/uploads\/bfi_thumb\/HAMHAM-logo-ikona-bezpozadi-3hv6qdj8dq5qj8g7hkgglm.png' data-at2x='https:\/\/www.5zssumperk.cz\/wp-content\/uploads\/bfi_thumb\/HAMHAM-logo-ikona-bezpozadi-3hv6qdj8dq5qj8g7hkgglm@2x.png' alt \/><\/figure><\/div><\/li><li><div class=\"testimonial clearfix \"><div class=\"quote\">va\u0159\u00edme dv\u011b hlavn\u00ed j\u00eddla denn\u011b<\/div><figure class='author'><div class='dott'><span>.<\/span><span>.<\/span><span>.<\/span><\/div><img  src='https:\/\/www.5zssumperk.cz\/wp-content\/uploads\/bfi_thumb\/HAMHAM-logo-ikona-bezpozadi-3hv6qdj8dq5qj8g7hkgglm.png' data-at2x='https:\/\/www.5zssumperk.cz\/wp-content\/uploads\/bfi_thumb\/HAMHAM-logo-ikona-bezpozadi-3hv6qdj8dq5qj8g7hkgglm@2x.png' alt \/><\/figure><\/div><\/li><li><div class=\"testimonial clearfix \"><div class=\"quote\">va\u0159\u00edme  bezlepkovou a \u0161et\u0159\u00edc\u00ed dietu<\/div><figure class='author'><div class='dott'><span>.<\/span><span>.<\/span><span>.<\/span><\/div><img  src='https:\/\/www.5zssumperk.cz\/wp-content\/uploads\/bfi_thumb\/HAMHAM-logo-ikona-bezpozadi-3hv6qdj8dq5qj8g7hkgglm.png' data-at2x='https:\/\/www.5zssumperk.cz\/wp-content\/uploads\/bfi_thumb\/HAMHAM-logo-ikona-bezpozadi-3hv6qdj8dq5qj8g7hkgglm@2x.png' alt \/><\/figure><\/div><\/li><li><div class=\"testimonial clearfix \"><div class=\"quote\">reagujeme na modern\u00ed sm\u011bry va\u0159en\u00ed<\/div><figure class='author'><div class='dott'><span>.<\/span><span>.<\/span><span>.<\/span><\/div><img  src='https:\/\/www.5zssumperk.cz\/wp-content\/uploads\/bfi_thumb\/HAMHAM-logo-ikona-bezpozadi-3hv6qdj8dq5qj8g7hkgglm.png' data-at2x='https:\/\/www.5zssumperk.cz\/wp-content\/uploads\/bfi_thumb\/HAMHAM-logo-ikona-bezpozadi-3hv6qdj8dq5qj8g7hkgglm@2x.png' alt \/><\/figure><\/div><\/li><li><div class=\"testimonial clearfix \"><div class=\"quote\">za\u0159azujeme vit\u00e1ln\u00ed potraviny<\/div><figure class='author'><div class='dott'><span>.<\/span><span>.<\/span><span>.<\/span><\/div><img  src='https:\/\/www.5zssumperk.cz\/wp-content\/uploads\/bfi_thumb\/HAMHAM-logo-ikona-bezpozadi-3hv6qdj8dq5qj8g7hkgglm.png' data-at2x='https:\/\/www.5zssumperk.cz\/wp-content\/uploads\/bfi_thumb\/HAMHAM-logo-ikona-bezpozadi-3hv6qdj8dq5qj8g7hkgglm@2x.png' alt \/><\/figure><\/div><\/li><li><div class=\"testimonial clearfix \"><div class=\"quote\">prezentujeme pokrmy mezin\u00e1rodn\u00edch kuchyn\u00ed<\/div><figure class='author'><div class='dott'><span>.<\/span><span>.<\/span><span>.<\/span><\/div><img  src='https:\/\/www.5zssumperk.cz\/wp-content\/uploads\/bfi_thumb\/HAMHAM-logo-ikona-bezpozadi-3hv6qdj8dq5qj8g7hkgglm.png' data-at2x='https:\/\/www.5zssumperk.cz\/wp-content\/uploads\/bfi_thumb\/HAMHAM-logo-ikona-bezpozadi-3hv6qdj8dq5qj8g7hkgglm@2x.png' alt \/><\/figure><\/div><\/li><li><div class=\"testimonial clearfix \"><div class=\"quote\">vedeme d\u011bti k samostatnosti vyu\u017eit\u00edm samoobslu\u017en\u00fdch \u00fasek\u016f - n\u00e1pojov\u00fd a zeleninov\u00fd servis<\/div><figure class='author'><div class='dott'><span>.<\/span><span>.<\/span><span>.<\/span><\/div><img  src='https:\/\/www.5zssumperk.cz\/wp-content\/uploads\/bfi_thumb\/HAMHAM-logo-ikona-bezpozadi-3hv6qdj8dq5qj8g7hkgglm.png' data-at2x='https:\/\/www.5zssumperk.cz\/wp-content\/uploads\/bfi_thumb\/HAMHAM-logo-ikona-bezpozadi-3hv6qdj8dq5qj8g7hkgglm@2x.png' alt \/><\/figure><\/div><\/li><li><div class=\"testimonial clearfix \"><div class=\"quote\">sna\u017e\u00edme se o zpest\u0159en\u00ed formou raut\u016f, cateringu, tematicky zam\u011b\u0159en\u00fdch j\u00eddel, v\u00fdzdobou j\u00eddelny<\/div><figure class='author'><div class='dott'><span>.<\/span><span>.<\/span><span>.<\/span><\/div><img  src='https:\/\/www.5zssumperk.cz\/wp-content\/uploads\/bfi_thumb\/HAMHAM-logo-ikona-bezpozadi-3hv6qdj8dq5qj8g7hkgglm.png' data-at2x='https:\/\/www.5zssumperk.cz\/wp-content\/uploads\/bfi_thumb\/HAMHAM-logo-ikona-bezpozadi-3hv6qdj8dq5qj8g7hkgglm@2x.png' alt \/><\/figure><\/div><\/li><li><div class=\"testimonial clearfix \"><div class=\"quote\">ob\u011bdy denn\u011b prezentujeme v menu vitr\u00edn\u011b<\/div><figure class='author'><div class='dott'><span>.<\/span><span>.<\/span><span>.<\/span><\/div><img  src='https:\/\/www.5zssumperk.cz\/wp-content\/uploads\/bfi_thumb\/HAMHAM-logo-ikona-bezpozadi-3hv6qdj8dq5qj8g7hkgglm.png' data-at2x='https:\/\/www.5zssumperk.cz\/wp-content\/uploads\/bfi_thumb\/HAMHAM-logo-ikona-bezpozadi-3hv6qdj8dq5qj8g7hkgglm@2x.png' alt \/><\/figure><\/div><\/li><li><div class=\"testimonial clearfix \"><div class=\"quote\"> zaji\u0161\u0165ujeme ob\u010derstven\u00ed na akc\u00edch \u0161koly  <\/div><figure class='author'><div class='dott'><span>.<\/span><span>.<\/span><span>.<\/span><\/div><img  src='https:\/\/www.5zssumperk.cz\/wp-content\/uploads\/bfi_thumb\/HAMHAM-logo-ikona-bezpozadi-3hv6qdj8dq5qj8g7hkgglm.png' data-at2x='https:\/\/www.5zssumperk.cz\/wp-content\/uploads\/bfi_thumb\/HAMHAM-logo-ikona-bezpozadi-3hv6qdj8dq5qj8g7hkgglm@2x.png' alt \/><\/figure><\/div><\/li><li><div class=\"testimonial clearfix \"><div class=\"quote\">pro d\u011bti realizujeme nap\u0159. n\u00e1v\u0161t\u011bvu Mikul\u00e1\u0161e<\/div><figure class='author'><div class='dott'><span>.<\/span><span>.<\/span><span>.<\/span><\/div><img  src='https:\/\/www.5zssumperk.cz\/wp-content\/uploads\/bfi_thumb\/HAMHAM-logo-ikona-bezpozadi-3hv6qdj8dq5qj8g7hkgglm.png' data-at2x='https:\/\/www.5zssumperk.cz\/wp-content\/uploads\/bfi_thumb\/HAMHAM-logo-ikona-bezpozadi-3hv6qdj8dq5qj8g7hkgglm@2x.png' alt \/><\/figure><\/div><\/li><\/ul><div><div><\/div><\/div>\t\t<\/div>\n\t\t\t\t<\/div>\n\t\t\t\t<div class=\"elementor-element elementor-element-cd7e6ef elementor-widget elementor-widget-cws_message_box\" data-id=\"cd7e6ef\" data-element_type=\"widget\" data-widget_type=\"cws_message_box.default\">\n\t\t\t\t<div class=\"elementor-widget-container\">\n\t\t\t<div class=\"cws_msg_box info-box clearfix\"><div class=\"icon_section\"><i class=\"fa fa-info\"><\/i><\/div><div class=\"content_section\"><div class=\"msg_box_title\">Telefon \u0161koln\u00ed j\u00eddelna:<\/div><div class=\"msg_box_text\">tel : +420 739 079 162 - Jana Reinerov\u00e1 (vedouc\u00ed j\u00eddelny)<\/div><\/div><\/div>\t\t<\/div>\n\t\t\t\t<\/div>\n\t\t\t\t<div class=\"elementor-element elementor-element-cbaafed elementor-widget elementor-widget-cws_message_box\" data-id=\"cbaafed\" data-element_type=\"widget\" data-widget_type=\"cws_message_box.default\">\n\t\t\t\t<div class=\"elementor-widget-container\">\n\t\t\t<div class=\"cws_msg_box error-box clearfix\"><div class=\"icon_section\"><i class=\"fa fa-exclamation\"><\/i><\/div><div class=\"content_section\"><div class=\"msg_box_title\">E-mail \u0161koln\u00ed j\u00eddelna:<\/div><div class=\"msg_box_text\">jidelna@5zssumperk.cz <\/div><\/div><\/div>\t\t<\/div>\n\t\t\t\t<\/div>\n\t\t\t\t\t\t<\/div>\n\t\t\t\t\t<\/div>\n\t\t<\/div>\n\t\t\t\t\t\t\t\t<\/div>\n\t\t\t\t\t<\/div>\n\t\t<\/section>\n\t\t\t\t\t\t\t\t\t<\/div>\n\t\t\t<\/div>\n\t\t\t\t\t<\/div>\n\t\t","protected":false},"excerpt":{"rendered":"","protected":false},"author":1,"featured_media":0,"parent":0,"menu_order":0,"comment_status":"closed","ping_status":"closed","template":"","meta":[],"_links":{"self":[{"href":"https:\/\/www.5zssumperk.cz\/index.php\/wp-json\/wp\/v2\/pages\/6898"}],"collection":[{"href":"https:\/\/www.5zssumperk.cz\/index.php\/wp-json\/wp\/v2\/pages"}],"about":[{"href":"https:\/\/www.5zssumperk.cz\/index.php\/wp-json\/wp\/v2\/types\/page"}],"author":[{"embeddable":true,"href":"https:\/\/www.5zssumperk.cz\/index.php\/wp-json\/wp\/v2\/users\/1"}],"replies":[{"embeddable":true,"href":"https:\/\/www.5zssumperk.cz\/index.php\/wp-json\/wp\/v2\/comments?post=6898"}],"version-history":[{"count":76,"href":"https:\/\/www.5zssumperk.cz\/index.php\/wp-json\/wp\/v2\/pages\/6898\/revisions"}],"predecessor-version":[{"id":10763,"href":"https:\/\/www.5zssumperk.cz\/index.php\/wp-json\/wp\/v2\/pages\/6898\/revisions\/10763"}],"wp:attachment":[{"href":"https:\/\/www.5zssumperk.cz\/index.php\/wp-json\/wp\/v2\/media?parent=6898"}],"curies":[{"name":"wp","href":"https:\/\/api.w.org\/{rel}","templated":true}]}}