{"id":6956,"date":"2021-08-06T14:33:12","date_gmt":"2021-08-06T14:33:12","guid":{"rendered":"http:\/\/www.5zssumperk.cz.uvirt111.active24.cz\/?page_id=6956"},"modified":"2026-01-06T08:23:15","modified_gmt":"2026-01-06T08:23:15","slug":"nas-tym","status":"publish","type":"page","link":"https:\/\/www.5zssumperk.cz\/index.php\/nas-tym\/","title":{"rendered":"N\u00e1\u0161 t\u00fdm"},"content":{"rendered":"\t\t<div data-elementor-type=\"wp-page\" data-elementor-id=\"6956\" class=\"elementor elementor-6956\">\n\t\t\t\t\t\t<div class=\"elementor-inner\">\n\t\t\t\t<div class=\"elementor-section-wrap\">\n\t\t\t\t\t\t\t\t\t<section class=\"elementor-section elementor-top-section elementor-element elementor-element-b31ce7e elementor-section-boxed elementor-section-height-default elementor-section-height-default elementor-invisible\" data-id=\"b31ce7e\" data-element_type=\"section\" data-settings=\"{&quot;animation&quot;:&quot;fadeInUp&quot;}\">\n\t\t\t\t\t\t<div class=\"elementor-container elementor-column-gap-default\">\n\t\t\t\t\t\t\t<div class=\"elementor-row\">\n\t\t\t\t\t<div class=\"elementor-column elementor-col-100 elementor-top-column elementor-element elementor-element-6d3fe85\" data-id=\"6d3fe85\" data-element_type=\"column\">\n\t\t\t<div class=\"elementor-column-wrap elementor-element-populated\">\n\t\t\t\t\t\t\t<div class=\"elementor-widget-wrap\">\n\t\t\t\t\t\t<div class=\"elementor-element elementor-element-4849872 elementor-widget elementor-widget-cws_testimonial_carousel\" data-id=\"4849872\" data-element_type=\"widget\" data-widget_type=\"cws_testimonial_carousel.default\">\n\t\t\t\t<div class=\"elementor-widget-container\">\n\t\t\t<div class=\"ce clearfix\"><div><div class=\"cws_sc_carousel autoplay\"  data-columns=2 data-slidespeed=300 data-autoplay=5000><div class=\"cws_sc_carousel_header clearfix\"><div class=\"ce_title\">Pedagogick\u00fd sbor - kontakty<\/div><div class=\"carousel_nav_panel\"><span class=\"prev\"><\/span><span class=\"next\"><\/span><\/div><\/div><div class=\"cws_wrapper\"><ul><li><div class=\"testimonial clearfix \"><div class=\"quote\">\u0159editel \u0161koly\nemail: malek@5zssumperk.cz<\/div><figure class='author'><div class='dott'><span>.<\/span><span>.<\/span><span>.<\/span><\/div><img  src='https:\/\/www.5zssumperk.cz\/wp-content\/uploads\/bfi_thumb\/pedagogicky-sbor2-3dt2jmpjhx9yipiqe2o9hm.jpg' data-at2x='https:\/\/www.5zssumperk.cz\/wp-content\/uploads\/bfi_thumb\/pedagogicky-sbor2-3dt2jmpjhx9yipiqe2o9hm@2x.jpg' alt \/><figcaption>Petr M\u00e1lek<\/figcaption><\/figure><\/div><\/li><li><div class=\"testimonial clearfix \"><div class=\"quote\">z\u00e1stupce \u0159editele email: psencik@5zssumperk.cz<\/div><figure class='author'><div class='dott'><span>.<\/span><span>.<\/span><span>.<\/span><\/div><img  src='https:\/\/www.5zssumperk.cz\/wp-content\/uploads\/bfi_thumb\/pedagogicky-sbor1-3dt2jszpkjxdh4ubndx1qi.jpg' data-at2x='https:\/\/www.5zssumperk.cz\/wp-content\/uploads\/bfi_thumb\/pedagogicky-sbor1-3dt2jszpkjxdh4ubndx1qi@2x.jpg' alt \/><figcaption>Milan P\u0161en\u010d\u00edk<\/figcaption><\/figure><\/div><\/li><li><div class=\"testimonial clearfix \"><div class=\"quote\">z\u00e1stupce \u0159editele: bliznak.lubos@5zssumperk.cz<\/div><figure class='author'><div class='dott'><span>.<\/span><span>.<\/span><span>.<\/span><\/div><img  src='https:\/\/www.5zssumperk.cz\/wp-content\/uploads\/bfi_thumb\/foto-lubos1-3h6oh6s8ae0z0ej0ssk4ju.jpg' data-at2x='https:\/\/www.5zssumperk.cz\/wp-content\/uploads\/bfi_thumb\/foto-lubos1-3h6oh6s8ae0z0ej0ssk4ju@2x.jpg' alt \/><figcaption>Lubo\u0161 Bli\u017e\u0148\u00e1k<\/figcaption><\/figure><\/div><\/li><\/ul><div><div><\/div><\/div>\t\t<\/div>\n\t\t\t\t<\/div>\n\t\t\t\t<div class=\"elementor-element elementor-element-cb828c8 elementor-widget elementor-widget-cws_callout\" data-id=\"cb828c8\" data-element_type=\"widget\" data-widget_type=\"cws_callout.default\">\n\t\t\t\t<div class=\"elementor-widget-container\">\n\t\t\t<div class=\"ce clearfix\"><div class=\"cws_callout\"><div class=\"content_section\"><div class=\"callout_title\"><div class=\"bees bees-end\"><span><\/span><\/div>Chcete n\u00e1m napsat?<\/div><div class=\"separate\"><\/div><div class=\"callout_text\"><p>emailov\u00e1 adresa je slo\u017eena z p\u0159\u00edjmen\u00ed a jm\u00e9na ka\u017ed\u00e9ho zam\u011bstnance (plus na\u0161e dom\u00e9na)<\/p><p>nap\u0159\u00edklad zam\u011bstnanec: Vesel\u00fd Michael<\/p><p>email: vesely.michael@5zssumperk.cz<\/p><\/div><\/div><div class=\"button_section\"><a href=\"\" class=\"cws_button xlarge\" target=\"_blank\">N\u00e1\u0161 t\u00fdm (pedagogov\u00e9 a asistenti)<div class=\"button-shadow\"><\/div><\/a><\/div><\/div><\/div>\t\t<\/div>\n\t\t\t\t<\/div>\n\t\t\t\t<div class=\"elementor-element elementor-element-2f386fe elementor-widget-divider--view-line elementor-widget elementor-widget-divider\" data-id=\"2f386fe\" data-element_type=\"widget\" data-widget_type=\"divider.default\">\n\t\t\t\t<div class=\"elementor-widget-container\">\n\t\t\t<style>\/*! elementor - v3.8.1 - 13-11-2022 *\/\n.elementor-widget-divider{--divider-border-style:none;--divider-border-width:1px;--divider-color:#2c2c2c;--divider-icon-size:20px;--divider-element-spacing:10px;--divider-pattern-height:24px;--divider-pattern-size:20px;--divider-pattern-url:none;--divider-pattern-repeat:repeat-x}.elementor-widget-divider .elementor-divider{display:-webkit-box;display:-ms-flexbox;display:flex}.elementor-widget-divider .elementor-divider__text{font-size:15px;line-height:1;max-width:95%}.elementor-widget-divider .elementor-divider__element{margin:0 var(--divider-element-spacing);-ms-flex-negative:0;flex-shrink:0}.elementor-widget-divider .elementor-icon{font-size:var(--divider-icon-size)}.elementor-widget-divider .elementor-divider-separator{display:-webkit-box;display:-ms-flexbox;display:flex;margin:0;direction:ltr}.elementor-widget-divider--view-line_icon .elementor-divider-separator,.elementor-widget-divider--view-line_text .elementor-divider-separator{-webkit-box-align:center;-ms-flex-align:center;align-items:center}.elementor-widget-divider--view-line_icon .elementor-divider-separator:after,.elementor-widget-divider--view-line_icon .elementor-divider-separator:before,.elementor-widget-divider--view-line_text .elementor-divider-separator:after,.elementor-widget-divider--view-line_text .elementor-divider-separator:before{display:block;content:\"\";border-bottom:0;-webkit-box-flex:1;-ms-flex-positive:1;flex-grow:1;border-top:var(--divider-border-width) var(--divider-border-style) var(--divider-color)}.elementor-widget-divider--element-align-left .elementor-divider .elementor-divider-separator>.elementor-divider__svg:first-of-type{-webkit-box-flex:0;-ms-flex-positive:0;flex-grow:0;-ms-flex-negative:100;flex-shrink:100}.elementor-widget-divider--element-align-left .elementor-divider-separator:before{content:none}.elementor-widget-divider--element-align-left .elementor-divider__element{margin-left:0}.elementor-widget-divider--element-align-right .elementor-divider .elementor-divider-separator>.elementor-divider__svg:last-of-type{-webkit-box-flex:0;-ms-flex-positive:0;flex-grow:0;-ms-flex-negative:100;flex-shrink:100}.elementor-widget-divider--element-align-right .elementor-divider-separator:after{content:none}.elementor-widget-divider--element-align-right .elementor-divider__element{margin-right:0}.elementor-widget-divider:not(.elementor-widget-divider--view-line_text):not(.elementor-widget-divider--view-line_icon) .elementor-divider-separator{border-top:var(--divider-border-width) var(--divider-border-style) var(--divider-color)}.elementor-widget-divider--separator-type-pattern{--divider-border-style:none}.elementor-widget-divider--separator-type-pattern.elementor-widget-divider--view-line .elementor-divider-separator,.elementor-widget-divider--separator-type-pattern:not(.elementor-widget-divider--view-line) .elementor-divider-separator:after,.elementor-widget-divider--separator-type-pattern:not(.elementor-widget-divider--view-line) .elementor-divider-separator:before,.elementor-widget-divider--separator-type-pattern:not([class*=elementor-widget-divider--view]) .elementor-divider-separator{width:100%;min-height:var(--divider-pattern-height);-webkit-mask-size:var(--divider-pattern-size) 100%;mask-size:var(--divider-pattern-size) 100%;-webkit-mask-repeat:var(--divider-pattern-repeat);mask-repeat:var(--divider-pattern-repeat);background-color:var(--divider-color);-webkit-mask-image:var(--divider-pattern-url);mask-image:var(--divider-pattern-url)}.elementor-widget-divider--no-spacing{--divider-pattern-size:auto}.elementor-widget-divider--bg-round{--divider-pattern-repeat:round}.rtl .elementor-widget-divider .elementor-divider__text{direction:rtl}.e-con-inner>.elementor-widget-divider,.e-con>.elementor-widget-divider{width:var(--container-widget-width,100%)}<\/style>\t\t<div class=\"elementor-divider\">\n\t\t\t<span class=\"elementor-divider-separator\">\n\t\t\t\t\t\t<\/span>\n\t\t<\/div>\n\t\t\t\t<\/div>\n\t\t\t\t<\/div>\n\t\t\t\t<div class=\"elementor-element elementor-element-9d3f2a8 elementor-widget elementor-widget-cws_accordion_toggle\" data-id=\"9d3f2a8\" data-element_type=\"widget\" data-widget_type=\"cws_accordion_toggle.default\">\n\t\t\t\t<div class=\"elementor-widget-container\">\n\t\t\t\n        <div class=\"ce clearfix\">\n            <div class=\"cws_ce_content ce_accordion\">\n                <div class=\"accordion_section active\"><div class=\"accordion_title\"><i class=\"accordion_icon\"><\/i><span>ADAMOV\u00c1 Pavl\u00edna<\/span><\/div><\/div><div class=\"accordion_section\"><div class=\"accordion_title\"><i class=\"accordion_icon\"><\/i><span>BENDA Martin Mgr.<\/span><\/div><\/div><div class=\"accordion_section\"><div class=\"accordion_title\"><i class=\"accordion_icon\"><\/i><span>BOUCK\u00c1 (\u0160P\u00c1NIKOV\u00c1) L\u00fddie Mgr.<\/span><\/div><\/div><div class=\"accordion_section\"><div class=\"accordion_title\"><i class=\"accordion_icon\"><\/i><span>BROKE\u0160OV\u00c1 Eva DiS.<\/span><\/div><\/div><div class=\"accordion_section\"><div class=\"accordion_title\"><i class=\"accordion_icon\"><\/i><span>BUIOV\u00c1 Jana Mgr.<\/span><\/div><\/div><div class=\"accordion_section\"><div class=\"accordion_title\"><i class=\"accordion_icon\"><\/i><span>CACKOV\u00c1 Ivona Mgr.   <\/span><\/div><\/div><div class=\"accordion_section\"><div class=\"accordion_title\"><i class=\"accordion_icon\"><\/i><span>Cikrytov\u00e1 Kamila. Bc<\/span><\/div><\/div><div class=\"accordion_section\"><div class=\"accordion_title\"><i class=\"accordion_icon\"><\/i><span>Dost\u00e1lov\u00e1 Andrea<\/span><\/div><\/div><div class=\"accordion_section\"><div class=\"accordion_title\"><i class=\"accordion_icon\"><\/i><span>Engelov\u00e1 Dana<\/span><\/div><\/div><div class=\"accordion_section\"><div class=\"accordion_title\"><i class=\"accordion_icon\"><\/i><span>Gronychov\u00e1 Martina, Mgr.<\/span><\/div><\/div><div class=\"accordion_section\"><div class=\"accordion_title\"><i class=\"accordion_icon\"><\/i><span>H\u00e1lov\u00e1 Al\u017eb\u011bta<\/span><\/div><\/div><div class=\"accordion_section\"><div class=\"accordion_title\"><i class=\"accordion_icon\"><\/i><span>Hre\u0148ov\u00e1 Alexandra, Mgr.<\/span><\/div><\/div><div class=\"accordion_section\"><div class=\"accordion_title\"><i class=\"accordion_icon\"><\/i><span>Jank\u016f Karel, Mgr.<\/span><\/div><\/div><div class=\"accordion_section\"><div class=\"accordion_title\"><i class=\"accordion_icon\"><\/i><span>Jedelsk\u00e1 Jana<\/span><\/div><\/div><div class=\"accordion_section\"><div class=\"accordion_title\"><i class=\"accordion_icon\"><\/i><span>Jedelsk\u00e1 Monika, Mgr.<\/span><\/div><\/div><div class=\"accordion_section\"><div class=\"accordion_title\"><i class=\"accordion_icon\"><\/i><span>Jur\u00e1\u0161ov\u00e1 Gabriela, Mgr.<\/span><\/div><\/div><div class=\"accordion_section\"><div class=\"accordion_title\"><i class=\"accordion_icon\"><\/i><span>K\u00e1\u0148a V\u00e1clav, Mgr.<\/span><\/div><\/div><div class=\"accordion_section\"><div class=\"accordion_title\"><i class=\"accordion_icon\"><\/i><span>Kikot Nat\u00e1lia<\/span><\/div><\/div><div class=\"accordion_section\"><div class=\"accordion_title\"><i class=\"accordion_icon\"><\/i><span>Kl\u00ed\u010dov\u00e1 Jana, Mgr.<\/span><\/div><\/div><div class=\"accordion_section\"><div class=\"accordion_title\"><i class=\"accordion_icon\"><\/i><span>Kluso\u0148ov\u00e1 Jarmila, Mgr.<\/span><\/div><\/div><div class=\"accordion_section\"><div class=\"accordion_title\"><i class=\"accordion_icon\"><\/i><span>Knedlov\u00e1 Michaela, Mgr.<\/span><\/div><\/div><div class=\"accordion_section\"><div class=\"accordion_title\"><i class=\"accordion_icon\"><\/i><span>Kobzov\u00e1 V\u011bra, Mgr.<\/span><\/div><\/div><div class=\"accordion_section\"><div class=\"accordion_title\"><i class=\"accordion_icon\"><\/i><span>Kov\u00e1\u0159\u00edkov\u00e1 Zuzana Bc.<\/span><\/div><\/div><div class=\"accordion_section\"><div class=\"accordion_title\"><i class=\"accordion_icon\"><\/i><span>Krausov\u00e1 Simona<\/span><\/div><\/div><div class=\"accordion_section\"><div class=\"accordion_title\"><i class=\"accordion_icon\"><\/i><span>Kub\u00ed\u010dkov\u00e1 Jana, Mgr.<\/span><\/div><\/div><div class=\"accordion_section\"><div class=\"accordion_title\"><i class=\"accordion_icon\"><\/i><span>Mat\u011bjkov\u00e1 Irena<\/span><\/div><\/div><div class=\"accordion_section\"><div class=\"accordion_title\"><i class=\"accordion_icon\"><\/i><span>M\u00fcller Ji\u0159\u00ed, Mgr.<\/span><\/div><\/div><div class=\"accordion_section\"><div class=\"accordion_title\"><i class=\"accordion_icon\"><\/i><span>N\u011bmcov\u00e1 Hana Mgr.<\/span><\/div><\/div><div class=\"accordion_section\"><div class=\"accordion_title\"><i class=\"accordion_icon\"><\/i><span>Pachlov\u00e1 Alena, Mgr.<\/span><\/div><\/div><div class=\"accordion_section\"><div class=\"accordion_title\"><i class=\"accordion_icon\"><\/i><span>Pavl\u016f Ji\u0159ina, Mgr.<\/span><\/div><\/div><div class=\"accordion_section\"><div class=\"accordion_title\"><i class=\"accordion_icon\"><\/i><span>Petraturov\u00e1 Lada, Mgr.<\/span><\/div><\/div><div class=\"accordion_section\"><div class=\"accordion_title\"><i class=\"accordion_icon\"><\/i><span>Pokorn\u00e1 Hana, Mgr.<\/span><\/div><\/div><div class=\"accordion_section\"><div class=\"accordion_title\"><i class=\"accordion_icon\"><\/i><span>Posp\u00ed\u0161ilov\u00e1 Martina, MgA.<\/span><\/div><\/div><div class=\"accordion_section\"><div class=\"accordion_title\"><i class=\"accordion_icon\"><\/i><span>Posp\u00ed\u0161ilov\u00e1 Michaela, Mgr.<\/span><\/div><\/div><div class=\"accordion_section\"><div class=\"accordion_title\"><i class=\"accordion_icon\"><\/i><span>P\u0159ikrylov\u00e1 Gabriela, Mgr.<\/span><\/div><\/div><div class=\"accordion_section\"><div class=\"accordion_title\"><i class=\"accordion_icon\"><\/i><span>Rul\u00ed\u0161kov\u00e1 Ester, Mgr.<\/span><\/div><\/div><div class=\"accordion_section\"><div class=\"accordion_title\"><i class=\"accordion_icon\"><\/i><span>Rusn\u00e1k Zden\u011bk, Mgr.<\/span><\/div><\/div><div class=\"accordion_section\"><div class=\"accordion_title\"><i class=\"accordion_icon\"><\/i><span>Sapov\u00e1 Hana, Mgr.<\/span><\/div><\/div><div class=\"accordion_section\"><div class=\"accordion_title\"><i class=\"accordion_icon\"><\/i><span>Schreiberov\u00e1 Jana, Mgr.<\/span><\/div><\/div><div class=\"accordion_section\"><div class=\"accordion_title\"><i class=\"accordion_icon\"><\/i><span>Sk\u00e1lov\u00e1 Jitka<\/span><\/div><\/div><div class=\"accordion_section\"><div class=\"accordion_title\"><i class=\"accordion_icon\"><\/i><span>Skrbkov\u00e1 Veronika, Mgr.<\/span><\/div><\/div><div class=\"accordion_section\"><div class=\"accordion_title\"><i class=\"accordion_icon\"><\/i><span>Souralov\u00e1 Alexandra<\/span><\/div><\/div><div class=\"accordion_section\"><div class=\"accordion_title\"><i class=\"accordion_icon\"><\/i><span>Suchomelov\u00e1 Kate\u0159ina<\/span><\/div><\/div><div class=\"accordion_section\"><div class=\"accordion_title\"><i class=\"accordion_icon\"><\/i><span>\u0160a\u0161urov\u00e1 Iveta, Mgr.<\/span><\/div><\/div><div class=\"accordion_section\"><div class=\"accordion_title\"><i class=\"accordion_icon\"><\/i><span>\u0160t\u011bp\u00e1nov\u00e1 Miroslava, Mgr.<\/span><\/div><\/div><div class=\"accordion_section\"><div class=\"accordion_title\"><i class=\"accordion_icon\"><\/i><span>\u0160tevove Petra, Mgr.<\/span><\/div><\/div><div class=\"accordion_section\"><div class=\"accordion_title\"><i class=\"accordion_icon\"><\/i><span>Vacenovsk\u00e1 Olga, Mgr.<\/span><\/div><\/div><div class=\"accordion_section\"><div class=\"accordion_title\"><i class=\"accordion_icon\"><\/i><span>Vel\u010dovsk\u00e1 Petra, Mgr.<\/span><\/div><\/div><div class=\"accordion_section\"><div class=\"accordion_title\"><i class=\"accordion_icon\"><\/i><span>Vesel\u00fd Michael, Mgr.<\/span><\/div><\/div><div class=\"accordion_section\"><div class=\"accordion_title\"><i class=\"accordion_icon\"><\/i><span>Zendulkov\u00e1 Marie, Mgr.<\/span><\/div><\/div>            <\/div>\n        <\/div>\n        \t\t<\/div>\n\t\t\t\t<\/div>\n\t\t\t\t\t\t<\/div>\n\t\t\t\t\t<\/div>\n\t\t<\/div>\n\t\t\t\t\t\t\t\t<\/div>\n\t\t\t\t\t<\/div>\n\t\t<\/section>\n\t\t\t\t<section class=\"elementor-section elementor-top-section elementor-element elementor-element-8028078 elementor-section-boxed elementor-section-height-default elementor-section-height-default\" data-id=\"8028078\" data-element_type=\"section\">\n\t\t\t\t\t\t<div class=\"elementor-container elementor-column-gap-default\">\n\t\t\t\t\t\t\t<div class=\"elementor-row\">\n\t\t\t\t\t<div class=\"elementor-column elementor-col-100 elementor-top-column elementor-element elementor-element-20190ef\" data-id=\"20190ef\" data-element_type=\"column\">\n\t\t\t<div class=\"elementor-column-wrap elementor-element-populated\">\n\t\t\t\t\t\t\t<div class=\"elementor-widget-wrap\">\n\t\t\t\t\t\t<div class=\"elementor-element elementor-element-2006d12 elementor-widget elementor-widget-cws_callout\" data-id=\"2006d12\" data-element_type=\"widget\" data-widget_type=\"cws_callout.default\">\n\t\t\t\t<div class=\"elementor-widget-container\">\n\t\t\t<div class=\"ce clearfix\"><div class=\"cws_callout\"><div class=\"content_section\"><div class=\"callout_title\"><div class=\"bees bees-end\"><span><\/span><\/div>\u0160koln\u00ed dru\u017eina<\/div><\/div><div class=\"button_section\"><a href=\"\" class=\"cws_button xlarge\" target=\"_blank\">N\u00e1\u0161 t\u00fdm<div class=\"button-shadow\"><\/div><\/a><\/div><\/div><\/div>\t\t<\/div>\n\t\t\t\t<\/div>\n\t\t\t\t<div class=\"elementor-element elementor-element-165f548 elementor-widget elementor-widget-spacer\" data-id=\"165f548\" data-element_type=\"widget\" data-widget_type=\"spacer.default\">\n\t\t\t\t<div class=\"elementor-widget-container\">\n\t\t\t<style>\/*! elementor - v3.8.1 - 13-11-2022 *\/\n.elementor-column .elementor-spacer-inner{height:var(--spacer-size)}.e-con{--container-widget-width:100%}.e-con-inner>.elementor-widget-spacer,.e-con>.elementor-widget-spacer{width:var(--container-widget-width,var(--spacer-size));-ms-flex-item-align:stretch;align-self:stretch;-ms-flex-negative:0;flex-shrink:0}.e-con-inner>.elementor-widget-spacer>.elementor-widget-container,.e-con-inner>.elementor-widget-spacer>.elementor-widget-container>.elementor-spacer,.e-con>.elementor-widget-spacer>.elementor-widget-container,.e-con>.elementor-widget-spacer>.elementor-widget-container>.elementor-spacer{height:100%}.e-con-inner>.elementor-widget-spacer>.elementor-widget-container>.elementor-spacer>.elementor-spacer-inner,.e-con>.elementor-widget-spacer>.elementor-widget-container>.elementor-spacer>.elementor-spacer-inner{height:var(--container-widget-height,var(--spacer-size))}<\/style>\t\t<div class=\"elementor-spacer\">\n\t\t\t<div class=\"elementor-spacer-inner\"><\/div>\n\t\t<\/div>\n\t\t\t\t<\/div>\n\t\t\t\t<\/div>\n\t\t\t\t<div class=\"elementor-element elementor-element-8dff977 elementor-widget elementor-widget-cws_accordion_toggle\" data-id=\"8dff977\" data-element_type=\"widget\" data-widget_type=\"cws_accordion_toggle.default\">\n\t\t\t\t<div class=\"elementor-widget-container\">\n\t\t\t\n        <div class=\"ce clearfix\">\n            <div class=\"cws_ce_content ce_accordion\">\n                <div class=\"accordion_section active\"><div class=\"accordion_title\"><i class=\"accordion_icon\"><\/i><span>Dv\u00ed\u017eov\u00e1 Miroslava<\/span><\/div><\/div><div class=\"accordion_section\"><div class=\"accordion_title\"><i class=\"accordion_icon\"><\/i><span>Zavadilov\u00e1 Marta<\/span><\/div><\/div><div class=\"accordion_section\"><div class=\"accordion_title\"><i class=\"accordion_icon\"><\/i><span>Ad\u00e1mkov\u00e1 \u0160\u00e1rka<\/span><\/div><\/div><div class=\"accordion_section\"><div class=\"accordion_title\"><i class=\"accordion_icon\"><\/i><span>Smolkov\u00e1 Iveta<\/span><\/div><\/div><div class=\"accordion_section\"><div class=\"accordion_title\"><i class=\"accordion_icon\"><\/i><span>Cikrytov\u00e1 Kamila, Bc<\/span><\/div><\/div>            <\/div>\n        <\/div>\n        \t\t<\/div>\n\t\t\t\t<\/div>\n\t\t\t\t\t\t<\/div>\n\t\t\t\t\t<\/div>\n\t\t<\/div>\n\t\t\t\t\t\t\t\t<\/div>\n\t\t\t\t\t<\/div>\n\t\t<\/section>\n\t\t\t\t\t\t\t\t\t<\/div>\n\t\t\t<\/div>\n\t\t\t\t\t<\/div>\n\t\t","protected":false},"excerpt":{"rendered":"","protected":false},"author":1,"featured_media":0,"parent":0,"menu_order":0,"comment_status":"closed","ping_status":"closed","template":"","meta":[],"_links":{"self":[{"href":"https:\/\/www.5zssumperk.cz\/index.php\/wp-json\/wp\/v2\/pages\/6956"}],"collection":[{"href":"https:\/\/www.5zssumperk.cz\/index.php\/wp-json\/wp\/v2\/pages"}],"about":[{"href":"https:\/\/www.5zssumperk.cz\/index.php\/wp-json\/wp\/v2\/types\/page"}],"author":[{"embeddable":true,"href":"https:\/\/www.5zssumperk.cz\/index.php\/wp-json\/wp\/v2\/users\/1"}],"replies":[{"embeddable":true,"href":"https:\/\/www.5zssumperk.cz\/index.php\/wp-json\/wp\/v2\/comments?post=6956"}],"version-history":[{"count":223,"href":"https:\/\/www.5zssumperk.cz\/index.php\/wp-json\/wp\/v2\/pages\/6956\/revisions"}],"predecessor-version":[{"id":11075,"href":"https:\/\/www.5zssumperk.cz\/index.php\/wp-json\/wp\/v2\/pages\/6956\/revisions\/11075"}],"wp:attachment":[{"href":"https:\/\/www.5zssumperk.cz\/index.php\/wp-json\/wp\/v2\/media?parent=6956"}],"curies":[{"name":"wp","href":"https:\/\/api.w.org\/{rel}","templated":true}]}}