{"id":7013,"date":"2021-08-06T15:17:01","date_gmt":"2021-08-06T15:17:01","guid":{"rendered":"http:\/\/www.5zssumperk.cz.uvirt111.active24.cz\/?page_id=7013"},"modified":"2023-02-15T13:29:32","modified_gmt":"2023-02-15T13:29:32","slug":"vybaveni-skoly","status":"publish","type":"page","link":"https:\/\/www.5zssumperk.cz\/index.php\/vybaveni-skoly\/","title":{"rendered":"Vybaven\u00ed \u0161koly"},"content":{"rendered":"\t\t<div data-elementor-type=\"wp-page\" data-elementor-id=\"7013\" class=\"elementor elementor-7013\">\n\t\t\t\t\t\t<div class=\"elementor-inner\">\n\t\t\t\t<div class=\"elementor-section-wrap\">\n\t\t\t\t\t\t\t\t\t<section class=\"elementor-section elementor-top-section elementor-element elementor-element-2c94d62 elementor-section-boxed elementor-section-height-default elementor-section-height-default\" data-id=\"2c94d62\" data-element_type=\"section\">\n\t\t\t\t\t\t<div class=\"elementor-container elementor-column-gap-default\">\n\t\t\t\t\t\t\t<div class=\"elementor-row\">\n\t\t\t\t\t<div class=\"elementor-column elementor-col-100 elementor-top-column elementor-element elementor-element-551c8fe\" data-id=\"551c8fe\" data-element_type=\"column\">\n\t\t\t<div class=\"elementor-column-wrap elementor-element-populated\">\n\t\t\t\t\t\t\t<div class=\"elementor-widget-wrap\">\n\t\t\t\t\t\t<div class=\"elementor-element elementor-element-d456cb5 elementor-widget elementor-widget-cws_heading\" data-id=\"d456cb5\" data-element_type=\"widget\" data-widget_type=\"cws_heading.default\">\n\t\t\t\t<div class=\"elementor-widget-container\">\n\t\t\t<h3 class=\"ce_title heading\"><div>Na\u0161e \u0161kola - vybaven\u00ed<\/div><\/h3>\t\t<\/div>\n\t\t\t\t<\/div>\n\t\t\t\t\t\t<\/div>\n\t\t\t\t\t<\/div>\n\t\t<\/div>\n\t\t\t\t\t\t\t\t<\/div>\n\t\t\t\t\t<\/div>\n\t\t<\/section>\n\t\t\t\t<section class=\"elementor-section elementor-top-section elementor-element elementor-element-9b276f3 elementor-section-boxed elementor-section-height-default elementor-section-height-default elementor-invisible\" data-id=\"9b276f3\" data-element_type=\"section\" data-settings=\"{&quot;animation&quot;:&quot;fadeInUp&quot;}\">\n\t\t\t\t\t\t<div class=\"elementor-container elementor-column-gap-default\">\n\t\t\t\t\t\t\t<div class=\"elementor-row\">\n\t\t\t\t\t<div class=\"elementor-column elementor-col-50 elementor-top-column elementor-element elementor-element-a20d6e2\" data-id=\"a20d6e2\" data-element_type=\"column\">\n\t\t\t<div class=\"elementor-column-wrap elementor-element-populated\">\n\t\t\t\t\t\t\t<div class=\"elementor-widget-wrap\">\n\t\t\t\t\t\t<div class=\"elementor-element elementor-element-30dc327 elementor-widget elementor-widget-cws_progress_bar\" data-id=\"30dc327\" data-element_type=\"widget\" data-widget_type=\"cws_progress_bar.default\">\n\t\t\t\t<div class=\"elementor-widget-container\">\n\t\t\t<div class=\"ce clearfix\"><div class=\"cws_progress_bar\"><div class=\"pb_title\">Modern\u00ed specializovan\u00e9 u\u010debny pro odborn\u00e9 p\u0159edm\u011bty<span class=\"indicator\"> - 100%<\/span><\/div><div class=\"bar\"><div class=\"progress\" data-value=\"100\"><\/div><\/div><\/div><\/div>\t\t<\/div>\n\t\t\t\t<\/div>\n\t\t\t\t<div class=\"elementor-element elementor-element-0323534 elementor-widget elementor-widget-cws_progress_bar\" data-id=\"0323534\" data-element_type=\"widget\" data-widget_type=\"cws_progress_bar.default\">\n\t\t\t\t<div class=\"elementor-widget-container\">\n\t\t\t<div class=\"ce clearfix\"><div class=\"cws_progress_bar\"><div class=\"pb_title\">Digit\u00e1ln\u00ed v\u00fduka jazyk\u016f<span class=\"indicator\"> - 100%<\/span><\/div><div class=\"bar\"><div class=\"progress\" data-value=\"100\"><\/div><\/div><\/div><\/div>\t\t<\/div>\n\t\t\t\t<\/div>\n\t\t\t\t<div class=\"elementor-element elementor-element-283d680 elementor-widget elementor-widget-cws_progress_bar\" data-id=\"283d680\" data-element_type=\"widget\" data-widget_type=\"cws_progress_bar.default\">\n\t\t\t\t<div class=\"elementor-widget-container\">\n\t\t\t<div class=\"ce clearfix\"><div class=\"cws_progress_bar\"><div class=\"pb_title\">P\u0159\u00edstup k informa\u010dn\u00edm technologi\u00edm<span class=\"indicator\"> - 90%<\/span><\/div><div class=\"bar\"><div class=\"progress\" data-value=\"90\"><\/div><\/div><\/div><\/div>\t\t<\/div>\n\t\t\t\t<\/div>\n\t\t\t\t<div class=\"elementor-element elementor-element-1b44765 elementor-widget elementor-widget-cws_progress_bar\" data-id=\"1b44765\" data-element_type=\"widget\" data-widget_type=\"cws_progress_bar.default\">\n\t\t\t\t<div class=\"elementor-widget-container\">\n\t\t\t<div class=\"ce clearfix\"><div class=\"cws_progress_bar\"><div class=\"pb_title\">Pokryt\u00ed \u017e\u00e1kovsk\u00fdm sign\u00e1lem wifi<span class=\"indicator\"> - 85%<\/span><\/div><div class=\"bar\"><div class=\"progress\" data-value=\"85\"><\/div><\/div><\/div><\/div>\t\t<\/div>\n\t\t\t\t<\/div>\n\t\t\t\t<div class=\"elementor-element elementor-element-ac8d692 elementor-widget elementor-widget-cws_progress_bar\" data-id=\"ac8d692\" data-element_type=\"widget\" data-widget_type=\"cws_progress_bar.default\">\n\t\t\t\t<div class=\"elementor-widget-container\">\n\t\t\t<div class=\"ce clearfix\"><div class=\"cws_progress_bar\"><div class=\"pb_title\">Interaktivn\u00ed tabule ve t\u0159\u00edd\u00e1ch<span class=\"indicator\"> - 80%<\/span><\/div><div class=\"bar\"><div class=\"progress\" data-value=\"80\"><\/div><\/div><\/div><\/div>\t\t<\/div>\n\t\t\t\t<\/div>\n\t\t\t\t<div class=\"elementor-element elementor-element-e6392af elementor-widget elementor-widget-cws_progress_bar\" data-id=\"e6392af\" data-element_type=\"widget\" data-widget_type=\"cws_progress_bar.default\">\n\t\t\t\t<div class=\"elementor-widget-container\">\n\t\t\t<div class=\"ce clearfix\"><div class=\"cws_progress_bar\"><div class=\"pb_title\">Pokryt\u00ed kamerov\u00fdm syst\u00e9mem<span class=\"indicator\"> - 70%<\/span><\/div><div class=\"bar\"><div class=\"progress\" data-value=\"70\"><\/div><\/div><\/div><\/div>\t\t<\/div>\n\t\t\t\t<\/div>\n\t\t\t\t<div class=\"elementor-element elementor-element-92ea439 elementor-widget elementor-widget-cws_progress_bar\" data-id=\"92ea439\" data-element_type=\"widget\" data-widget_type=\"cws_progress_bar.default\">\n\t\t\t\t<div class=\"elementor-widget-container\">\n\t\t\t<div class=\"ce clearfix\"><div class=\"cws_progress_bar\"><div class=\"pb_title\">Online v\u00fdukov\u00e9 materi\u00e1ly<span class=\"indicator\"> - 70%<\/span><\/div><div class=\"bar\"><div class=\"progress\" data-value=\"70\"><\/div><\/div><\/div><\/div>\t\t<\/div>\n\t\t\t\t<\/div>\n\t\t\t\t\t\t<\/div>\n\t\t\t\t\t<\/div>\n\t\t<\/div>\n\t\t\t\t<div class=\"elementor-column elementor-col-50 elementor-top-column elementor-element elementor-element-ae9b312\" data-id=\"ae9b312\" data-element_type=\"column\">\n\t\t\t<div class=\"elementor-column-wrap elementor-element-populated\">\n\t\t\t\t\t\t\t<div class=\"elementor-widget-wrap\">\n\t\t\t\t\t\t<div class=\"elementor-element elementor-element-37ca428 elementor-widget elementor-widget-image-gallery\" data-id=\"37ca428\" data-element_type=\"widget\" data-widget_type=\"image-gallery.default\">\n\t\t\t\t<div class=\"elementor-widget-container\">\n\t\t\t<style>\/*! elementor - v3.8.1 - 13-11-2022 *\/\n.elementor-image-gallery .gallery-item{display:inline-block;text-align:center;vertical-align:top;width:100%;max-width:100%;margin:0 auto}.elementor-image-gallery .gallery-item img{margin:0 auto}.elementor-image-gallery .gallery-item .gallery-caption{margin:0}.elementor-image-gallery figure img{display:block}.elementor-image-gallery figure figcaption{width:100%}.gallery-spacing-custom .elementor-image-gallery .gallery-icon{padding:0}@media (min-width:768px){.elementor-image-gallery .gallery-columns-2 .gallery-item{max-width:50%}.elementor-image-gallery .gallery-columns-3 .gallery-item{max-width:33.33%}.elementor-image-gallery .gallery-columns-4 .gallery-item{max-width:25%}.elementor-image-gallery .gallery-columns-5 .gallery-item{max-width:20%}.elementor-image-gallery .gallery-columns-6 .gallery-item{max-width:16.666%}.elementor-image-gallery .gallery-columns-7 .gallery-item{max-width:14.28%}.elementor-image-gallery .gallery-columns-8 .gallery-item{max-width:12.5%}.elementor-image-gallery .gallery-columns-9 .gallery-item{max-width:11.11%}.elementor-image-gallery .gallery-columns-10 .gallery-item{max-width:10%}}@media (min-width:480px) and (max-width:767px){.elementor-image-gallery .gallery.gallery-columns-2 .gallery-item,.elementor-image-gallery .gallery.gallery-columns-3 .gallery-item,.elementor-image-gallery .gallery.gallery-columns-4 .gallery-item,.elementor-image-gallery .gallery.gallery-columns-5 .gallery-item,.elementor-image-gallery .gallery.gallery-columns-6 .gallery-item,.elementor-image-gallery .gallery.gallery-columns-7 .gallery-item,.elementor-image-gallery .gallery.gallery-columns-8 .gallery-item,.elementor-image-gallery .gallery.gallery-columns-9 .gallery-item,.elementor-image-gallery .gallery.gallery-columns-10 .gallery-item{max-width:50%}}@media (max-width:479px){.elementor-image-gallery .gallery.gallery-columns-2 .gallery-item,.elementor-image-gallery .gallery.gallery-columns-3 .gallery-item,.elementor-image-gallery .gallery.gallery-columns-4 .gallery-item,.elementor-image-gallery .gallery.gallery-columns-5 .gallery-item,.elementor-image-gallery .gallery.gallery-columns-6 .gallery-item,.elementor-image-gallery .gallery.gallery-columns-7 .gallery-item,.elementor-image-gallery .gallery.gallery-columns-8 .gallery-item,.elementor-image-gallery .gallery.gallery-columns-9 .gallery-item,.elementor-image-gallery .gallery.gallery-columns-10 .gallery-item{max-width:100%}}<\/style>\t\t<div class=\"elementor-image-gallery\">\n\t\t\t\n\t\t<style type=\"text\/css\">\n\t\t\t#gallery-1 {\n\t\t\t\tmargin: auto;\n\t\t\t}\n\t\t\t#gallery-1 .gallery-item {\n\t\t\t\tfloat: left;\n\t\t\t\tmargin-top: 10px;\n\t\t\t\ttext-align: center;\n\t\t\t\twidth: 100%;\n\t\t\t}\n\t\t\t#gallery-1 img {\n\t\t\t\tborder: 2px solid #cfcfcf;\n\t\t\t}\n\t\t\t#gallery-1 .gallery-caption {\n\t\t\t\tmargin-left: 0;\n\t\t\t}\n\t\t\t\/* see gallery_shortcode() in wp-includes\/media.php *\/\n\t\t<\/style>\n\t\t<div id='gallery-1' class='gallery galleryid-7013 gallery-columns-1 gallery-size-medium_large'><dl class='gallery-item'>\n\t\t\t<dt class='gallery-icon landscape'>\n\t\t\t\t<a  href='https:\/\/www.5zssumperk.cz\/wp-content\/uploads\/2021\/08\/IMG_0422.jpg'><img width=\"768\" height=\"511\" src=\"https:\/\/www.5zssumperk.cz\/wp-content\/uploads\/2021\/08\/IMG_0422-768x511.jpg\" class=\"attachment-medium_large size-medium_large\" alt=\"\" decoding=\"async\" loading=\"lazy\" srcset=\"https:\/\/www.5zssumperk.cz\/wp-content\/uploads\/2021\/08\/IMG_0422-768x511.jpg 768w, https:\/\/www.5zssumperk.cz\/wp-content\/uploads\/2021\/08\/IMG_0422-100x66.jpg 100w, https:\/\/www.5zssumperk.cz\/wp-content\/uploads\/2021\/08\/IMG_0422-230x153.jpg 230w, https:\/\/www.5zssumperk.cz\/wp-content\/uploads\/2021\/08\/IMG_0422-600x399.jpg 600w, https:\/\/www.5zssumperk.cz\/wp-content\/uploads\/2021\/08\/IMG_0422.jpg 500w\" sizes=\"(max-width: 768px) 100vw, 768px\" \/><\/a>\n\t\t\t<\/dt><\/dl><br style=\"clear: both\" \/>\n\t\t<\/div>\n\t\t<\/div>\n\t\t\t\t<\/div>\n\t\t\t\t<\/div>\n\t\t\t\t\t\t<\/div>\n\t\t\t\t\t<\/div>\n\t\t<\/div>\n\t\t\t\t\t\t\t\t<\/div>\n\t\t\t\t\t<\/div>\n\t\t<\/section>\n\t\t\t\t<section class=\"elementor-section elementor-top-section elementor-element elementor-element-e839f6d elementor-section-boxed elementor-section-height-default elementor-section-height-default elementor-invisible\" data-id=\"e839f6d\" data-element_type=\"section\" data-settings=\"{&quot;animation&quot;:&quot;fadeInUp&quot;}\">\n\t\t\t\t\t\t<div class=\"elementor-container elementor-column-gap-default\">\n\t\t\t\t\t\t\t<div class=\"elementor-row\">\n\t\t\t\t\t<div class=\"elementor-column elementor-col-100 elementor-top-column elementor-element elementor-element-56c060d\" data-id=\"56c060d\" data-element_type=\"column\">\n\t\t\t<div class=\"elementor-column-wrap elementor-element-populated\">\n\t\t\t\t\t\t\t<div class=\"elementor-widget-wrap\">\n\t\t\t\t\t\t<div class=\"elementor-element elementor-element-436065f elementor-widget elementor-widget-cws_message_box\" data-id=\"436065f\" data-element_type=\"widget\" data-widget_type=\"cws_message_box.default\">\n\t\t\t\t<div class=\"elementor-widget-container\">\n\t\t\t<div class=\"cws_msg_box error-box clearfix\"><div class=\"icon_section\"><i class=\"fa fa-exclamation\"><\/i><\/div><div class=\"content_section\"><div class=\"msg_box_title\">kamerov\u00fd syst\u00e9m<\/div><div class=\"msg_box_text\">Budovu a pozemek \u0161koly pokr\u00fdv\u00e1 kamerov\u00fd syst\u00e9m pro v\u011bt\u0161\u00ed bezpe\u010d\u00ed va\u0161ich d\u011bt\u00ed<\/div><\/div><\/div>\t\t<\/div>\n\t\t\t\t<\/div>\n\t\t\t\t<div class=\"elementor-element elementor-element-d678b5d elementor-widget elementor-widget-cws_message_box\" data-id=\"d678b5d\" data-element_type=\"widget\" data-widget_type=\"cws_message_box.default\">\n\t\t\t\t<div class=\"elementor-widget-container\">\n\t\t\t<div class=\"cws_msg_box info-box clearfix\"><div class=\"icon_section\"><i class=\"fa fa-info\"><\/i><\/div><div class=\"content_section\"><div class=\"msg_box_title\">Wifi<\/div><div class=\"msg_box_text\">\u017d\u00e1ci maj\u00ed p\u0159istup ke \u0161koln\u00edmu wifi sign\u00e1lu<\/div><\/div><\/div>\t\t<\/div>\n\t\t\t\t<\/div>\n\t\t\t\t<div class=\"elementor-element elementor-element-66062ce elementor-widget elementor-widget-cws_message_box\" data-id=\"66062ce\" data-element_type=\"widget\" data-widget_type=\"cws_message_box.default\">\n\t\t\t\t<div class=\"elementor-widget-container\">\n\t\t\t<div class=\"cws_msg_box success-box clearfix\"><div class=\"icon_section\"><i class=\"fa fa-thumbs-up\"><\/i><\/div><div class=\"content_section\"><div class=\"msg_box_title\">Bezbari\u00e9rov\u00e1 \u0161kola<\/div><div class=\"msg_box_text\">Na\u0161e \u0161kola je pln\u011b stavebn\u011b upravena pro hendikepovan\u00e9 d\u011bti<\/div><\/div><\/div>\t\t<\/div>\n\t\t\t\t<\/div>\n\t\t\t\t<div class=\"elementor-element elementor-element-a0701a6 elementor-widget elementor-widget-cws_message_box\" data-id=\"a0701a6\" data-element_type=\"widget\" data-widget_type=\"cws_message_box.default\">\n\t\t\t\t<div class=\"elementor-widget-container\">\n\t\t\t<div class=\"cws_msg_box warning-box clearfix\"><div class=\"icon_section\"><i class=\"fa fa-bolt\"><\/i><\/div><div class=\"content_section\"><div class=\"msg_box_title\">Digit\u00e1ln\u00ed informa\u010dn\u00ed syst\u00e9m <\/div><div class=\"msg_box_text\">\u017d\u00e1ci maj\u00ed mo\u017enost online sledovat rozvrh, aktu\u00e1ln\u00ed suplov\u00e1n\u00ed a d\u011bn\u00ed ve \u0161kole v online informa\u010dn\u00edm syst\u00e9mu \u0161koly a na digit\u00e1ln\u00edch informa\u010dn\u00edch tabul\u00edch na chodb\u00e1ch<\/div><\/div><\/div>\t\t<\/div>\n\t\t\t\t<\/div>\n\t\t\t\t<div class=\"elementor-element elementor-element-0e8c6f6 elementor-invisible elementor-widget elementor-widget-image-gallery\" data-id=\"0e8c6f6\" data-element_type=\"widget\" data-settings=\"{&quot;_animation&quot;:&quot;fadeInUp&quot;}\" data-widget_type=\"image-gallery.default\">\n\t\t\t\t<div class=\"elementor-widget-container\">\n\t\t\t\t\t<div class=\"elementor-image-gallery\">\n\t\t\t\n\t\t<style type=\"text\/css\">\n\t\t\t#gallery-2 {\n\t\t\t\tmargin: auto;\n\t\t\t}\n\t\t\t#gallery-2 .gallery-item {\n\t\t\t\tfloat: left;\n\t\t\t\tmargin-top: 10px;\n\t\t\t\ttext-align: center;\n\t\t\t\twidth: 25%;\n\t\t\t}\n\t\t\t#gallery-2 img {\n\t\t\t\tborder: 2px solid #cfcfcf;\n\t\t\t}\n\t\t\t#gallery-2 .gallery-caption {\n\t\t\t\tmargin-left: 0;\n\t\t\t}\n\t\t\t\/* see gallery_shortcode() in wp-includes\/media.php *\/\n\t\t<\/style>\n\t\t<div id='gallery-2' class='gallery galleryid-7013 gallery-columns-4 gallery-size-thumbnail'><dl class='gallery-item'>\n\t\t\t<dt class='gallery-icon landscape'>\n\t\t\t\t<a  href='https:\/\/www.5zssumperk.cz\/wp-content\/uploads\/2021\/08\/1498.jpg'><img width=\"150\" height=\"150\" src=\"https:\/\/www.5zssumperk.cz\/wp-content\/uploads\/2021\/08\/1498-150x150.jpg\" class=\"attachment-thumbnail size-thumbnail\" alt=\"\" decoding=\"async\" loading=\"lazy\" srcset=\"https:\/\/www.5zssumperk.cz\/wp-content\/uploads\/2021\/08\/1498-150x150.jpg 150w, https:\/\/www.5zssumperk.cz\/wp-content\/uploads\/2021\/08\/1498-300x300.jpg 300w, https:\/\/www.5zssumperk.cz\/wp-content\/uploads\/2021\/08\/1498-1024x1024.jpg 1024w, https:\/\/www.5zssumperk.cz\/wp-content\/uploads\/2021\/08\/1498-1536x1536.jpg 1536w, https:\/\/www.5zssumperk.cz\/wp-content\/uploads\/2021\/08\/1498-2048x2048.jpg 2048w, https:\/\/www.5zssumperk.cz\/wp-content\/uploads\/2021\/08\/1498-100x100.jpg 100w\" sizes=\"(max-width: 150px) 100vw, 150px\" \/><\/a>\n\t\t\t<\/dt><\/dl><dl class='gallery-item'>\n\t\t\t<dt class='gallery-icon landscape'>\n\t\t\t\t<a  href='https:\/\/www.5zssumperk.cz\/wp-content\/uploads\/2021\/08\/1499.jpg'><img width=\"150\" height=\"150\" src=\"https:\/\/www.5zssumperk.cz\/wp-content\/uploads\/2021\/08\/1499-150x150.jpg\" class=\"attachment-thumbnail size-thumbnail\" alt=\"\" decoding=\"async\" loading=\"lazy\" srcset=\"https:\/\/www.5zssumperk.cz\/wp-content\/uploads\/2021\/08\/1499-150x150.jpg 150w, https:\/\/www.5zssumperk.cz\/wp-content\/uploads\/2021\/08\/1499-300x300.jpg 300w, https:\/\/www.5zssumperk.cz\/wp-content\/uploads\/2021\/08\/1499-1024x1024.jpg 1024w, https:\/\/www.5zssumperk.cz\/wp-content\/uploads\/2021\/08\/1499-1536x1536.jpg 1536w, https:\/\/www.5zssumperk.cz\/wp-content\/uploads\/2021\/08\/1499-2048x2048.jpg 2048w, https:\/\/www.5zssumperk.cz\/wp-content\/uploads\/2021\/08\/1499-100x100.jpg 100w\" sizes=\"(max-width: 150px) 100vw, 150px\" \/><\/a>\n\t\t\t<\/dt><\/dl><dl class='gallery-item'>\n\t\t\t<dt class='gallery-icon landscape'>\n\t\t\t\t<a  href='https:\/\/www.5zssumperk.cz\/wp-content\/uploads\/2021\/08\/1500.jpg'><img width=\"150\" height=\"150\" src=\"https:\/\/www.5zssumperk.cz\/wp-content\/uploads\/2021\/08\/1500-150x150.jpg\" class=\"attachment-thumbnail size-thumbnail\" alt=\"\" decoding=\"async\" loading=\"lazy\" srcset=\"https:\/\/www.5zssumperk.cz\/wp-content\/uploads\/2021\/08\/1500-150x150.jpg 150w, https:\/\/www.5zssumperk.cz\/wp-content\/uploads\/2021\/08\/1500-300x300.jpg 300w, https:\/\/www.5zssumperk.cz\/wp-content\/uploads\/2021\/08\/1500-1024x1024.jpg 1024w, https:\/\/www.5zssumperk.cz\/wp-content\/uploads\/2021\/08\/1500-1536x1536.jpg 1536w, https:\/\/www.5zssumperk.cz\/wp-content\/uploads\/2021\/08\/1500-2048x2048.jpg 2048w, https:\/\/www.5zssumperk.cz\/wp-content\/uploads\/2021\/08\/1500-100x100.jpg 100w\" sizes=\"(max-width: 150px) 100vw, 150px\" \/><\/a>\n\t\t\t<\/dt><\/dl><dl class='gallery-item'>\n\t\t\t<dt class='gallery-icon landscape'>\n\t\t\t\t<a  href='https:\/\/www.5zssumperk.cz\/wp-content\/uploads\/2021\/08\/1503-1.jpg'><img width=\"150\" height=\"150\" src=\"https:\/\/www.5zssumperk.cz\/wp-content\/uploads\/2021\/08\/1503-1-150x150.jpg\" class=\"attachment-thumbnail size-thumbnail\" alt=\"\" decoding=\"async\" loading=\"lazy\" srcset=\"https:\/\/www.5zssumperk.cz\/wp-content\/uploads\/2021\/08\/1503-1-150x150.jpg 150w, https:\/\/www.5zssumperk.cz\/wp-content\/uploads\/2021\/08\/1503-1-300x300.jpg 300w, https:\/\/www.5zssumperk.cz\/wp-content\/uploads\/2021\/08\/1503-1-1024x1024.jpg 1024w, https:\/\/www.5zssumperk.cz\/wp-content\/uploads\/2021\/08\/1503-1-1536x1536.jpg 1536w, https:\/\/www.5zssumperk.cz\/wp-content\/uploads\/2021\/08\/1503-1-2048x2048.jpg 2048w, https:\/\/www.5zssumperk.cz\/wp-content\/uploads\/2021\/08\/1503-1-100x100.jpg 100w\" sizes=\"(max-width: 150px) 100vw, 150px\" \/><\/a>\n\t\t\t<\/dt><\/dl><br style=\"clear: both\" \/><dl class='gallery-item'>\n\t\t\t<dt class='gallery-icon landscape'>\n\t\t\t\t<a  href='https:\/\/www.5zssumperk.cz\/wp-content\/uploads\/2021\/08\/1507-1.jpg'><img width=\"150\" height=\"150\" src=\"https:\/\/www.5zssumperk.cz\/wp-content\/uploads\/2021\/08\/1507-1-150x150.jpg\" class=\"attachment-thumbnail size-thumbnail\" alt=\"\" decoding=\"async\" loading=\"lazy\" srcset=\"https:\/\/www.5zssumperk.cz\/wp-content\/uploads\/2021\/08\/1507-1-150x150.jpg 150w, https:\/\/www.5zssumperk.cz\/wp-content\/uploads\/2021\/08\/1507-1-300x300.jpg 300w, https:\/\/www.5zssumperk.cz\/wp-content\/uploads\/2021\/08\/1507-1-1024x1024.jpg 1024w, https:\/\/www.5zssumperk.cz\/wp-content\/uploads\/2021\/08\/1507-1-1536x1536.jpg 1536w, https:\/\/www.5zssumperk.cz\/wp-content\/uploads\/2021\/08\/1507-1-2048x2048.jpg 2048w, https:\/\/www.5zssumperk.cz\/wp-content\/uploads\/2021\/08\/1507-1-100x100.jpg 100w\" sizes=\"(max-width: 150px) 100vw, 150px\" \/><\/a>\n\t\t\t<\/dt><\/dl><dl class='gallery-item'>\n\t\t\t<dt class='gallery-icon landscape'>\n\t\t\t\t<a  href='https:\/\/www.5zssumperk.cz\/wp-content\/uploads\/2021\/08\/1513.jpg'><img width=\"150\" height=\"150\" src=\"https:\/\/www.5zssumperk.cz\/wp-content\/uploads\/2021\/08\/1513-150x150.jpg\" class=\"attachment-thumbnail size-thumbnail\" alt=\"\" decoding=\"async\" loading=\"lazy\" srcset=\"https:\/\/www.5zssumperk.cz\/wp-content\/uploads\/2021\/08\/1513-150x150.jpg 150w, https:\/\/www.5zssumperk.cz\/wp-content\/uploads\/2021\/08\/1513-300x300.jpg 300w, https:\/\/www.5zssumperk.cz\/wp-content\/uploads\/2021\/08\/1513-1024x1024.jpg 1024w, https:\/\/www.5zssumperk.cz\/wp-content\/uploads\/2021\/08\/1513-1536x1536.jpg 1536w, https:\/\/www.5zssumperk.cz\/wp-content\/uploads\/2021\/08\/1513-2048x2048.jpg 2048w, https:\/\/www.5zssumperk.cz\/wp-content\/uploads\/2021\/08\/1513-100x100.jpg 100w\" sizes=\"(max-width: 150px) 100vw, 150px\" \/><\/a>\n\t\t\t<\/dt><\/dl><dl class='gallery-item'>\n\t\t\t<dt class='gallery-icon landscape'>\n\t\t\t\t<a  href='https:\/\/www.5zssumperk.cz\/wp-content\/uploads\/2021\/08\/716.jpg'><img width=\"150\" height=\"150\" src=\"https:\/\/www.5zssumperk.cz\/wp-content\/uploads\/2021\/08\/716-150x150.jpg\" class=\"attachment-thumbnail size-thumbnail\" alt=\"\" decoding=\"async\" loading=\"lazy\" srcset=\"https:\/\/www.5zssumperk.cz\/wp-content\/uploads\/2021\/08\/716-150x150.jpg 150w, https:\/\/www.5zssumperk.cz\/wp-content\/uploads\/2021\/08\/716-300x300.jpg 300w, https:\/\/www.5zssumperk.cz\/wp-content\/uploads\/2021\/08\/716-1024x1024.jpg 1024w, https:\/\/www.5zssumperk.cz\/wp-content\/uploads\/2021\/08\/716-1536x1536.jpg 1536w, https:\/\/www.5zssumperk.cz\/wp-content\/uploads\/2021\/08\/716-2048x2048.jpg 2048w, https:\/\/www.5zssumperk.cz\/wp-content\/uploads\/2021\/08\/716-100x100.jpg 100w\" sizes=\"(max-width: 150px) 100vw, 150px\" \/><\/a>\n\t\t\t<\/dt><\/dl><dl class='gallery-item'>\n\t\t\t<dt class='gallery-icon landscape'>\n\t\t\t\t<a  href='https:\/\/www.5zssumperk.cz\/wp-content\/uploads\/2021\/08\/717.jpg'><img width=\"150\" height=\"150\" src=\"https:\/\/www.5zssumperk.cz\/wp-content\/uploads\/2021\/08\/717-150x150.jpg\" class=\"attachment-thumbnail size-thumbnail\" alt=\"\" decoding=\"async\" loading=\"lazy\" srcset=\"https:\/\/www.5zssumperk.cz\/wp-content\/uploads\/2021\/08\/717-150x150.jpg 150w, https:\/\/www.5zssumperk.cz\/wp-content\/uploads\/2021\/08\/717-300x300.jpg 300w, https:\/\/www.5zssumperk.cz\/wp-content\/uploads\/2021\/08\/717-1024x1024.jpg 1024w, https:\/\/www.5zssumperk.cz\/wp-content\/uploads\/2021\/08\/717-1536x1536.jpg 1536w, https:\/\/www.5zssumperk.cz\/wp-content\/uploads\/2021\/08\/717-2048x2048.jpg 2048w, https:\/\/www.5zssumperk.cz\/wp-content\/uploads\/2021\/08\/717-100x100.jpg 100w\" sizes=\"(max-width: 150px) 100vw, 150px\" \/><\/a>\n\t\t\t<\/dt><\/dl><br style=\"clear: both\" \/>\n\t\t<\/div>\n\t\t<\/div>\n\t\t\t\t<\/div>\n\t\t\t\t<\/div>\n\t\t\t\t\t\t<\/div>\n\t\t\t\t\t<\/div>\n\t\t<\/div>\n\t\t\t\t\t\t\t\t<\/div>\n\t\t\t\t\t<\/div>\n\t\t<\/section>\n\t\t\t\t\t\t\t\t\t<\/div>\n\t\t\t<\/div>\n\t\t\t\t\t<\/div>\n\t\t","protected":false},"excerpt":{"rendered":"","protected":false},"author":1,"featured_media":0,"parent":0,"menu_order":0,"comment_status":"closed","ping_status":"closed","template":"","meta":[],"_links":{"self":[{"href":"https:\/\/www.5zssumperk.cz\/index.php\/wp-json\/wp\/v2\/pages\/7013"}],"collection":[{"href":"https:\/\/www.5zssumperk.cz\/index.php\/wp-json\/wp\/v2\/pages"}],"about":[{"href":"https:\/\/www.5zssumperk.cz\/index.php\/wp-json\/wp\/v2\/types\/page"}],"author":[{"embeddable":true,"href":"https:\/\/www.5zssumperk.cz\/index.php\/wp-json\/wp\/v2\/users\/1"}],"replies":[{"embeddable":true,"href":"https:\/\/www.5zssumperk.cz\/index.php\/wp-json\/wp\/v2\/comments?post=7013"}],"version-history":[{"count":52,"href":"https:\/\/www.5zssumperk.cz\/index.php\/wp-json\/wp\/v2\/pages\/7013\/revisions"}],"predecessor-version":[{"id":9218,"href":"https:\/\/www.5zssumperk.cz\/index.php\/wp-json\/wp\/v2\/pages\/7013\/revisions\/9218"}],"wp:attachment":[{"href":"https:\/\/www.5zssumperk.cz\/index.php\/wp-json\/wp\/v2\/media?parent=7013"}],"curies":[{"name":"wp","href":"https:\/\/api.w.org\/{rel}","templated":true}]}}