{"id":7635,"date":"2022-03-14T13:47:26","date_gmt":"2022-03-14T13:47:26","guid":{"rendered":"http:\/\/www.5zssumperk.cz.uvirt111.active24.cz\/?page_id=7635"},"modified":"2023-01-10T15:50:42","modified_gmt":"2023-01-10T15:50:42","slug":"uredni-deska","status":"publish","type":"page","link":"https:\/\/www.5zssumperk.cz\/index.php\/uredni-deska\/","title":{"rendered":"\u00da\u0159edn\u00ed deska"},"content":{"rendered":"\t\t<div data-elementor-type=\"wp-page\" data-elementor-id=\"7635\" class=\"elementor elementor-7635\">\n\t\t\t\t\t\t<div class=\"elementor-inner\">\n\t\t\t\t<div class=\"elementor-section-wrap\">\n\t\t\t\t\t\t\t\t\t<section class=\"elementor-section elementor-top-section elementor-element elementor-element-26d52bf elementor-section-boxed elementor-section-height-default elementor-section-height-default\" data-id=\"26d52bf\" data-element_type=\"section\">\n\t\t\t\t\t\t<div class=\"elementor-container elementor-column-gap-default\">\n\t\t\t\t\t\t\t<div class=\"elementor-row\">\n\t\t\t\t\t<div class=\"elementor-column elementor-col-100 elementor-top-column elementor-element elementor-element-8609ef6\" data-id=\"8609ef6\" data-element_type=\"column\">\n\t\t\t<div class=\"elementor-column-wrap elementor-element-populated\">\n\t\t\t\t\t\t\t<div class=\"elementor-widget-wrap\">\n\t\t\t\t\t\t<div class=\"elementor-element elementor-element-0565de9 elementor-widget elementor-widget-cws_message_box\" data-id=\"0565de9\" data-element_type=\"widget\" data-widget_type=\"cws_message_box.default\">\n\t\t\t\t<div class=\"elementor-widget-container\">\n\t\t\t<div class=\"cws_msg_box success-box clearfix\"><div class=\"icon_section\"><i class=\"fa fa-thumbs-up\"><\/i><\/div><div class=\"content_section\"><div class=\"msg_box_title\">Info<\/div><div class=\"msg_box_text\">D\u016fle\u017eit\u00e9 \u0161koln\u00ed dokumenty <\/div><\/div><\/div>\t\t<\/div>\n\t\t\t\t<\/div>\n\t\t\t\t\t\t<\/div>\n\t\t\t\t\t<\/div>\n\t\t<\/div>\n\t\t\t\t\t\t\t\t<\/div>\n\t\t\t\t\t<\/div>\n\t\t<\/section>\n\t\t\t\t<section class=\"elementor-section elementor-top-section elementor-element elementor-element-622db75 elementor-section-boxed elementor-section-height-default elementor-section-height-default\" data-id=\"622db75\" data-element_type=\"section\">\n\t\t\t\t\t\t<div class=\"elementor-container elementor-column-gap-default\">\n\t\t\t\t\t\t\t<div class=\"elementor-row\">\n\t\t\t\t\t<div class=\"elementor-column elementor-col-16 elementor-top-column elementor-element elementor-element-216c921\" data-id=\"216c921\" data-element_type=\"column\">\n\t\t\t<div class=\"elementor-column-wrap elementor-element-populated\">\n\t\t\t\t\t\t\t<div class=\"elementor-widget-wrap\">\n\t\t\t\t\t\t<div class=\"elementor-element elementor-element-4da2841 elementor-widget elementor-widget-cws_button\" data-id=\"4da2841\" data-element_type=\"widget\" data-widget_type=\"cws_button.default\">\n\t\t\t\t<div class=\"elementor-widget-container\">\n\t\t\t<a href=\"https:\/\/drive.google.com\/drive\/folders\/1nxgi58I6j33QdOusX57u9Y9XlG4-xj3h?usp=sharing\" target=\"_blank\" class=\"cws_button\">Z\u0159izovac\u00ed listina <\/a>\t\t<\/div>\n\t\t\t\t<\/div>\n\t\t\t\t\t\t<\/div>\n\t\t\t\t\t<\/div>\n\t\t<\/div>\n\t\t\t\t<div class=\"elementor-column elementor-col-16 elementor-top-column elementor-element elementor-element-141582a\" data-id=\"141582a\" data-element_type=\"column\">\n\t\t\t<div class=\"elementor-column-wrap elementor-element-populated\">\n\t\t\t\t\t\t\t<div class=\"elementor-widget-wrap\">\n\t\t\t\t\t\t<div class=\"elementor-element elementor-element-0c8adb0 elementor-widget elementor-widget-cws_button\" data-id=\"0c8adb0\" data-element_type=\"widget\" data-widget_type=\"cws_button.default\">\n\t\t\t\t<div class=\"elementor-widget-container\">\n\t\t\t<a href=\"https:\/\/drive.google.com\/drive\/folders\/1arxQU4bYFlOhkOrUIa9FfqnqwXe0Tzj2?usp=sharing\" target=\"_blank\" class=\"cws_button alt\"><span class=\"cws_button_inner\">V\u00fdro\u010dn\u00ed zpr\u00e1vy <\/span><\/a>\t\t<\/div>\n\t\t\t\t<\/div>\n\t\t\t\t\t\t<\/div>\n\t\t\t\t\t<\/div>\n\t\t<\/div>\n\t\t\t\t<div class=\"elementor-column elementor-col-16 elementor-top-column elementor-element elementor-element-2663082\" data-id=\"2663082\" data-element_type=\"column\">\n\t\t\t<div class=\"elementor-column-wrap elementor-element-populated\">\n\t\t\t\t\t\t\t<div class=\"elementor-widget-wrap\">\n\t\t\t\t\t\t<div class=\"elementor-element elementor-element-85d81a0 elementor-widget elementor-widget-cws_button\" data-id=\"85d81a0\" data-element_type=\"widget\" data-widget_type=\"cws_button.default\">\n\t\t\t\t<div class=\"elementor-widget-container\">\n\t\t\t<a href=\"https:\/\/drive.google.com\/drive\/folders\/1Ucj5hZPWu_w3zoCa1Cen9tlTOgJK8rHp?usp=sharing\" target=\"_blank\" class=\"cws_button\">\u0158\u00e1dy<\/a>\t\t<\/div>\n\t\t\t\t<\/div>\n\t\t\t\t\t\t<\/div>\n\t\t\t\t\t<\/div>\n\t\t<\/div>\n\t\t\t\t<div class=\"elementor-column elementor-col-16 elementor-top-column elementor-element elementor-element-1494d84\" data-id=\"1494d84\" data-element_type=\"column\">\n\t\t\t<div class=\"elementor-column-wrap elementor-element-populated\">\n\t\t\t\t\t\t\t<div class=\"elementor-widget-wrap\">\n\t\t\t\t\t\t<div class=\"elementor-element elementor-element-8bf5505 elementor-widget elementor-widget-cws_button\" data-id=\"8bf5505\" data-element_type=\"widget\" data-widget_type=\"cws_button.default\">\n\t\t\t\t<div class=\"elementor-widget-container\">\n\t\t\t<a href=\"https:\/\/drive.google.com\/drive\/folders\/1_NyZD24mMSrxhX8Mw0dLi_k5YZD2HqJI?usp=sharing\" target=\"_blank\" class=\"cws_button alt\"><span class=\"cws_button_inner\">\u0160VP<\/span><\/a>\t\t<\/div>\n\t\t\t\t<\/div>\n\t\t\t\t\t\t<\/div>\n\t\t\t\t\t<\/div>\n\t\t<\/div>\n\t\t\t\t<div class=\"elementor-column elementor-col-16 elementor-top-column elementor-element elementor-element-773f9e8\" data-id=\"773f9e8\" data-element_type=\"column\">\n\t\t\t<div class=\"elementor-column-wrap elementor-element-populated\">\n\t\t\t\t\t\t\t<div class=\"elementor-widget-wrap\">\n\t\t\t\t\t\t<div class=\"elementor-element elementor-element-645ab79 elementor-widget elementor-widget-cws_button\" data-id=\"645ab79\" data-element_type=\"widget\" data-widget_type=\"cws_button.default\">\n\t\t\t\t<div class=\"elementor-widget-container\">\n\t\t\t<a href=\"https:\/\/drive.google.com\/drive\/folders\/1xNb0zmbYGkxVGlTIOnl36NVHKAf8WL6E?usp=sharing\" target=\"_blank\" class=\"cws_button\">GDPR<\/a>\t\t<\/div>\n\t\t\t\t<\/div>\n\t\t\t\t\t\t<\/div>\n\t\t\t\t\t<\/div>\n\t\t<\/div>\n\t\t\t\t<div class=\"elementor-column elementor-col-16 elementor-top-column elementor-element elementor-element-fc9ddb3\" data-id=\"fc9ddb3\" data-element_type=\"column\">\n\t\t\t<div class=\"elementor-column-wrap elementor-element-populated\">\n\t\t\t\t\t\t\t<div class=\"elementor-widget-wrap\">\n\t\t\t\t\t\t<div class=\"elementor-element elementor-element-15700b7 elementor-widget elementor-widget-cws_button\" data-id=\"15700b7\" data-element_type=\"widget\" data-widget_type=\"cws_button.default\">\n\t\t\t\t<div class=\"elementor-widget-container\">\n\t\t\t<a href=\"https:\/\/drive.google.com\/drive\/folders\/1UQTNtjtJy3R_GS6jNYAjlO-p1dmlnAp1?usp=sharing\" target=\"_blank\" class=\"cws_button alt\"><span class=\"cws_button_inner\">ROZHODNUT\u00cd O P\u0158IJET\u00cd<\/span><\/a>\t\t<\/div>\n\t\t\t\t<\/div>\n\t\t\t\t\t\t<\/div>\n\t\t\t\t\t<\/div>\n\t\t<\/div>\n\t\t\t\t\t\t\t\t<\/div>\n\t\t\t\t\t<\/div>\n\t\t<\/section>\n\t\t\t\t\t\t\t\t\t<\/div>\n\t\t\t<\/div>\n\t\t\t\t\t<\/div>\n\t\t","protected":false},"excerpt":{"rendered":"","protected":false},"author":1,"featured_media":0,"parent":0,"menu_order":0,"comment_status":"closed","ping_status":"closed","template":"","meta":[],"_links":{"self":[{"href":"https:\/\/www.5zssumperk.cz\/index.php\/wp-json\/wp\/v2\/pages\/7635"}],"collection":[{"href":"https:\/\/www.5zssumperk.cz\/index.php\/wp-json\/wp\/v2\/pages"}],"about":[{"href":"https:\/\/www.5zssumperk.cz\/index.php\/wp-json\/wp\/v2\/types\/page"}],"author":[{"embeddable":true,"href":"https:\/\/www.5zssumperk.cz\/index.php\/wp-json\/wp\/v2\/users\/1"}],"replies":[{"embeddable":true,"href":"https:\/\/www.5zssumperk.cz\/index.php\/wp-json\/wp\/v2\/comments?post=7635"}],"version-history":[{"count":10,"href":"https:\/\/www.5zssumperk.cz\/index.php\/wp-json\/wp\/v2\/pages\/7635\/revisions"}],"predecessor-version":[{"id":8841,"href":"https:\/\/www.5zssumperk.cz\/index.php\/wp-json\/wp\/v2\/pages\/7635\/revisions\/8841"}],"wp:attachment":[{"href":"https:\/\/www.5zssumperk.cz\/index.php\/wp-json\/wp\/v2\/media?parent=7635"}],"curies":[{"name":"wp","href":"https:\/\/api.w.org\/{rel}","templated":true}]}}