{"id":8001,"date":"2022-10-02T16:07:30","date_gmt":"2022-10-02T16:07:30","guid":{"rendered":"http:\/\/www.5zssumperk.cz.uvirt111.active24.cz\/?page_id=8001"},"modified":"2022-10-02T16:56:06","modified_gmt":"2022-10-02T16:56:06","slug":"tridni-fotky-archiv","status":"publish","type":"page","link":"https:\/\/www.5zssumperk.cz\/index.php\/tridni-fotky-archiv\/","title":{"rendered":"T\u0159\u00eddn\u00ed fotky (archiv)"},"content":{"rendered":"","protected":false},"excerpt":{"rendered":"","protected":false},"author":1,"featured_media":0,"parent":0,"menu_order":0,"comment_status":"closed","ping_status":"closed","template":"","meta":[],"_links":{"self":[{"href":"https:\/\/www.5zssumperk.cz\/index.php\/wp-json\/wp\/v2\/pages\/8001"}],"collection":[{"href":"https:\/\/www.5zssumperk.cz\/index.php\/wp-json\/wp\/v2\/pages"}],"about":[{"href":"https:\/\/www.5zssumperk.cz\/index.php\/wp-json\/wp\/v2\/types\/page"}],"author":[{"embeddable":true,"href":"https:\/\/www.5zssumperk.cz\/index.php\/wp-json\/wp\/v2\/users\/1"}],"replies":[{"embeddable":true,"href":"https:\/\/www.5zssumperk.cz\/index.php\/wp-json\/wp\/v2\/comments?post=8001"}],"version-history":[{"count":1,"href":"https:\/\/www.5zssumperk.cz\/index.php\/wp-json\/wp\/v2\/pages\/8001\/revisions"}],"predecessor-version":[{"id":8002,"href":"https:\/\/www.5zssumperk.cz\/index.php\/wp-json\/wp\/v2\/pages\/8001\/revisions\/8002"}],"wp:attachment":[{"href":"https:\/\/www.5zssumperk.cz\/index.php\/wp-json\/wp\/v2\/media?parent=8001"}],"curies":[{"name":"wp","href":"https:\/\/api.w.org\/{rel}","templated":true}]}}