{"id":8595,"date":"2022-12-27T08:50:08","date_gmt":"2022-12-27T08:50:08","guid":{"rendered":"http:\/\/www.5zssumperk.cz.uvirt111.active24.cz\/?page_id=8595"},"modified":"2022-12-28T08:57:23","modified_gmt":"2022-12-28T08:57:23","slug":"skolni-specialni-pedagog","status":"publish","type":"page","link":"https:\/\/www.5zssumperk.cz\/index.php\/skolni-specialni-pedagog\/","title":{"rendered":"\u0160koln\u00ed speci\u00e1ln\u00ed pedagog"},"content":{"rendered":"\t\t<div data-elementor-type=\"wp-page\" data-elementor-id=\"8595\" class=\"elementor elementor-8595\">\n\t\t\t\t\t\t<div class=\"elementor-inner\">\n\t\t\t\t<div class=\"elementor-section-wrap\">\n\t\t\t\t\t\t\t\t\t<section class=\"elementor-section elementor-top-section elementor-element elementor-element-3323f0a elementor-section-boxed elementor-section-height-default elementor-section-height-default\" data-id=\"3323f0a\" data-element_type=\"section\">\n\t\t\t\t\t\t<div class=\"elementor-container elementor-column-gap-default\">\n\t\t\t\t\t\t\t<div class=\"elementor-row\">\n\t\t\t\t\t<div class=\"elementor-column elementor-col-100 elementor-top-column elementor-element elementor-element-5ae7b17\" data-id=\"5ae7b17\" data-element_type=\"column\">\n\t\t\t<div class=\"elementor-column-wrap elementor-element-populated\">\n\t\t\t\t\t\t\t<div class=\"elementor-widget-wrap\">\n\t\t\t\t\t\t<div class=\"elementor-element elementor-element-1d9c8e0 elementor-invisible elementor-widget elementor-widget-cws_heading\" data-id=\"1d9c8e0\" data-element_type=\"widget\" data-settings=\"{&quot;_animation&quot;:&quot;fadeInUp&quot;}\" data-widget_type=\"cws_heading.default\">\n\t\t\t\t<div class=\"elementor-widget-container\">\n\t\t\t<h3 class=\"ce_title heading\"><div>\u0160koln\u00ed speci\u00e1ln\u00ed pedagog <\/div><\/h3>\t\t<\/div>\n\t\t\t\t<\/div>\n\t\t\t\t<div class=\"elementor-element elementor-element-6329e67 elementor-invisible elementor-widget elementor-widget-cws_message_box\" data-id=\"6329e67\" data-element_type=\"widget\" data-settings=\"{&quot;_animation&quot;:&quot;fadeInUp&quot;}\" data-widget_type=\"cws_message_box.default\">\n\t\t\t\t<div class=\"elementor-widget-container\">\n\t\t\t<div class=\"cws_msg_box info-box clearfix\"><div class=\"icon_section\"><i class=\"fa fa-info\"><\/i><\/div><div class=\"content_section\"><div class=\"msg_box_title\">Zam\u011b\u0159en\u00ed<\/div><div class=\"msg_box_text\">vykon\u00e1v\u00e1 \u010dinnosti zam\u011b\u0159en\u00e9 na odbornou podporu \u017e\u00e1k\u016f se speci\u00e1ln\u00edmi vzd\u011bl\u00e1vac\u00edmi pot\u0159ebami a v\u0161ech ostatn\u00edch \u017e\u00e1k\u016f, kte\u0159\u00ed pot\u0159ebuj\u00ed speci\u00e1ln\u011b pedagogickou podporu.<\/div><\/div><\/div>\t\t<\/div>\n\t\t\t\t<\/div>\n\t\t\t\t<div class=\"elementor-element elementor-element-e1ee631 elementor-invisible elementor-widget elementor-widget-cws_accordion_toggle\" data-id=\"e1ee631\" data-element_type=\"widget\" data-settings=\"{&quot;_animation&quot;:&quot;fadeInUp&quot;}\" data-widget_type=\"cws_accordion_toggle.default\">\n\t\t\t\t<div class=\"elementor-widget-container\">\n\t\t\t\n        <div class=\"ce clearfix\">\n            <div class=\"cws_ce_content ce_accordion\">\n                <div class=\"accordion_section active\"><div class=\"accordion_title\"><i class=\"accordion_icon\"><\/i><span>Zam\u011b\u0159uje se  ...<\/span><\/div><div class=\"accordion_content\"><ul><li aria-level=\"1\"><span style=\"font-weight: 600;\">na prevenci \u0161koln\u00edho ne\u00fasp\u011bchu \u017e\u00e1k\u016f (veden\u00ed, n\u00e1prava)<\/span><\/li><\/ul><p>\u00a0<\/p><\/div><\/div><div class=\"accordion_section\"><div class=\"accordion_title\"><i class=\"accordion_icon\"><\/i><span>Spolupracuje ...<\/span><\/div><div class=\"accordion_content\" style=\"display: none;\"><ul><li style=\"font-weight: 400;\" aria-level=\"1\"><span style=\"font-weight: 600;\">na v\u010dasn\u00e9 identifikaci \u017e\u00e1k\u016f s v\u00fdukov\u00fdmi obt\u00ed\u017eemi a pom\u00e1h\u00e1 nal\u00e9zt vhodnou strategii pro prevenci v\u00fdukov\u00fdch obt\u00ed\u017e\u00ed.\u00a0<\/span><\/li><\/ul><\/div><\/div><div class=\"accordion_section\"><div class=\"accordion_title\"><i class=\"accordion_icon\"><\/i><span>Prov\u00e1d\u00ed depist\u00e1\u017en\u00ed \u010dinnosti ...<\/span><\/div><div class=\"accordion_content\" style=\"display: none;\"><ul><li style=\"font-weight: 400;\" aria-level=\"1\"><span style=\"font-weight: 600;\">vyhled\u00e1v\u00e1n\u00ed \u017e\u00e1k\u016f se speci\u00e1ln\u00edmi vzd\u011bl\u00e1vac\u00edmi pot\u0159ebami\u00a0<\/span><\/li><\/ul><p><span style=\"font-weight: 600;\">(do t\u00e9to skupiny pat\u0159\u00ed nejen \u017e\u00e1ci s v\u00fdukov\u00fdmi obt\u00ed\u017eemi, ale i \u017e\u00e1ci nadan\u00ed) a jejich za\u0159azen\u00ed do speci\u00e1ln\u011b pedagogick\u00e9 p\u00e9\u010de.\u00a0 <\/span><\/p><\/div><\/div><div class=\"accordion_section\"><div class=\"accordion_title\"><i class=\"accordion_icon\"><\/i><span>Realizuje ...<\/span><\/div><div class=\"accordion_content\" style=\"display: none;\"><p><span style=\"font-weight: 600;\">interven\u010dn\u00ed \u010dinnosti, tedy\u00a0 prov\u00e1d\u00ed a zaji\u0161\u0165uje kr\u00e1tkodob\u00e9 i dlouhodob\u00e9 individu\u00e1ln\u00ed pr\u00e1ce se \u017e\u00e1kem (spec. pedagogick\u00e9 vzd\u011bl\u00e1vac\u00ed \u010dinnosti, \u010dinnosti reeduka\u010dn\u00ed a stimula\u010dn\u00ed)<\/span><\/p><\/div><\/div><div class=\"accordion_section\"><div class=\"accordion_title\"><i class=\"accordion_icon\"><\/i><span>Pod\u00edl\u00ed se ...<\/span><\/div><div class=\"accordion_content\" style=\"display: none;\"><p><span style=\"font-weight: 600;\">na realizaci z\u00e1pisu \u017e\u00e1k\u016f do 1. ro\u010dn\u00edku a poskytuje metodickou pomoc u\u010ditel\u016fm.<\/span><\/p><\/div><\/div>            <\/div>\n        <\/div>\n        \t\t<\/div>\n\t\t\t\t<\/div>\n\t\t\t\t\t\t<\/div>\n\t\t\t\t\t<\/div>\n\t\t<\/div>\n\t\t\t\t\t\t\t\t<\/div>\n\t\t\t\t\t<\/div>\n\t\t<\/section>\n\t\t\t\t<section class=\"elementor-section elementor-top-section elementor-element elementor-element-74fc999 elementor-section-boxed elementor-section-height-default elementor-section-height-default\" data-id=\"74fc999\" data-element_type=\"section\">\n\t\t\t\t\t\t<div class=\"elementor-container elementor-column-gap-default\">\n\t\t\t\t\t\t\t<div class=\"elementor-row\">\n\t\t\t\t\t<div class=\"elementor-column elementor-col-100 elementor-top-column elementor-element elementor-element-425425a\" data-id=\"425425a\" data-element_type=\"column\">\n\t\t\t<div class=\"elementor-column-wrap elementor-element-populated\">\n\t\t\t\t\t\t\t<div class=\"elementor-widget-wrap\">\n\t\t\t\t\t\t<div class=\"elementor-element elementor-element-d3fc91a elementor-invisible elementor-widget elementor-widget-cws_testimonial\" data-id=\"d3fc91a\" data-element_type=\"widget\" data-settings=\"{&quot;_animation&quot;:&quot;fadeInUp&quot;}\" data-widget_type=\"cws_testimonial.default\">\n\t\t\t\t<div class=\"elementor-widget-container\">\n\t\t\t<div class=\"ce clearfix\"><div><div class=\"testimonial clearfix \"><div class=\"quote\">\u0160koln\u00ed speci\u00e1ln\u00ed pedagog rovn\u011b\u017e nab\u00edz\u00ed konzulta\u010dn\u00ed \u010dinnosti a individu\u00e1ln\u00ed pomoc  \u017e\u00e1k\u016fm, rodi\u010d\u016fm i pedagog\u016fm p\u0159i \u0159e\u0161en\u00ed v\u00fdukov\u00fdch probl\u00e9m\u016f.\nPokud c\u00edt\u00edte, \u017ee va\u0161e d\u00edt\u011b m\u00e1 v\u00fdukov\u00e9 obt\u00ed\u017ee, neda\u0159\u00ed se mu, nev\u00edte, jak mu pomoci, nev\u00e1hejte n\u00e1s kontaktovat. Spolupr\u00e1ce \u0161koly a rodi\u010d\u016f p\u0159i vzd\u011bl\u00e1v\u00e1n\u00ed d\u00edt\u011bte z\u00e1sadn\u00edm zp\u016fsobem ovliv\u0148uje jeho \u0161koln\u00ed \u00fasp\u011b\u0161nost. \nObr\u00e1tit se na n\u00e1s mohou i sami \u017e\u00e1ci, kte\u0159\u00ed si nev\u00ed rady s p\u0159\u00edpravou na \u0161kolu, kte\u0159\u00ed c\u00edt\u00ed, \n\u017ee i p\u0159es snahu nedosahuj\u00ed uspokojuj\u00edc\u00edch v\u00fdsledk\u016f, nebo je tr\u00e1p\u00ed jin\u00fd \u0161koln\u00ed probl\u00e9m.\nJe samoz\u0159ejmost\u00ed, \u017ee informace a data o \u017e\u00e1c\u00edch a jejich rodi\u010d\u00edch jsou d\u016fv\u011brn\u00e1.\n<\/div><figure class='author'><div class='dott'><span>.<\/span><span>.<\/span><span>.<\/span><\/div><img  src='https:\/\/www.5zssumperk.cz\/wp-content\/uploads\/bfi_thumb\/1-1-3goebk6d9n4bj56strjeoa.jpg' data-at2x='https:\/\/www.5zssumperk.cz\/wp-content\/uploads\/bfi_thumb\/1-1-3goebk6d9n4bj56strjeoa@2x.jpg' alt \/><figcaption>\u0160koln\u00ed speci\u00e1ln\u00ed pedagog<\/figcaption><\/figure><\/div><\/div><\/div>\t\t<\/div>\n\t\t\t\t<\/div>\n\t\t\t\t<div class=\"elementor-element elementor-element-bc7dd7f elementor-invisible elementor-widget elementor-widget-cws_message_box\" data-id=\"bc7dd7f\" data-element_type=\"widget\" data-settings=\"{&quot;_animation&quot;:&quot;fadeInUp&quot;}\" data-widget_type=\"cws_message_box.default\">\n\t\t\t\t<div class=\"elementor-widget-container\">\n\t\t\t<div class=\"cws_msg_box success-box clearfix\"><div class=\"icon_section\"><i class=\"fa fa-thumbs-up\"><\/i><\/div><div class=\"content_section\"><div class=\"msg_box_title\">Term\u00edn konzultace<\/div><div class=\"msg_box_text\"> je vhodn\u00e9 p\u0159edem dohodnout osobn\u011b, telefonicky nebo prost\u0159ednictv\u00edm e-mailu:  <\/div><\/div><\/div>\t\t<\/div>\n\t\t\t\t<\/div>\n\t\t\t\t<div class=\"elementor-element elementor-element-f766e32 elementor-invisible elementor-widget elementor-widget-cws_button\" data-id=\"f766e32\" data-element_type=\"widget\" data-settings=\"{&quot;_animation&quot;:&quot;fadeInUp&quot;}\" data-widget_type=\"cws_button.default\">\n\t\t\t\t<div class=\"elementor-widget-container\">\n\t\t\t<a href=\"pavlu.jirina@5zssumperk.cz\" class=\"cws_button xlarge alt\"><span class=\"cws_button_inner\">pavlu.jirina@5zssumperk.cz<\/span><\/a>\t\t<\/div>\n\t\t\t\t<\/div>\n\t\t\t\t<div class=\"elementor-element elementor-element-152180b elementor-invisible elementor-widget elementor-widget-cws_button\" data-id=\"152180b\" data-element_type=\"widget\" data-settings=\"{&quot;_animation&quot;:&quot;fadeInUp&quot;}\" data-widget_type=\"cws_button.default\">\n\t\t\t\t<div class=\"elementor-widget-container\">\n\t\t\t<a href=\"pospisilova.michaela@5zssumperk.cz\" class=\"cws_button xlarge\">pospisilova.michaela@5zssumperk.cz<\/a>\t\t<\/div>\n\t\t\t\t<\/div>\n\t\t\t\t<div class=\"elementor-element elementor-element-5a7fb5b elementor-invisible elementor-widget elementor-widget-cws_testimonial\" data-id=\"5a7fb5b\" data-element_type=\"widget\" data-settings=\"{&quot;_animation&quot;:&quot;fadeInUp&quot;}\" data-widget_type=\"cws_testimonial.default\">\n\t\t\t\t<div class=\"elementor-widget-container\">\n\t\t\t<div class=\"ce clearfix\"><div><div class=\"testimonial clearfix \"><div class=\"quote\">Na internetov\u00e9 n\u00e1st\u011bnce, kterou pro v\u00e1s za\u010d\u00edn\u00e1me tvo\u0159it, \nbudete moci sledovat tipy a rady pro rozvoj u\u010debn\u00edch dovednost\u00ed d\u011bt\u00ed, \npro \u0159e\u0161en\u00ed v\u00fdukov\u00fdch probl\u00e9m\u016f, odkazy na zaj\u00edmav\u00e9 internetov\u00e9 \u010dl\u00e1nky, \nknihy a mnoho dal\u0161\u00edho:   \n<\/div><figure class='author'><div class='dott'><span>.<\/span><span>.<\/span><span>.<\/span><\/div><img  src='https:\/\/www.5zssumperk.cz\/wp-content\/uploads\/bfi_thumb\/5_b_23-Kopirovat-3gjaby9q1iccni7mv2brwq.jpg' data-at2x='https:\/\/www.5zssumperk.cz\/wp-content\/uploads\/bfi_thumb\/5_b_23-Kopirovat-3gjaby9q1iccni7mv2brwq@2x.jpg' alt \/><figcaption>Nast\u011bnka<\/figcaption><\/figure><\/div><\/div><\/div>\t\t<\/div>\n\t\t\t\t<\/div>\n\t\t\t\t<div class=\"elementor-element elementor-element-6523285 elementor-invisible elementor-widget elementor-widget-cws_button\" data-id=\"6523285\" data-element_type=\"widget\" data-settings=\"{&quot;_animation&quot;:&quot;fadeInUp&quot;}\" data-widget_type=\"cws_button.default\">\n\t\t\t\t<div class=\"elementor-widget-container\">\n\t\t\t<a href=\"https:\/\/padlet.com\/pavlujirina\/9dcewtavd0pg9cji \" class=\"cws_button large alt\"><span class=\"cws_button_inner\">Padlet<\/span><\/a>\t\t<\/div>\n\t\t\t\t<\/div>\n\t\t\t\t\t\t<\/div>\n\t\t\t\t\t<\/div>\n\t\t<\/div>\n\t\t\t\t\t\t\t\t<\/div>\n\t\t\t\t\t<\/div>\n\t\t<\/section>\n\t\t\t\t\t\t\t\t\t<\/div>\n\t\t\t<\/div>\n\t\t\t\t\t<\/div>\n\t\t","protected":false},"excerpt":{"rendered":"","protected":false},"author":1,"featured_media":0,"parent":0,"menu_order":0,"comment_status":"closed","ping_status":"closed","template":"","meta":[],"_links":{"self":[{"href":"https:\/\/www.5zssumperk.cz\/index.php\/wp-json\/wp\/v2\/pages\/8595"}],"collection":[{"href":"https:\/\/www.5zssumperk.cz\/index.php\/wp-json\/wp\/v2\/pages"}],"about":[{"href":"https:\/\/www.5zssumperk.cz\/index.php\/wp-json\/wp\/v2\/types\/page"}],"author":[{"embeddable":true,"href":"https:\/\/www.5zssumperk.cz\/index.php\/wp-json\/wp\/v2\/users\/1"}],"replies":[{"embeddable":true,"href":"https:\/\/www.5zssumperk.cz\/index.php\/wp-json\/wp\/v2\/comments?post=8595"}],"version-history":[{"count":7,"href":"https:\/\/www.5zssumperk.cz\/index.php\/wp-json\/wp\/v2\/pages\/8595\/revisions"}],"predecessor-version":[{"id":8633,"href":"https:\/\/www.5zssumperk.cz\/index.php\/wp-json\/wp\/v2\/pages\/8595\/revisions\/8633"}],"wp:attachment":[{"href":"https:\/\/www.5zssumperk.cz\/index.php\/wp-json\/wp\/v2\/media?parent=8595"}],"curies":[{"name":"wp","href":"https:\/\/api.w.org\/{rel}","templated":true}]}}