{"id":8600,"date":"2022-12-27T08:53:51","date_gmt":"2022-12-27T08:53:51","guid":{"rendered":"http:\/\/www.5zssumperk.cz.uvirt111.active24.cz\/?page_id=8600"},"modified":"2025-09-10T12:35:25","modified_gmt":"2025-09-10T12:35:25","slug":"skolni-psycholog-mgr-hana-bohacova","status":"publish","type":"page","link":"https:\/\/www.5zssumperk.cz\/index.php\/skolni-psycholog-mgr-hana-bohacova\/","title":{"rendered":"\u0160koln\u00ed psycholog"},"content":{"rendered":"\t\t<div data-elementor-type=\"wp-page\" data-elementor-id=\"8600\" class=\"elementor elementor-8600\">\n\t\t\t\t\t\t<div class=\"elementor-inner\">\n\t\t\t\t<div class=\"elementor-section-wrap\">\n\t\t\t\t\t\t\t\t\t<section class=\"elementor-section elementor-top-section elementor-element elementor-element-2f27d4c elementor-section-boxed elementor-section-height-default elementor-section-height-default\" data-id=\"2f27d4c\" data-element_type=\"section\">\n\t\t\t\t\t\t<div class=\"elementor-container elementor-column-gap-default\">\n\t\t\t\t\t\t\t<div class=\"elementor-row\">\n\t\t\t\t\t<div class=\"elementor-column elementor-col-100 elementor-top-column elementor-element elementor-element-fd23db8\" data-id=\"fd23db8\" data-element_type=\"column\">\n\t\t\t<div class=\"elementor-column-wrap elementor-element-populated\">\n\t\t\t\t\t\t\t<div class=\"elementor-widget-wrap\">\n\t\t\t\t\t\t<div class=\"elementor-element elementor-element-8cced2b elementor-invisible elementor-widget elementor-widget-cws_heading\" data-id=\"8cced2b\" data-element_type=\"widget\" data-settings=\"{&quot;_animation&quot;:&quot;fadeInUp&quot;}\" data-widget_type=\"cws_heading.default\">\n\t\t\t\t<div class=\"elementor-widget-container\">\n\t\t\t<h3 class=\"ce_title heading\"><div>\u0160koln\u00ed psycholog<\/div><\/h3>\t\t<\/div>\n\t\t\t\t<\/div>\n\t\t\t\t<div class=\"elementor-element elementor-element-44add38 elementor-invisible elementor-widget elementor-widget-cws_message_box\" data-id=\"44add38\" data-element_type=\"widget\" data-settings=\"{&quot;_animation&quot;:&quot;fadeInUp&quot;}\" data-widget_type=\"cws_message_box.default\">\n\t\t\t\t<div class=\"elementor-widget-container\">\n\t\t\t<div class=\"cws_msg_box info-box clearfix\"><div class=\"icon_section\"><i class=\"fa fa-info\"><\/i><\/div><div class=\"content_section\"><div class=\"msg_box_title\">\u0160koln\u00ed psycholog<\/div><div class=\"msg_box_text\">\u0160koln\u00ed psycholog pom\u00e1h\u00e1 \u017e\u00e1k\u016fm, jejich rodi\u010d\u016fm i pedagog\u016fm s\u00a0v\u00fdchovn\u00fdmi, v\u00fdukov\u00fdmi a vztahov\u00fdmi\n\npot\u00ed\u017eemi.<\/div><\/div><\/div>\t\t<\/div>\n\t\t\t\t<\/div>\n\t\t\t\t<div class=\"elementor-element elementor-element-4b41acb elementor-widget elementor-widget-cws_callout\" data-id=\"4b41acb\" data-element_type=\"widget\" data-widget_type=\"cws_callout.default\">\n\t\t\t\t<div class=\"elementor-widget-container\">\n\t\t\t<div class=\"ce clearfix\"><div class=\"cws_callout\"><div class=\"content_section\"><div class=\"callout_title\"><div class=\"bees bees-end\"><span><\/span><\/div>Internetov\u00e1 n\u00e1st\u011bnka \u0161koln\u00edho psychologa<\/div><div class=\"separate\"><\/div><div class=\"callout_text\"><p>KIKOT Natalia (kikot.natalia@5zssumperk.cz)<\/p><\/div><\/div><div class=\"button_section\"><a href=\"https:\/\/padlet.com\/hrubahana\/w6902afoq7cya482\" class=\"cws_button xlarge\" target=\"_blank\">Vstup<div class=\"button-shadow\"><\/div><\/a><\/div><\/div><\/div>\t\t<\/div>\n\t\t\t\t<\/div>\n\t\t\t\t<div class=\"elementor-element elementor-element-4e55e60 elementor-widget elementor-widget-spacer\" data-id=\"4e55e60\" data-element_type=\"widget\" data-widget_type=\"spacer.default\">\n\t\t\t\t<div class=\"elementor-widget-container\">\n\t\t\t<style>\/*! elementor - v3.8.1 - 13-11-2022 *\/\n.elementor-column .elementor-spacer-inner{height:var(--spacer-size)}.e-con{--container-widget-width:100%}.e-con-inner>.elementor-widget-spacer,.e-con>.elementor-widget-spacer{width:var(--container-widget-width,var(--spacer-size));-ms-flex-item-align:stretch;align-self:stretch;-ms-flex-negative:0;flex-shrink:0}.e-con-inner>.elementor-widget-spacer>.elementor-widget-container,.e-con-inner>.elementor-widget-spacer>.elementor-widget-container>.elementor-spacer,.e-con>.elementor-widget-spacer>.elementor-widget-container,.e-con>.elementor-widget-spacer>.elementor-widget-container>.elementor-spacer{height:100%}.e-con-inner>.elementor-widget-spacer>.elementor-widget-container>.elementor-spacer>.elementor-spacer-inner,.e-con>.elementor-widget-spacer>.elementor-widget-container>.elementor-spacer>.elementor-spacer-inner{height:var(--container-widget-height,var(--spacer-size))}<\/style>\t\t<div class=\"elementor-spacer\">\n\t\t\t<div class=\"elementor-spacer-inner\"><\/div>\n\t\t<\/div>\n\t\t\t\t<\/div>\n\t\t\t\t<\/div>\n\t\t\t\t<div class=\"elementor-element elementor-element-ff52d49 elementor-invisible elementor-widget elementor-widget-text-editor\" data-id=\"ff52d49\" data-element_type=\"widget\" data-settings=\"{&quot;_animation&quot;:&quot;fadeInUp&quot;}\" data-widget_type=\"text-editor.default\">\n\t\t\t\t<div class=\"elementor-widget-container\">\n\t\t\t<style>\/*! elementor - v3.8.1 - 13-11-2022 *\/\n.elementor-widget-text-editor.elementor-drop-cap-view-stacked .elementor-drop-cap{background-color:#818a91;color:#fff}.elementor-widget-text-editor.elementor-drop-cap-view-framed .elementor-drop-cap{color:#818a91;border:3px solid;background-color:transparent}.elementor-widget-text-editor:not(.elementor-drop-cap-view-default) .elementor-drop-cap{margin-top:8px}.elementor-widget-text-editor:not(.elementor-drop-cap-view-default) .elementor-drop-cap-letter{width:1em;height:1em}.elementor-widget-text-editor .elementor-drop-cap{float:left;text-align:center;line-height:1;font-size:50px}.elementor-widget-text-editor .elementor-drop-cap-letter{display:inline-block}<\/style>\t\t\t\t\t<div class=\"elementor-text-editor elementor-clearfix\">\n\t\t\t\t<p><span style=\"background-color: #ff6600; color: #ffffff;\">P\u016fsob\u00edm na na\u0161\u00ed \u0161kole jako \u0161koln\u00ed psycholo\u017eka<\/span><\/p>\n<p>Nab\u00edz\u00edm podporu, pomoc, konzultace i neform\u00e1ln\u00ed posezen\u00ed nad Va\u0161imi t\u00e9maty.<\/p>\n<p>Jsem tu pro V\u00e1s, Va\u0161e d\u011bti i u\u010ditele Va\u0161ich d\u011bt\u00ed.<\/p>\t\t\t\t\t<\/div>\n\t\t\t\t\t\t<\/div>\n\t\t\t\t<\/div>\n\t\t\t\t<div class=\"elementor-element elementor-element-320523b elementor-widget elementor-widget-spacer\" data-id=\"320523b\" data-element_type=\"widget\" data-widget_type=\"spacer.default\">\n\t\t\t\t<div class=\"elementor-widget-container\">\n\t\t\t\t\t<div class=\"elementor-spacer\">\n\t\t\t<div class=\"elementor-spacer-inner\"><\/div>\n\t\t<\/div>\n\t\t\t\t<\/div>\n\t\t\t\t<\/div>\n\t\t\t\t<div class=\"elementor-element elementor-element-b072b21 elementor-widget elementor-widget-cws_message_box\" data-id=\"b072b21\" data-element_type=\"widget\" data-widget_type=\"cws_message_box.default\">\n\t\t\t\t<div class=\"elementor-widget-container\">\n\t\t\t<div class=\"cws_msg_box success-box clearfix\"><div class=\"icon_section\"><i class=\"fa fa-thumbs-up\"><\/i><\/div><div class=\"content_section\"><div class=\"msg_box_title\">Ml\u010denlivost<\/div><div class=\"msg_box_text\">\u0160koln\u00ed psycholo\u017eka je v\u00e1zan\u00e1 ml\u010denlivost\u00ed, proto by se informace, kter\u00e9 z\u00edsk\u00e1 psychologickou prac\u00ed,\nnem\u011bly dostat bez souhlasu z\u00e1konn\u00e9ho z\u00e1stupce k\u00a0jak\u00e9koliv jin\u00e9 osob\u011b (pokud j\u00ed rodi\u010d k\u00a0tomu nedal\nsouhlas). To se nevztahuje na informace podl\u00e9haj\u00edc\u00ed oznamovac\u00ed povinnosti. \u00a0S citliv\u00fdmi \u00fadaji zach\u00e1z\u00ed\nv souladu se z\u00e1konem \u010d. 101\/2000 Sb. o ochran\u011b osobn\u00edch \u00fadaj\u016f ve zn\u011bn\u00ed pozd\u011bj\u0161\u00edch p\u0159edpis\u016f.<\/div><\/div><\/div>\t\t<\/div>\n\t\t\t\t<\/div>\n\t\t\t\t\t\t<\/div>\n\t\t\t\t\t<\/div>\n\t\t<\/div>\n\t\t\t\t\t\t\t\t<\/div>\n\t\t\t\t\t<\/div>\n\t\t<\/section>\n\t\t\t\t<section class=\"elementor-section elementor-top-section elementor-element elementor-element-062c8ff elementor-section-boxed elementor-section-height-default elementor-section-height-default\" data-id=\"062c8ff\" data-element_type=\"section\">\n\t\t\t\t\t\t<div class=\"elementor-container elementor-column-gap-default\">\n\t\t\t\t\t\t\t<div class=\"elementor-row\">\n\t\t\t\t\t<div class=\"elementor-column elementor-col-100 elementor-top-column elementor-element elementor-element-2b34af6\" data-id=\"2b34af6\" data-element_type=\"column\">\n\t\t\t<div class=\"elementor-column-wrap elementor-element-populated\">\n\t\t\t\t\t\t\t<div class=\"elementor-widget-wrap\">\n\t\t\t\t\t\t<div class=\"elementor-element elementor-element-d428541 elementor-widget elementor-widget-cws_accordion_toggle\" data-id=\"d428541\" data-element_type=\"widget\" data-widget_type=\"cws_accordion_toggle.default\">\n\t\t\t\t<div class=\"elementor-widget-container\">\n\t\t\t\n        <div class=\"ce clearfix\">\n            <div class=\"cws_ce_content ce_accordion\">\n                <div class=\"accordion_section active\"><div class=\"accordion_title\"><i class=\"accordion_icon\"><\/i><span>\u0160koln\u00ed etoped<\/span><\/div><div class=\"accordion_content\"><p>Kontakt: +420 722 972 656<\/p><\/div><\/div>            <\/div>\n        <\/div>\n        \t\t<\/div>\n\t\t\t\t<\/div>\n\t\t\t\t\t\t<\/div>\n\t\t\t\t\t<\/div>\n\t\t<\/div>\n\t\t\t\t\t\t\t\t<\/div>\n\t\t\t\t\t<\/div>\n\t\t<\/section>\n\t\t\t\t<section class=\"elementor-section elementor-top-section elementor-element elementor-element-a68389f elementor-section-boxed elementor-section-height-default elementor-section-height-default elementor-invisible\" data-id=\"a68389f\" data-element_type=\"section\" data-settings=\"{&quot;animation&quot;:&quot;fadeInUp&quot;}\">\n\t\t\t\t\t\t<div class=\"elementor-container elementor-column-gap-default\">\n\t\t\t\t\t\t\t<div class=\"elementor-row\">\n\t\t\t\t\t<div class=\"elementor-column elementor-col-100 elementor-top-column elementor-element elementor-element-77756dd\" data-id=\"77756dd\" data-element_type=\"column\">\n\t\t\t<div class=\"elementor-column-wrap elementor-element-populated\">\n\t\t\t\t\t\t\t<div class=\"elementor-widget-wrap\">\n\t\t\t\t\t\t<div class=\"elementor-element elementor-element-4e859f3 elementor-widget elementor-widget-cws_heading\" data-id=\"4e859f3\" data-element_type=\"widget\" data-widget_type=\"cws_heading.default\">\n\t\t\t\t<div class=\"elementor-widget-container\">\n\t\t\t<h3 class=\"ce_title heading\"><div>Pracovn\u00ed doba pro \u017e\u00e1ky<\/div><\/h3>\t\t<\/div>\n\t\t\t\t<\/div>\n\t\t\t\t<div class=\"elementor-element elementor-element-631139b elementor-widget elementor-widget-cws_accordion_toggle\" data-id=\"631139b\" data-element_type=\"widget\" data-widget_type=\"cws_accordion_toggle.default\">\n\t\t\t\t<div class=\"elementor-widget-container\">\n\t\t\t\n        <div class=\"ce clearfix\">\n            <div class=\"cws_ce_content ce_toggle alt\">\n                <div class=\"accordion_section active\"><div class=\"accordion_title\"><i class=\"accordion_icon\"><\/i><span>Pond\u011bl\u00ed - P\u00e1tek<\/span><\/div><div class=\"accordion_content\"><h3 dir=\"ltr\">8:00 hod. - 15:30 hod.<\/h3><\/div><\/div>            <\/div>\n        <\/div>\n        \t\t<\/div>\n\t\t\t\t<\/div>\n\t\t\t\t<div class=\"elementor-element elementor-element-d99b282 elementor-widget elementor-widget-cws_message_box\" data-id=\"d99b282\" data-element_type=\"widget\" data-widget_type=\"cws_message_box.default\">\n\t\t\t\t<div class=\"elementor-widget-container\">\n\t\t\t<div class=\"cws_msg_box info-box clearfix\"><div class=\"icon_section\"><i class=\"fa fa-info\"><\/i><\/div><div class=\"content_section\"><div class=\"msg_box_title\">\u00da\u010dast na pracovi\u0161ti<\/div><div class=\"msg_box_text\">\u0160koln\u00ed psycholo\u017eka je d\u011btem k\u00a0dispozici ka\u017ed\u00fd v\u0161edn\u00ed den. Rodi\u010de pros\u00ed o p\u0159edchoz\u00ed telefonickou \u010di\n\nemailovou domluvu.<\/div><\/div><\/div>\t\t<\/div>\n\t\t\t\t<\/div>\n\t\t\t\t\t\t<\/div>\n\t\t\t\t\t<\/div>\n\t\t<\/div>\n\t\t\t\t\t\t\t\t<\/div>\n\t\t\t\t\t<\/div>\n\t\t<\/section>\n\t\t\t\t\t\t\t\t\t<\/div>\n\t\t\t<\/div>\n\t\t\t\t\t<\/div>\n\t\t","protected":false},"excerpt":{"rendered":"<p>P\u016fsob\u00edm na na\u0161\u00ed \u0161kole jako \u0161koln\u00ed psycholo\u017eka Nab\u00edz\u00edm podporu, pomoc, konzultace i neform\u00e1ln\u00ed posezen\u00ed nad Va\u0161imi t\u00e9maty. Jsem tu pro V\u00e1s, Va\u0161e d\u011bti i u\u010ditele Va\u0161ich d\u011bt\u00ed.<\/p>\n","protected":false},"author":1,"featured_media":0,"parent":0,"menu_order":0,"comment_status":"closed","ping_status":"closed","template":"","meta":[],"_links":{"self":[{"href":"https:\/\/www.5zssumperk.cz\/index.php\/wp-json\/wp\/v2\/pages\/8600"}],"collection":[{"href":"https:\/\/www.5zssumperk.cz\/index.php\/wp-json\/wp\/v2\/pages"}],"about":[{"href":"https:\/\/www.5zssumperk.cz\/index.php\/wp-json\/wp\/v2\/types\/page"}],"author":[{"embeddable":true,"href":"https:\/\/www.5zssumperk.cz\/index.php\/wp-json\/wp\/v2\/users\/1"}],"replies":[{"embeddable":true,"href":"https:\/\/www.5zssumperk.cz\/index.php\/wp-json\/wp\/v2\/comments?post=8600"}],"version-history":[{"count":41,"href":"https:\/\/www.5zssumperk.cz\/index.php\/wp-json\/wp\/v2\/pages\/8600\/revisions"}],"predecessor-version":[{"id":10824,"href":"https:\/\/www.5zssumperk.cz\/index.php\/wp-json\/wp\/v2\/pages\/8600\/revisions\/10824"}],"wp:attachment":[{"href":"https:\/\/www.5zssumperk.cz\/index.php\/wp-json\/wp\/v2\/media?parent=8600"}],"curies":[{"name":"wp","href":"https:\/\/api.w.org\/{rel}","templated":true}]}}