{"id":9665,"date":"2023-11-02T08:49:19","date_gmt":"2023-11-02T08:49:19","guid":{"rendered":"https:\/\/www.5zssumperk.cz\/?page_id=9665"},"modified":"2023-11-02T08:53:39","modified_gmt":"2023-11-02T08:53:39","slug":"erasmus-akreditace-ka121-sch000123437","status":"publish","type":"page","link":"https:\/\/www.5zssumperk.cz\/index.php\/erasmus-akreditace-ka121-sch000123437\/","title":{"rendered":"Erasmus+ Akreditace (KA121-SCH000123437)"},"content":{"rendered":"\t\t<div data-elementor-type=\"wp-page\" data-elementor-id=\"9665\" class=\"elementor elementor-9665\">\n\t\t\t\t\t\t<div class=\"elementor-inner\">\n\t\t\t\t<div class=\"elementor-section-wrap\">\n\t\t\t\t\t\t\t\t\t<section class=\"elementor-section elementor-top-section elementor-element elementor-element-fb77f29 elementor-section-boxed elementor-section-height-default elementor-section-height-default\" data-id=\"fb77f29\" data-element_type=\"section\">\n\t\t\t\t\t\t<div class=\"elementor-container elementor-column-gap-default\">\n\t\t\t\t\t\t\t<div class=\"elementor-row\">\n\t\t\t\t\t<div class=\"elementor-column elementor-col-100 elementor-top-column elementor-element elementor-element-2251e3a\" data-id=\"2251e3a\" data-element_type=\"column\">\n\t\t\t<div class=\"elementor-column-wrap elementor-element-populated\">\n\t\t\t\t\t\t\t<div class=\"elementor-widget-wrap\">\n\t\t\t\t\t\t<div class=\"elementor-element elementor-element-7b00c73 elementor-widget elementor-widget-cws_callout\" data-id=\"7b00c73\" data-element_type=\"widget\" data-widget_type=\"cws_callout.default\">\n\t\t\t\t<div class=\"elementor-widget-container\">\n\t\t\t<div class=\"ce clearfix\"><div class=\"cws_callout\"><div class=\"content_section\"><div class=\"callout_title\"><div class=\"bees bees-end\"><span><\/span><\/div>Mobilita Wroclaw - \u0159\u00edjen 2023 <\/div><div class=\"separate\"><\/div><div class=\"callout_text\"><p>skupinov\u00e1 mobilita 11 \u017e\u00e1k\u016f ze \u0161est\u00fdch t\u0159\u00edd a dvou u\u010ditel\u016f jako doprovodu<\/p><\/div><\/div><div class=\"button_section\"><a href=\"https:\/\/docs.google.com\/presentation\/d\/1zMIswh_4EdNM0QYRm3YQRqfSuEEnd50gqHXyezQ3szo\/edit?usp=sharing\" class=\"cws_button xlarge\" target=\"_blank\">Prezentace zde<div class=\"button-shadow\"><\/div><\/a><\/div><\/div><\/div>\t\t<\/div>\n\t\t\t\t<\/div>\n\t\t\t\t\t\t<\/div>\n\t\t\t\t\t<\/div>\n\t\t<\/div>\n\t\t\t\t\t\t\t\t<\/div>\n\t\t\t\t\t<\/div>\n\t\t<\/section>\n\t\t\t\t\t\t\t\t\t<\/div>\n\t\t\t<\/div>\n\t\t\t\t\t<\/div>\n\t\t","protected":false},"excerpt":{"rendered":"","protected":false},"author":1,"featured_media":0,"parent":0,"menu_order":0,"comment_status":"closed","ping_status":"closed","template":"","meta":[],"_links":{"self":[{"href":"https:\/\/www.5zssumperk.cz\/index.php\/wp-json\/wp\/v2\/pages\/9665"}],"collection":[{"href":"https:\/\/www.5zssumperk.cz\/index.php\/wp-json\/wp\/v2\/pages"}],"about":[{"href":"https:\/\/www.5zssumperk.cz\/index.php\/wp-json\/wp\/v2\/types\/page"}],"author":[{"embeddable":true,"href":"https:\/\/www.5zssumperk.cz\/index.php\/wp-json\/wp\/v2\/users\/1"}],"replies":[{"embeddable":true,"href":"https:\/\/www.5zssumperk.cz\/index.php\/wp-json\/wp\/v2\/comments?post=9665"}],"version-history":[{"count":4,"href":"https:\/\/www.5zssumperk.cz\/index.php\/wp-json\/wp\/v2\/pages\/9665\/revisions"}],"predecessor-version":[{"id":9673,"href":"https:\/\/www.5zssumperk.cz\/index.php\/wp-json\/wp\/v2\/pages\/9665\/revisions\/9673"}],"wp:attachment":[{"href":"https:\/\/www.5zssumperk.cz\/index.php\/wp-json\/wp\/v2\/media?parent=9665"}],"curies":[{"name":"wp","href":"https:\/\/api.w.org\/{rel}","templated":true}]}}